{"id":7379,"date":"2021-03-31T09:59:45","date_gmt":"2021-03-31T07:59:45","guid":{"rendered":"https:\/\/www.futura-woodmac.com\/moulurieres\/"},"modified":"2024-11-13T09:36:31","modified_gmt":"2024-11-13T08:36:31","slug":"moulurieres-bois","status":"publish","type":"page","link":"https:\/\/www.futura-woodmac.com\/fr\/moulurieres-bois\/","title":{"rendered":"Mouluri\u00e8res"},"content":{"rendered":"<section class=\"av_textblock_section \"  itemscope=\"itemscope\" itemtype=\"https:\/\/schema.org\/CreativeWork\" ><div class='avia_textblock  '   itemprop=\"text\" ><h1>MOULURI\u00c8RES<\/h1>\n<h2 style=\"font-size: medium;\">Mouluri\u00e8res pour menuiserie et industrie du bois<\/h2>\n<\/div><\/section>\n<div class=\"flex_column av_one_full  flex_column_div av-zero-column-padding first  avia-builder-el-1  el_after_av_textblock  el_before_av_one_third  column-top-margin\" style='border-radius:0px; '><section class=\"av_textblock_section \"  itemscope=\"itemscope\" itemtype=\"https:\/\/schema.org\/CreativeWork\" ><div class='avia_textblock  '   itemprop=\"text\" ><p>Les <strong>mouluri\u00e8res Futura Woodmac<\/strong> sont id\u00e9ales aussi bien pour le secteur de la menuiserie, de par leur polyvalence, que pour l&rsquo;industrie du bois, pour des charges plus \u00e9lev\u00e9es de travail, pour r\u00e9aliser \u00e0 l&rsquo;aide d&rsquo;outils sp\u00e9ciaux des op\u00e9rations de profilage du bois, \u00e9galement sur des poutres (avec la machine Program) jusqu&rsquo;\u00e0 une largeur maximum de 260 mm.<br \/>\nAyant aussi la fonction de corroyeuses et de mouluri\u00e8res, elles permettent de r\u00e9aliser les usinages suivants du bois (en fonction du mod\u00e8le): pi\u00e8ce carr\u00e9e, corroyage sur 4 faces, \u00e9liminer la partie tordue et\/ou brute du bois, pi\u00e8ce carr\u00e9e parfaite, \u00e9liminer des imperfections du bois, moulurages, mortaises, main courante, menuiseries, plinthe, corni\u00e8res, b\u00e2ti\/ch\u00e2ssis, lambris, d\u00e9coupes du bois, volets et seuils de fen\u00eatres, usinages des poutres.<br \/>\nLes mouluri\u00e8res sont de production enti\u00e8rement italienne (tout le corps de la machine en usine, ce qui permet de garantir la qualit\u00e9 \u00e0 des prix comp\u00e9titifs), en respectant scrupuleusement les crit\u00e8res CE pour la s\u00e9curit\u00e9, et en r\u00e9alisant de nombreux tests et essais avant la livraison.<\/p>\n<\/div><\/section><\/div>\n<div class=\"flex_column av_one_third  flex_column_div av-zero-column-padding first  avia-builder-el-3  el_after_av_one_full  el_before_av_one_third  column-top-margin\" style='border-radius:0px; '><p><div  class='avia-image-container  av-styling-    avia-builder-el-4  el_before_av_textblock  avia-builder-el-first  avia-align-center '  itemprop=\"image\" itemscope=\"itemscope\" itemtype=\"https:\/\/schema.org\/ImageObject\"  ><div class='avia-image-container-inner'><div class='avia-image-overlay-wrap'><a href='https:\/\/www.futura-woodmac.com\/fr\/machines-a-bois\/corroyeuse-mouluriere-p-one\/' class='avia_image'  ><img class='avia_image ' src='https:\/\/www.futura-woodmac.com\/wp-content\/uploads\/futura-woodmac-p-one-piallatrice-profilatrice-g-pone4univ-5846.jpg' alt='Piallatrice profilatrice legno, P.One: Futura Woodmac' title='futura-woodmac-p-one-piallatrice-profilatrice-g-pone4univ-5846'  itemprop=\"thumbnailUrl\"  \/><\/a><\/div><\/div><\/div><br \/>\n<section class=\"av_textblock_section \"  itemscope=\"itemscope\" itemtype=\"https:\/\/schema.org\/CreativeWork\" ><div class='avia_textblock  '   itemprop=\"text\" ><h3 style=\"color: #c70039;\"><a href=\"https:\/\/www.futura-woodmac.com\/fr\/machines-a-bois\/corroyeuse-mouluriere-p-one\/\">P.ONE<\/a><\/h3>\n<h6>Machine menuiserie bois<\/h6>\n<p>Corroyeuse, Corroyeuse 4 Faces, Mouluri\u00e8re, Mouluri\u00e8re 4 Faces, 4-5 Arbres.<\/p>\n<\/div><\/section><\/p><\/div>\n<div class=\"flex_column av_one_third  flex_column_div av-zero-column-padding   avia-builder-el-6  el_after_av_one_third  el_before_av_one_third  column-top-margin\" style='border-radius:0px; '><p><div  class='avia-image-container  av-styling-    avia-builder-el-7  el_before_av_textblock  avia-builder-el-first  avia-align-center '  itemprop=\"image\" itemscope=\"itemscope\" itemtype=\"https:\/\/schema.org\/ImageObject\"  ><div class='avia-image-container-inner'><div class='avia-image-overlay-wrap'><a href='https:\/\/www.futura-woodmac.com\/fr\/machines-a-bois\/mouluriere-corroyeuse-p-max\/' class='avia_image'  ><img class='avia_image ' src='https:\/\/www.futura-woodmac.com\/wp-content\/uploads\/futura-woodmac-p-max-mouluriere-corroyeuse-g-0078.jpg' alt='Mouluri\u00e8re Corroyeuse: P.Max, Futura Woodmac' title='Mouluri\u00e8re Corroyeuse: P.Max, Futura Woodmac'  itemprop=\"thumbnailUrl\"  \/><\/a><\/div><\/div><\/div><br \/>\n<section class=\"av_textblock_section \"  itemscope=\"itemscope\" itemtype=\"https:\/\/schema.org\/CreativeWork\" ><div class='avia_textblock  '   itemprop=\"text\" ><h3 style=\"color: #c70039;\"><a href=\"https:\/\/www.futura-woodmac.com\/fr\/machines-a-bois\/mouluriere-corroyeuse-p-max\/\">P.MAX<\/a><\/h3>\n<h6>Machine menuiserie bois et industrielle<\/h6>\n<p>Corroyeuse, Corroyeuse 4 Faces, Mouluri\u00e8re, Mouluri\u00e8re 4 Faces, 4-5-6-7-8 Arbres.<\/p>\n<\/div><\/section><\/p><\/div><div class=\"flex_column av_one_third  flex_column_div av-zero-column-padding   avia-builder-el-9  el_after_av_one_third  el_before_av_one_third  column-top-margin\" style='border-radius:0px; '><p><div  class='avia-image-container  av-styling-    avia-builder-el-10  el_before_av_textblock  avia-builder-el-first  avia-align-center '  itemprop=\"image\" itemscope=\"itemscope\" itemtype=\"https:\/\/schema.org\/ImageObject\"  ><div class='avia-image-container-inner'><div class='avia-image-overlay-wrap'><a href='https:\/\/www.futura-woodmac.com\/fr\/machines-a-bois\/mouluriere-corroyeuse-4-faces-program\/' class='avia_image'  ><img class='avia_image ' src='https:\/\/www.futura-woodmac.com\/wp-content\/uploads\/futura-woodmac-program-mouluriere-corroyeuse-4-faces-g-1415.jpg' alt='Mouluri\u00e8re Corroyeuse 4 Faces: Program, Futura Woodmac' title='Mouluri\u00e8re Corroyeuse 4 Faces: Program, Futura Woodmac'  itemprop=\"thumbnailUrl\"  \/><\/a><\/div><\/div><\/div><br \/>\n<section class=\"av_textblock_section \"  itemscope=\"itemscope\" itemtype=\"https:\/\/schema.org\/CreativeWork\" ><div class='avia_textblock  '   itemprop=\"text\" ><h3 style=\"color: #c70039;\"><a href=\"https:\/\/www.futura-woodmac.com\/fr\/machines-a-bois\/mouluriere-corroyeuse-4-faces-program\/\">PROGRAM<\/a><\/h3>\n<h6>Machine menuiserie bois et industrielle<\/h6>\n<p>Corroyeuse, Corroyeuse 4 Faces, Mouluri\u00e8re, Mouluri\u00e8re 4 Faces, 4-5-6-7-8 Arbres.<\/p>\n<\/div><\/section><\/p><\/div><\/p>\n<div class=\"flex_column av_one_third  flex_column_div av-zero-column-padding first  avia-builder-el-12  el_after_av_one_third  el_before_av_section  avia-builder-el-last  column-top-margin\" style='border-radius:0px; '><p><div  class='avia-image-container  av-styling-    avia-builder-el-13  el_before_av_textblock  avia-builder-el-first  avia-align-center '  itemprop=\"image\" itemscope=\"itemscope\" itemtype=\"https:\/\/schema.org\/ImageObject\"  ><div class='avia-image-container-inner'><div class='avia-image-overlay-wrap'><a href='https:\/\/www.futura-woodmac.com\/fr\/machines-a-bois\/corroyeuse-mouluriere-industrielle-super-program\/' class='avia_image'  ><img class='avia_image ' src='https:\/\/www.futura-woodmac.com\/wp-content\/uploads\/futura-woodmac-super-program-corroyeuse-mouluriere-4-faces-g-1591.jpg' alt='Corroyeuse Mouluri\u00e8re Industrielle: Super Program, Futura Woodmac' title='Corroyeuse Mouluri\u00e8re Industrielle: Super Program, Futura Woodmac'  itemprop=\"thumbnailUrl\"  \/><\/a><\/div><\/div><\/div><br \/>\n<section class=\"av_textblock_section \"  itemscope=\"itemscope\" itemtype=\"https:\/\/schema.org\/CreativeWork\" ><div class='avia_textblock  '   itemprop=\"text\" ><h3 style=\"color: #c70039;\"><a href=\"https:\/\/www.futura-woodmac.com\/fr\/machines-a-bois\/corroyeuse-mouluriere-industrielle-super-program\/\">SUPER PROGRAM<\/a><\/h3>\n<h6>Machine menuiserie bois et industrielle<\/h6>\n<p>Corroyeuse, Corroyeuse 4 Faces, Mouluri\u00e8re, Mouluri\u00e8re 4 Faces, 4-5-6 Arbres.<\/p>\n<\/div><\/section><\/p><\/div>\n<\/div><\/div><\/div><!-- close content main div --><\/div><\/div><div id='av_section_1'  class='avia-section alternate_color avia-section-large avia-shadow  avia-bg-style-scroll  avia-builder-el-15  el_after_av_one_third  el_before_av_section   container_wrap sidebar_right' style=' '  ><div class='container' ><div class='template-page content  av-content-small alpha units'><div class='post-entry post-entry-type-page post-entry-7379'><div class='entry-content-wrapper clearfix'>\n<div class=\"flex_column av_one_third  flex_column_div first  avia-builder-el-16  el_before_av_two_third  avia-builder-el-first  \" ><section class=\"av_textblock_section \"  itemscope=\"itemscope\" itemtype=\"https:\/\/schema.org\/CreativeWork\" ><div class='avia_textblock  '   itemprop=\"text\" ><h2 style=\"text-align: right;\">Mouluri\u00e8res \u00e0 Bois<br \/>\nFutura Woodmac<\/h2>\n<\/div><\/section><br \/>\n<div   class='hr hr-short hr-right   avia-builder-el-18  el_after_av_textblock  el_before_av_textblock '><span class='hr-inner ' ><span class='hr-inner-style'><\/span><\/span><\/div><br \/>\n<section class=\"av_textblock_section \"  itemscope=\"itemscope\" itemtype=\"https:\/\/schema.org\/CreativeWork\" ><div class='avia_textblock  '   itemprop=\"text\" ><p style=\"text-align: right;\">Depuis 1984 pas seulement<br \/>\ndes machines \u00e0 bois, mais<br \/>\nde vraies solutions et une nouvelle valeur.<br \/>\nAu service des partenaires et des clients,<br \/>\nin Italia e nel mondo.<\/p>\n<p style=\"text-align: right;\">Personnel comp\u00e9tent et multilingue,<br \/>\norient\u00e9 vers des r\u00e9sultats concrets.<\/p>\n<\/div><\/section><\/p><\/div><div class=\"flex_column av_two_third  flex_column_div av-zero-column-padding   avia-builder-el-20  el_after_av_one_third  el_before_av_one_full  \" style='border-radius:0px; '><div  class='avia-image-container  av-styling-    avia-builder-el-21  avia-builder-el-no-sibling  avia-align-center '  itemprop=\"image\" itemscope=\"itemscope\" itemtype=\"https:\/\/schema.org\/ImageObject\"  ><div class='avia-image-container-inner'><div class='avia-image-overlay-wrap'><img class='avia_image' src='https:\/\/www.futura-woodmac.com\/wp-content\/uploads\/futura-woodmac-entreprise-fabricant-machines-a-bois-n-equipe-0048.jpg' alt='Futura Woodmac: Entreprise Machines \u00e0 Bois' title='Futura Woodmac: Entreprise Machines \u00e0 Bois' height=\"345\" width=\"600\"  itemprop=\"thumbnailUrl\"  \/><\/div><\/div><\/div><\/div><div class=\"flex_column av_one_full  flex_column_div av-zero-column-padding first  avia-builder-el-22  el_after_av_two_third  avia-builder-el-last  column-top-margin\" style='border-radius:0px; '><div   class='av_promobox  avia-button-yes   avia-builder-el-23  avia-builder-el-no-sibling '>\t\t<div class='avia-promocontent'><\/p>\n<p style=\"text-align: left;\">Notre chemin vers l&rsquo;efficacit\u00e9:<br \/>\n\u00e9couter, interpr\u00e9ter, concevoir, tester, personnaliser, r\u00e9soudre.<\/p>\n<p>\n<\/div><div  class='avia-button-wrap avia-button-right ' ><a href='https:\/\/www.futura-woodmac.com\/fr\/contacts\/'  class='avia-button   avia-icon_select-yes-left-icon avia-color-theme-color avia-size-large avia-position-right '   ><span class='avia_button_icon avia_button_icon_left ' aria-hidden='true' data-av_icon='\ue80b' data-av_iconfont='entypo-fontello'><\/span><span class='avia_iconbox_title' >DEMANDEZ INFORMATION<\/span><\/a><\/div><\/div><\/div>\n\n<\/div><\/div><\/div><!-- close content main div --><\/div><\/div><div id='av_section_2'  class='avia-section alternate_color avia-section-large avia-no-border-styling  avia-bg-style-scroll  avia-builder-el-24  el_after_av_section  avia-builder-el-last   container_wrap sidebar_right' style=' '  ><div class='container' ><div class='template-page content  av-content-small alpha units'><div class='post-entry post-entry-type-page post-entry-7379'><div class='entry-content-wrapper clearfix'>\n<div  class='av-social-sharing-box  avia-builder-el-25  avia-builder-el-no-sibling  '><div class='av-share-box'><ul class='av-share-box-list noLightbox'><li class='av-share-link av-social-link-facebook' ><a target=\"_blank\" aria-label=\"Partager sur Facebook\" href='https:\/\/www.facebook.com\/sharer.php?u=https:\/\/www.futura-woodmac.com\/fr\/moulurieres-bois\/&#038;t=Mouluri%C3%A8res' aria-hidden='false' data-av_icon='\ue8f3' data-av_iconfont='entypo-fontello' title='' data-avia-related-tooltip='Partager sur Facebook' rel=\"noopener\"><span class='avia_hidden_link_text'>Partager sur Facebook<\/span><\/a><\/li><li class='av-share-link av-social-link-twitter' ><a target=\"_blank\" aria-label=\"Partager sur Twitter\" href='https:\/\/twitter.com\/share?text=Mouluri%C3%A8res&#038;url=https:\/\/www.futura-woodmac.com\/fr\/?p=7379' aria-hidden='false' data-av_icon='\ue8f1' data-av_iconfont='entypo-fontello' title='' data-avia-related-tooltip='Partager sur Twitter' rel=\"noopener\"><span class='avia_hidden_link_text'>Partager sur Twitter<\/span><\/a><\/li><li class='av-share-link av-social-link-whatsapp' ><a target=\"_blank\" aria-label=\"Share on WhatsApp\" href='https:\/\/api.whatsapp.com\/send?text=https:\/\/www.futura-woodmac.com\/fr\/moulurieres-bois\/' aria-hidden='false' data-av_icon='\uf232' data-av_iconfont='entypo-fontello' title='' data-avia-related-tooltip='Share on WhatsApp' rel=\"noopener\"><span class='avia_hidden_link_text'>Share on WhatsApp<\/span><\/a><\/li><li class='av-share-link av-social-link-pinterest' ><a target=\"_blank\" aria-label=\"Partager sur Pinterest\" href='https:\/\/pinterest.com\/pin\/create\/button\/?url=https%3A%2F%2Fwww.futura-woodmac.com%2Ffr%2Fmoulurieres-bois%2F&#038;description=Mouluri%C3%A8res&#038;media=' aria-hidden='false' data-av_icon='\ue8f8' data-av_iconfont='entypo-fontello' title='' data-avia-related-tooltip='Partager sur Pinterest' rel=\"noopener\"><span class='avia_hidden_link_text'>Partager sur Pinterest<\/span><\/a><\/li><li class='av-share-link av-social-link-linkedin' ><a target=\"_blank\" aria-label=\"Partager sur LinkedIn\" href='https:\/\/linkedin.com\/shareArticle?mini=true&#038;title=Mouluri%C3%A8res&#038;url=https:\/\/www.futura-woodmac.com\/fr\/moulurieres-bois\/' aria-hidden='false' data-av_icon='\ue8fc' data-av_iconfont='entypo-fontello' title='' data-avia-related-tooltip='Partager sur LinkedIn' rel=\"noopener\"><span class='avia_hidden_link_text'>Partager sur LinkedIn<\/span><\/a><\/li><li class='av-share-link av-social-link-tumblr' ><a target=\"_blank\" aria-label=\"Partager sur Tumblr\" href='https:\/\/www.tumblr.com\/share\/link?url=https%3A%2F%2Fwww.futura-woodmac.com%2Ffr%2Fmoulurieres-bois%2F&#038;name=Mouluri%C3%A8res&#038;description=' aria-hidden='false' data-av_icon='\ue8fa' data-av_iconfont='entypo-fontello' title='' data-avia-related-tooltip='Partager sur Tumblr' rel=\"noopener\"><span class='avia_hidden_link_text'>Partager sur Tumblr<\/span><\/a><\/li><li class='av-share-link av-social-link-vk' ><a target=\"_blank\" aria-label=\"Partager sur Vk\" href='https:\/\/vk.com\/share.php?url=https:\/\/www.futura-woodmac.com\/fr\/moulurieres-bois\/' aria-hidden='false' data-av_icon='\ue926' data-av_iconfont='entypo-fontello' title='' data-avia-related-tooltip='Partager sur Vk' rel=\"noopener\"><span class='avia_hidden_link_text'>Partager sur Vk<\/span><\/a><\/li><li class='av-share-link av-social-link-reddit' ><a target=\"_blank\" aria-label=\"Partager sur Reddit\" href='https:\/\/reddit.com\/submit?url=https:\/\/www.futura-woodmac.com\/fr\/moulurieres-bois\/&#038;title=Mouluri%C3%A8res' aria-hidden='false' data-av_icon='\ue927' data-av_iconfont='entypo-fontello' title='' data-avia-related-tooltip='Partager sur Reddit' rel=\"noopener\"><span class='avia_hidden_link_text'>Partager sur Reddit<\/span><\/a><\/li><li class='av-share-link av-social-link-mail' ><a  aria-label=\"Partager par Mail\" href='mailto:?subject=Mouluri%C3%A8res&#038;body=https:\/\/www.futura-woodmac.com\/fr\/moulurieres-bois\/' aria-hidden='false' data-av_icon='\ue805' data-av_iconfont='entypo-fontello' title='' data-avia-related-tooltip='Partager par Mail'><span class='avia_hidden_link_text'>Partager par Mail<\/span><\/a><\/li><\/ul><\/div><\/div>\n<\/div><\/div><\/div><!-- close content main div --><\/div><\/div><div id='after_section_2'  class='main_color av_default_container_wrap container_wrap sidebar_right' style=' '  ><div class='container' ><div class='template-page content  av-content-small alpha units'><div class='post-entry post-entry-type-page post-entry-7379'><div class='entry-content-wrapper clearfix'>\n","protected":false},"excerpt":{"rendered":"","protected":false},"author":1,"featured_media":0,"parent":0,"menu_order":0,"comment_status":"closed","ping_status":"closed","template":"","meta":[],"yoast_head":"<!-- This site is optimized with the Yoast SEO plugin v19.3 - https:\/\/yoast.com\/wordpress\/plugins\/seo\/ -->\n<title>Mouluri\u00e8res: machines \u00e0 bois italienne Futura Woodmac<\/title>\n<meta name=\"description\" content=\"Mouluri\u00e8res \u00e0 bois Futura Woodmac, fabricant des machines pour travailler le bois 100% italienne pour menuiserie et industrie du bois. Aussi corroyeuses.\" \/>\n<meta name=\"robots\" content=\"index, follow, max-snippet:-1, max-image-preview:large, max-video-preview:-1\" \/>\n<link rel=\"canonical\" href=\"https:\/\/www.futura-woodmac.com\/fr\/moulurieres-bois\/\" \/>\n<meta property=\"og:locale\" content=\"fr_FR\" \/>\n<meta property=\"og:type\" content=\"article\" \/>\n<meta property=\"og:title\" content=\"Mouluri\u00e8res: machines \u00e0 bois italienne Futura Woodmac\" \/>\n<meta property=\"og:description\" content=\"Mouluri\u00e8res \u00e0 bois Futura Woodmac, fabricant des machines pour travailler le bois 100% italienne pour menuiserie et industrie du bois. Aussi corroyeuses.\" \/>\n<meta property=\"og:url\" content=\"https:\/\/www.futura-woodmac.com\/fr\/moulurieres-bois\/\" \/>\n<meta property=\"og:site_name\" content=\"Futura Woodmac - Macchine Lavorazione Legno\" \/>\n<meta property=\"article:modified_time\" content=\"2024-11-13T08:36:31+00:00\" \/>\n<meta property=\"og:image\" content=\"https:\/\/www.futura-woodmac.com\/wp-content\/uploads\/futura-woodmac-macchine-lavorazione-legno-logo.png\" \/>\n\t<meta property=\"og:image:width\" content=\"340\" \/>\n\t<meta property=\"og:image:height\" content=\"156\" \/>\n\t<meta property=\"og:image:type\" content=\"image\/png\" \/>\n<meta name=\"twitter:card\" content=\"summary_large_image\" \/>\n<script type=\"application\/ld+json\" class=\"yoast-schema-graph\">{\"@context\":\"https:\/\/schema.org\",\"@graph\":[{\"@type\":\"Organization\",\"@id\":\"https:\/\/www.futura-woodmac.com\/fr\/#organization\",\"name\":\"Futura Woodmac\",\"url\":\"https:\/\/www.futura-woodmac.com\/fr\/\",\"sameAs\":[\"https:\/\/www.linkedin.com\/company\/metalstar-2000-srl\/\",\"https:\/\/www.youtube.com\/channel\/UCXW0vvohCqNIhxCJ1xUcZTQ\"],\"logo\":{\"@type\":\"ImageObject\",\"inLanguage\":\"fr-FR\",\"@id\":\"https:\/\/www.futura-woodmac.com\/fr\/#\/schema\/logo\/image\/\",\"url\":\"https:\/\/www.futura-woodmac.com\/wp-content\/uploads\/futura-woodmac-macchine-lavorazione-legno-logo.png\",\"contentUrl\":\"https:\/\/www.futura-woodmac.com\/wp-content\/uploads\/futura-woodmac-macchine-lavorazione-legno-logo.png\",\"width\":340,\"height\":156,\"caption\":\"Futura Woodmac\"},\"image\":{\"@id\":\"https:\/\/www.futura-woodmac.com\/fr\/#\/schema\/logo\/image\/\"}},{\"@type\":\"WebSite\",\"@id\":\"https:\/\/www.futura-woodmac.com\/fr\/#website\",\"url\":\"https:\/\/www.futura-woodmac.com\/fr\/\",\"name\":\"Futura Woodmac - Macchine Lavorazione Legno\",\"description\":\"Produzione macchine per falegnameria e lavorazione industriale del legno\",\"publisher\":{\"@id\":\"https:\/\/www.futura-woodmac.com\/fr\/#organization\"},\"potentialAction\":[{\"@type\":\"SearchAction\",\"target\":{\"@type\":\"EntryPoint\",\"urlTemplate\":\"https:\/\/www.futura-woodmac.com\/fr\/?s={search_term_string}\"},\"query-input\":\"required name=search_term_string\"}],\"inLanguage\":\"fr-FR\"},{\"@type\":\"WebPage\",\"@id\":\"https:\/\/www.futura-woodmac.com\/fr\/moulurieres-bois\/\",\"url\":\"https:\/\/www.futura-woodmac.com\/fr\/moulurieres-bois\/\",\"name\":\"Mouluri\u00e8res: machines \u00e0 bois italienne Futura Woodmac\",\"isPartOf\":{\"@id\":\"https:\/\/www.futura-woodmac.com\/fr\/#website\"},\"datePublished\":\"2021-03-31T07:59:45+00:00\",\"dateModified\":\"2024-11-13T08:36:31+00:00\",\"description\":\"Mouluri\u00e8res \u00e0 bois Futura Woodmac, fabricant des machines pour travailler le bois 100% italienne pour menuiserie et industrie du bois. Aussi corroyeuses.\",\"breadcrumb\":{\"@id\":\"https:\/\/www.futura-woodmac.com\/fr\/moulurieres-bois\/#breadcrumb\"},\"inLanguage\":\"fr-FR\",\"potentialAction\":[{\"@type\":\"ReadAction\",\"target\":[\"https:\/\/www.futura-woodmac.com\/fr\/moulurieres-bois\/\"]}]},{\"@type\":\"BreadcrumbList\",\"@id\":\"https:\/\/www.futura-woodmac.com\/fr\/moulurieres-bois\/#breadcrumb\",\"itemListElement\":[{\"@type\":\"ListItem\",\"position\":1,\"name\":\"Home\",\"item\":\"https:\/\/www.futura-woodmac.com\/fr\/\"},{\"@type\":\"ListItem\",\"position\":2,\"name\":\"Mouluri\u00e8res\"}]}]}<\/script>\n<!-- \/ Yoast SEO plugin. -->","yoast_head_json":{"title":"Mouluri\u00e8res: machines \u00e0 bois italienne Futura Woodmac","description":"Mouluri\u00e8res \u00e0 bois Futura Woodmac, fabricant des machines pour travailler le bois 100% italienne pour menuiserie et industrie du bois. Aussi corroyeuses.","robots":{"index":"index","follow":"follow","max-snippet":"max-snippet:-1","max-image-preview":"max-image-preview:large","max-video-preview":"max-video-preview:-1"},"canonical":"https:\/\/www.futura-woodmac.com\/fr\/moulurieres-bois\/","og_locale":"fr_FR","og_type":"article","og_title":"Mouluri\u00e8res: machines \u00e0 bois italienne Futura Woodmac","og_description":"Mouluri\u00e8res \u00e0 bois Futura Woodmac, fabricant des machines pour travailler le bois 100% italienne pour menuiserie et industrie du bois. Aussi corroyeuses.","og_url":"https:\/\/www.futura-woodmac.com\/fr\/moulurieres-bois\/","og_site_name":"Futura Woodmac - Macchine Lavorazione Legno","article_modified_time":"2024-11-13T08:36:31+00:00","og_image":[{"width":340,"height":156,"url":"https:\/\/www.futura-woodmac.com\/wp-content\/uploads\/futura-woodmac-macchine-lavorazione-legno-logo.png","type":"image\/png"}],"twitter_card":"summary_large_image","schema":{"@context":"https:\/\/schema.org","@graph":[{"@type":"Organization","@id":"https:\/\/www.futura-woodmac.com\/fr\/#organization","name":"Futura Woodmac","url":"https:\/\/www.futura-woodmac.com\/fr\/","sameAs":["https:\/\/www.linkedin.com\/company\/metalstar-2000-srl\/","https:\/\/www.youtube.com\/channel\/UCXW0vvohCqNIhxCJ1xUcZTQ"],"logo":{"@type":"ImageObject","inLanguage":"fr-FR","@id":"https:\/\/www.futura-woodmac.com\/fr\/#\/schema\/logo\/image\/","url":"https:\/\/www.futura-woodmac.com\/wp-content\/uploads\/futura-woodmac-macchine-lavorazione-legno-logo.png","contentUrl":"https:\/\/www.futura-woodmac.com\/wp-content\/uploads\/futura-woodmac-macchine-lavorazione-legno-logo.png","width":340,"height":156,"caption":"Futura Woodmac"},"image":{"@id":"https:\/\/www.futura-woodmac.com\/fr\/#\/schema\/logo\/image\/"}},{"@type":"WebSite","@id":"https:\/\/www.futura-woodmac.com\/fr\/#website","url":"https:\/\/www.futura-woodmac.com\/fr\/","name":"Futura Woodmac - Macchine Lavorazione Legno","description":"Produzione macchine per falegnameria e lavorazione industriale del legno","publisher":{"@id":"https:\/\/www.futura-woodmac.com\/fr\/#organization"},"potentialAction":[{"@type":"SearchAction","target":{"@type":"EntryPoint","urlTemplate":"https:\/\/www.futura-woodmac.com\/fr\/?s={search_term_string}"},"query-input":"required name=search_term_string"}],"inLanguage":"fr-FR"},{"@type":"WebPage","@id":"https:\/\/www.futura-woodmac.com\/fr\/moulurieres-bois\/","url":"https:\/\/www.futura-woodmac.com\/fr\/moulurieres-bois\/","name":"Mouluri\u00e8res: machines \u00e0 bois italienne Futura Woodmac","isPartOf":{"@id":"https:\/\/www.futura-woodmac.com\/fr\/#website"},"datePublished":"2021-03-31T07:59:45+00:00","dateModified":"2024-11-13T08:36:31+00:00","description":"Mouluri\u00e8res \u00e0 bois Futura Woodmac, fabricant des machines pour travailler le bois 100% italienne pour menuiserie et industrie du bois. Aussi corroyeuses.","breadcrumb":{"@id":"https:\/\/www.futura-woodmac.com\/fr\/moulurieres-bois\/#breadcrumb"},"inLanguage":"fr-FR","potentialAction":[{"@type":"ReadAction","target":["https:\/\/www.futura-woodmac.com\/fr\/moulurieres-bois\/"]}]},{"@type":"BreadcrumbList","@id":"https:\/\/www.futura-woodmac.com\/fr\/moulurieres-bois\/#breadcrumb","itemListElement":[{"@type":"ListItem","position":1,"name":"Home","item":"https:\/\/www.futura-woodmac.com\/fr\/"},{"@type":"ListItem","position":2,"name":"Mouluri\u00e8res"}]}]}},"_links":{"self":[{"href":"https:\/\/www.futura-woodmac.com\/fr\/wp-json\/wp\/v2\/pages\/7379"}],"collection":[{"href":"https:\/\/www.futura-woodmac.com\/fr\/wp-json\/wp\/v2\/pages"}],"about":[{"href":"https:\/\/www.futura-woodmac.com\/fr\/wp-json\/wp\/v2\/types\/page"}],"author":[{"embeddable":true,"href":"https:\/\/www.futura-woodmac.com\/fr\/wp-json\/wp\/v2\/users\/1"}],"replies":[{"embeddable":true,"href":"https:\/\/www.futura-woodmac.com\/fr\/wp-json\/wp\/v2\/comments?post=7379"}],"version-history":[{"count":17,"href":"https:\/\/www.futura-woodmac.com\/fr\/wp-json\/wp\/v2\/pages\/7379\/revisions"}],"predecessor-version":[{"id":12630,"href":"https:\/\/www.futura-woodmac.com\/fr\/wp-json\/wp\/v2\/pages\/7379\/revisions\/12630"}],"wp:attachment":[{"href":"https:\/\/www.futura-woodmac.com\/fr\/wp-json\/wp\/v2\/media?parent=7379"}],"curies":[{"name":"wp","href":"https:\/\/api.w.org\/{rel}","templated":true}]}}