{"id":7402,"date":"2021-03-31T10:26:40","date_gmt":"2021-03-31T08:26:40","guid":{"rendered":"https:\/\/www.futura-woodmac.com\/au-moins-5-arbres\/"},"modified":"2024-11-13T09:45:52","modified_gmt":"2024-11-13T08:45:52","slug":"machines-a-bois-au-moins-5-arbres","status":"publish","type":"page","link":"https:\/\/www.futura-woodmac.com\/fr\/machines-a-bois-au-moins-5-arbres\/","title":{"rendered":"Au moins 5 Arbres"},"content":{"rendered":"<section class=\"av_textblock_section \"  itemscope=\"itemscope\" itemtype=\"https:\/\/schema.org\/CreativeWork\" ><div class='avia_textblock  '   itemprop=\"text\" ><h1>MACHINES \u00c0 BOIS AU MOINS 5 ARBRES<\/h1>\n<h2 style=\"font-size: medium;\">Corroyeuses et mouluri\u00e8res 4 faces<\/h2>\n<\/div><\/section>\n<div class=\"flex_column av_one_full  flex_column_div av-zero-column-padding first  avia-builder-el-1  el_after_av_textblock  el_before_av_one_third  column-top-margin\" style='border-radius:0px; '><section class=\"av_textblock_section \"  itemscope=\"itemscope\" itemtype=\"https:\/\/schema.org\/CreativeWork\" ><div class='avia_textblock  '   itemprop=\"text\" ><p>Les corroyeuses et mouluri\u00e8res \u00e0 bois Futura Woodmac sont toutes dot\u00e9es d&rsquo;un arbre de travail avec moteur autonome, rapide et pr\u00e9cis \u00e0 configurer, en toute s\u00e9curit\u00e9, faciles \u00e0 r\u00e9gler aussi pour le changement d&rsquo;outils pour le passage rapide d&rsquo;un processus de production \u00e0 un autre, r\u00e9solvant ainsi efficacement aussi bien les besoins (pour des machines multifonction que ce soient des corroyeuses et des mouluri\u00e8res) du secteur de la menuiserie que ceux de l&rsquo;industrie du bois.<br \/>\nLes machines avec <strong>au moins 5 arbres de travail<\/strong> sont disponibles en plusieurs versions, jusqu&rsquo;\u00e0 un maximum de 8 arbres de travail, grandement configurables aussi bien au niveau des personnalisations que pour l&rsquo;\u00e9quipement d&rsquo;outils, pour travailler diff\u00e9rents bois (m\u00eame des poutres en bois) jusqu&rsquo;\u00e0 une largeur maximum de 260 mm.<br \/>\nLa production a lieu enti\u00e8rement en Italie (en grande partie directement \u00e0 l&rsquo;usine, avec la fabrication et le soudage du corps de la machine), avec des garanties optimales pour ce qui est de la s\u00e9curit\u00e9 (dans le respect des param\u00e8tres CE), de qualit\u00e9 (contr\u00f4les et tests rigoureux sur la production) et personnalisations (essai avant la livraison), en garantissant aussi des prix tr\u00e8s comp\u00e9titifs.<\/p>\n<\/div><\/section><\/div>\n<div class=\"flex_column av_one_third  flex_column_div av-zero-column-padding first  avia-builder-el-3  el_after_av_one_full  el_before_av_one_third  column-top-margin\" style='border-radius:0px; '><p><div  class='avia-image-container  av-styling-    avia-builder-el-4  el_before_av_textblock  avia-builder-el-first  avia-align-center '  itemprop=\"image\" itemscope=\"itemscope\" itemtype=\"https:\/\/schema.org\/ImageObject\"  ><div class='avia-image-container-inner'><div class='avia-image-overlay-wrap'><a href='https:\/\/www.futura-woodmac.com\/fr\/machines-a-bois\/corroyeuse-mouluriere-p-one\/' class='avia_image'  ><img class='avia_image ' src='https:\/\/www.futura-woodmac.com\/wp-content\/uploads\/futura-woodmac-p-one-piallatrice-profilatrice-g-pone4univ-5846.jpg' alt='Piallatrice profilatrice legno, P.One: Futura Woodmac' title='futura-woodmac-p-one-piallatrice-profilatrice-g-pone4univ-5846'  itemprop=\"thumbnailUrl\"  \/><\/a><\/div><\/div><\/div><br \/>\n<section class=\"av_textblock_section \"  itemscope=\"itemscope\" itemtype=\"https:\/\/schema.org\/CreativeWork\" ><div class='avia_textblock  '   itemprop=\"text\" ><h3 style=\"color: #c70039;\"><a href=\"https:\/\/www.futura-woodmac.com\/fr\/machines-a-bois\/corroyeuse-mouluriere-p-one\/\">P.ONE<\/a><\/h3>\n<h6>Machine menuiserie bois<\/h6>\n<p>Corroyeuse, Corroyeuse 4 Faces, Mouluri\u00e8re, Mouluri\u00e8re 4 Faces, 4-5 Arbres.<\/p>\n<\/div><\/section><\/p><\/div>\n<div class=\"flex_column av_one_third  flex_column_div av-zero-column-padding   avia-builder-el-6  el_after_av_one_third  el_before_av_one_third  column-top-margin\" style='border-radius:0px; '><p><div  class='avia-image-container  av-styling-    avia-builder-el-7  el_before_av_textblock  avia-builder-el-first  avia-align-center '  itemprop=\"image\" itemscope=\"itemscope\" itemtype=\"https:\/\/schema.org\/ImageObject\"  ><div class='avia-image-container-inner'><div class='avia-image-overlay-wrap'><a href='https:\/\/www.futura-woodmac.com\/fr\/machines-a-bois\/mouluriere-corroyeuse-p-max\/' class='avia_image'  ><img class='avia_image ' src='https:\/\/www.futura-woodmac.com\/wp-content\/uploads\/futura-woodmac-p-max-mouluriere-corroyeuse-g-0078.jpg' alt='Mouluri\u00e8re Corroyeuse: P.Max, Futura Woodmac' title='Mouluri\u00e8re Corroyeuse: P.Max, Futura Woodmac'  itemprop=\"thumbnailUrl\"  \/><\/a><\/div><\/div><\/div><br \/>\n<section class=\"av_textblock_section \"  itemscope=\"itemscope\" itemtype=\"https:\/\/schema.org\/CreativeWork\" ><div class='avia_textblock  '   itemprop=\"text\" ><h3 style=\"color: #c70039;\"><a href=\"https:\/\/www.futura-woodmac.com\/fr\/machines-a-bois\/mouluriere-corroyeuse-p-max\/\">P.MAX<\/a><\/h3>\n<h6>Machine menuiserie bois et industrielle<\/h6>\n<p>Corroyeuse, Corroyeuse 4 Faces, Mouluri\u00e8re, Mouluri\u00e8re 4 Faces, 4-5-6-7-8 Arbres.<\/p>\n<\/div><\/section><\/p><\/div><div class=\"flex_column av_one_third  flex_column_div av-zero-column-padding   avia-builder-el-9  el_after_av_one_third  el_before_av_one_third  column-top-margin\" style='border-radius:0px; '><p><div  class='avia-image-container  av-styling-    avia-builder-el-10  el_before_av_textblock  avia-builder-el-first  avia-align-center '  itemprop=\"image\" itemscope=\"itemscope\" itemtype=\"https:\/\/schema.org\/ImageObject\"  ><div class='avia-image-container-inner'><div class='avia-image-overlay-wrap'><a href='https:\/\/www.futura-woodmac.com\/fr\/machines-a-bois\/mouluriere-corroyeuse-4-faces-program\/' class='avia_image'  ><img class='avia_image ' src='https:\/\/www.futura-woodmac.com\/wp-content\/uploads\/futura-woodmac-program-mouluriere-corroyeuse-4-faces-g-1415.jpg' alt='Mouluri\u00e8re Corroyeuse 4 Faces: Program, Futura Woodmac' title='Mouluri\u00e8re Corroyeuse 4 Faces: Program, Futura Woodmac'  itemprop=\"thumbnailUrl\"  \/><\/a><\/div><\/div><\/div><br \/>\n<section class=\"av_textblock_section \"  itemscope=\"itemscope\" itemtype=\"https:\/\/schema.org\/CreativeWork\" ><div class='avia_textblock  '   itemprop=\"text\" ><h3 style=\"color: #c70039;\"><a href=\"https:\/\/www.futura-woodmac.com\/fr\/machines-a-bois\/mouluriere-corroyeuse-4-faces-program\/\">PROGRAM<\/a><\/h3>\n<h6>Machine menuiserie bois et industrielle<\/h6>\n<p>Corroyeuse, Corroyeuse 4 Faces, Mouluri\u00e8re, Mouluri\u00e8re 4 Faces, 4-5-6-7-8 Arbres.<\/p>\n<\/div><\/section><\/p><\/div><\/p>\n<div class=\"flex_column av_one_third  flex_column_div av-zero-column-padding first  avia-builder-el-12  el_after_av_one_third  el_before_av_section  avia-builder-el-last  column-top-margin\" style='border-radius:0px; '><p><div  class='avia-image-container  av-styling-    avia-builder-el-13  el_before_av_textblock  avia-builder-el-first  avia-align-center '  itemprop=\"image\" itemscope=\"itemscope\" itemtype=\"https:\/\/schema.org\/ImageObject\"  ><div class='avia-image-container-inner'><div class='avia-image-overlay-wrap'><a href='https:\/\/www.futura-woodmac.com\/fr\/machines-a-bois\/corroyeuse-mouluriere-industrielle-super-program\/' class='avia_image'  ><img class='avia_image ' src='https:\/\/www.futura-woodmac.com\/wp-content\/uploads\/futura-woodmac-super-program-corroyeuse-mouluriere-4-faces-g-1591.jpg' alt='Corroyeuse Mouluri\u00e8re Industrielle: Super Program, Futura Woodmac' title='Corroyeuse Mouluri\u00e8re Industrielle: Super Program, Futura Woodmac'  itemprop=\"thumbnailUrl\"  \/><\/a><\/div><\/div><\/div><br \/>\n<section class=\"av_textblock_section \"  itemscope=\"itemscope\" itemtype=\"https:\/\/schema.org\/CreativeWork\" ><div class='avia_textblock  '   itemprop=\"text\" ><h3 style=\"color: #c70039;\"><a href=\"https:\/\/www.futura-woodmac.com\/fr\/machines-a-bois\/corroyeuse-mouluriere-industrielle-super-program\/\">SUPER PROGRAM<\/a><\/h3>\n<h6>Machine menuiserie bois et industrielle<\/h6>\n<p>Corroyeuse, Corroyeuse 4 Faces, Mouluri\u00e8re, Mouluri\u00e8re 4 Faces, 4-5-6 Arbres.<\/p>\n<\/div><\/section><\/p><\/div>\n<\/div><\/div><\/div><!-- close content main div --><\/div><\/div><div id='av_section_1'  class='avia-section alternate_color avia-section-large avia-shadow  avia-bg-style-scroll  avia-builder-el-15  el_after_av_one_third  el_before_av_section   container_wrap sidebar_right' style=' '  ><div class='container' ><div class='template-page content  av-content-small alpha units'><div class='post-entry post-entry-type-page post-entry-7402'><div class='entry-content-wrapper clearfix'>\n<div class=\"flex_column av_one_third  flex_column_div first  avia-builder-el-16  el_before_av_two_third  avia-builder-el-first  \" ><section class=\"av_textblock_section \"  itemscope=\"itemscope\" itemtype=\"https:\/\/schema.org\/CreativeWork\" ><div class='avia_textblock  '   itemprop=\"text\" ><h2 style=\"text-align: right;\">Machines \u00e0 Bois<br \/>\nau moins 5 Arbres<br \/>\nFutura Woodmac<\/h2>\n<\/div><\/section><br \/>\n<div   class='hr hr-short hr-right   avia-builder-el-18  el_after_av_textblock  el_before_av_textblock '><span class='hr-inner ' ><span class='hr-inner-style'><\/span><\/span><\/div><br \/>\n<section class=\"av_textblock_section \"  itemscope=\"itemscope\" itemtype=\"https:\/\/schema.org\/CreativeWork\" ><div class='avia_textblock  '   itemprop=\"text\" ><p style=\"text-align: right;\">Depuis 1984 pas seulement<br \/>\ndes machines \u00e0 bois, mais<br \/>\nde vraies solutions et une nouvelle valeur.<br \/>\nAu service des partenaires et des clients,<br \/>\nin Italia e nel mondo.<\/p>\n<p style=\"text-align: right;\">Personnel comp\u00e9tent et multilingue,<br \/>\norient\u00e9 vers des r\u00e9sultats concrets.<\/p>\n<\/div><\/section><\/p><\/div><div class=\"flex_column av_two_third  flex_column_div av-zero-column-padding   avia-builder-el-20  el_after_av_one_third  el_before_av_one_full  \" style='border-radius:0px; '><div  class='avia-image-container  av-styling-    avia-builder-el-21  avia-builder-el-no-sibling  avia-align-center '  itemprop=\"image\" itemscope=\"itemscope\" itemtype=\"https:\/\/schema.org\/ImageObject\"  ><div class='avia-image-container-inner'><div class='avia-image-overlay-wrap'><img class='avia_image' src='https:\/\/www.futura-woodmac.com\/wp-content\/uploads\/futura-woodmac-entreprise-fabricant-machines-a-bois-n-equipe-0048.jpg' alt='Futura Woodmac: Entreprise Machines \u00e0 Bois' title='Futura Woodmac: Entreprise Machines \u00e0 Bois' height=\"345\" width=\"600\"  itemprop=\"thumbnailUrl\"  \/><\/div><\/div><\/div><\/div><div class=\"flex_column av_one_full  flex_column_div av-zero-column-padding first  avia-builder-el-22  el_after_av_two_third  avia-builder-el-last  column-top-margin\" style='border-radius:0px; '><div   class='av_promobox  avia-button-yes   avia-builder-el-23  avia-builder-el-no-sibling '>\t\t<div class='avia-promocontent'><\/p>\n<p style=\"text-align: left;\">Notre chemin vers l&rsquo;efficacit\u00e9:<br \/>\n\u00e9couter, interpr\u00e9ter, concevoir, tester, personnaliser, r\u00e9soudre.<\/p>\n<p>\n<\/div><div  class='avia-button-wrap avia-button-right ' ><a href='https:\/\/www.futura-woodmac.com\/fr\/contacts\/'  class='avia-button   avia-icon_select-yes-left-icon avia-color-theme-color avia-size-large avia-position-right '   ><span class='avia_button_icon avia_button_icon_left ' aria-hidden='true' data-av_icon='\ue80b' data-av_iconfont='entypo-fontello'><\/span><span class='avia_iconbox_title' >DEMANDEZ INFORMATION<\/span><\/a><\/div><\/div><\/div>\n\n<\/div><\/div><\/div><!-- close content main div --><\/div><\/div><div id='av_section_2'  class='avia-section alternate_color avia-section-large avia-no-border-styling  avia-bg-style-scroll  avia-builder-el-24  el_after_av_section  avia-builder-el-last   container_wrap sidebar_right' style=' '  ><div class='container' ><div class='template-page content  av-content-small alpha units'><div class='post-entry post-entry-type-page post-entry-7402'><div class='entry-content-wrapper clearfix'>\n<div  class='av-social-sharing-box  avia-builder-el-25  avia-builder-el-no-sibling  '><div class='av-share-box'><ul class='av-share-box-list noLightbox'><li class='av-share-link av-social-link-facebook' ><a target=\"_blank\" aria-label=\"Partager sur Facebook\" href='https:\/\/www.facebook.com\/sharer.php?u=https:\/\/www.futura-woodmac.com\/fr\/machines-a-bois-au-moins-5-arbres\/&#038;t=Au%20moins%205%20Arbres' aria-hidden='false' data-av_icon='\ue8f3' data-av_iconfont='entypo-fontello' title='' data-avia-related-tooltip='Partager sur Facebook' rel=\"noopener\"><span class='avia_hidden_link_text'>Partager sur Facebook<\/span><\/a><\/li><li class='av-share-link av-social-link-twitter' ><a target=\"_blank\" aria-label=\"Partager sur Twitter\" href='https:\/\/twitter.com\/share?text=Au%20moins%205%20Arbres&#038;url=https:\/\/www.futura-woodmac.com\/fr\/?p=7402' aria-hidden='false' data-av_icon='\ue8f1' data-av_iconfont='entypo-fontello' title='' data-avia-related-tooltip='Partager sur Twitter' rel=\"noopener\"><span class='avia_hidden_link_text'>Partager sur Twitter<\/span><\/a><\/li><li class='av-share-link av-social-link-whatsapp' ><a target=\"_blank\" aria-label=\"Share on WhatsApp\" href='https:\/\/api.whatsapp.com\/send?text=https:\/\/www.futura-woodmac.com\/fr\/machines-a-bois-au-moins-5-arbres\/' aria-hidden='false' data-av_icon='\uf232' data-av_iconfont='entypo-fontello' title='' data-avia-related-tooltip='Share on WhatsApp' rel=\"noopener\"><span class='avia_hidden_link_text'>Share on WhatsApp<\/span><\/a><\/li><li class='av-share-link av-social-link-pinterest' ><a target=\"_blank\" aria-label=\"Partager sur Pinterest\" href='https:\/\/pinterest.com\/pin\/create\/button\/?url=https%3A%2F%2Fwww.futura-woodmac.com%2Ffr%2Fmachines-a-bois-au-moins-5-arbres%2F&#038;description=Au%20moins%205%20Arbres&#038;media=' aria-hidden='false' data-av_icon='\ue8f8' data-av_iconfont='entypo-fontello' title='' data-avia-related-tooltip='Partager sur Pinterest' rel=\"noopener\"><span class='avia_hidden_link_text'>Partager sur Pinterest<\/span><\/a><\/li><li class='av-share-link av-social-link-linkedin' ><a target=\"_blank\" aria-label=\"Partager sur LinkedIn\" href='https:\/\/linkedin.com\/shareArticle?mini=true&#038;title=Au%20moins%205%20Arbres&#038;url=https:\/\/www.futura-woodmac.com\/fr\/machines-a-bois-au-moins-5-arbres\/' aria-hidden='false' data-av_icon='\ue8fc' data-av_iconfont='entypo-fontello' title='' data-avia-related-tooltip='Partager sur LinkedIn' rel=\"noopener\"><span class='avia_hidden_link_text'>Partager sur LinkedIn<\/span><\/a><\/li><li class='av-share-link av-social-link-tumblr' ><a target=\"_blank\" aria-label=\"Partager sur Tumblr\" href='https:\/\/www.tumblr.com\/share\/link?url=https%3A%2F%2Fwww.futura-woodmac.com%2Ffr%2Fmachines-a-bois-au-moins-5-arbres%2F&#038;name=Au%20moins%205%20Arbres&#038;description=' aria-hidden='false' data-av_icon='\ue8fa' data-av_iconfont='entypo-fontello' title='' data-avia-related-tooltip='Partager sur Tumblr' rel=\"noopener\"><span class='avia_hidden_link_text'>Partager sur Tumblr<\/span><\/a><\/li><li class='av-share-link av-social-link-vk' ><a target=\"_blank\" aria-label=\"Partager sur Vk\" href='https:\/\/vk.com\/share.php?url=https:\/\/www.futura-woodmac.com\/fr\/machines-a-bois-au-moins-5-arbres\/' aria-hidden='false' data-av_icon='\ue926' data-av_iconfont='entypo-fontello' title='' data-avia-related-tooltip='Partager sur Vk' rel=\"noopener\"><span class='avia_hidden_link_text'>Partager sur Vk<\/span><\/a><\/li><li class='av-share-link av-social-link-reddit' ><a target=\"_blank\" aria-label=\"Partager sur Reddit\" href='https:\/\/reddit.com\/submit?url=https:\/\/www.futura-woodmac.com\/fr\/machines-a-bois-au-moins-5-arbres\/&#038;title=Au%20moins%205%20Arbres' aria-hidden='false' data-av_icon='\ue927' data-av_iconfont='entypo-fontello' title='' data-avia-related-tooltip='Partager sur Reddit' rel=\"noopener\"><span class='avia_hidden_link_text'>Partager sur Reddit<\/span><\/a><\/li><li class='av-share-link av-social-link-mail' ><a  aria-label=\"Partager par Mail\" href='mailto:?subject=Au%20moins%205%20Arbres&#038;body=https:\/\/www.futura-woodmac.com\/fr\/machines-a-bois-au-moins-5-arbres\/' aria-hidden='false' data-av_icon='\ue805' data-av_iconfont='entypo-fontello' title='' data-avia-related-tooltip='Partager par Mail'><span class='avia_hidden_link_text'>Partager par Mail<\/span><\/a><\/li><\/ul><\/div><\/div>\n<\/div><\/div><\/div><!-- close content main div --><\/div><\/div><div id='after_section_2'  class='main_color av_default_container_wrap container_wrap sidebar_right' style=' '  ><div class='container' ><div class='template-page content  av-content-small alpha units'><div class='post-entry post-entry-type-page post-entry-7402'><div class='entry-content-wrapper clearfix'>\n","protected":false},"excerpt":{"rendered":"","protected":false},"author":1,"featured_media":0,"parent":0,"menu_order":0,"comment_status":"closed","ping_status":"closed","template":"","meta":[],"yoast_head":"<!-- This site is optimized with the Yoast SEO plugin v19.3 - https:\/\/yoast.com\/wordpress\/plugins\/seo\/ -->\n<title>Au moins 5 arbres: machines \u00e0 bois Futura Woodmac<\/title>\n<meta name=\"description\" content=\"Futura Woodmac machines \u00e0 bois 100% italienne, de 5 \u00e0 8 arbres porte-outils ind\u00e9pendant: pour menuiserie et industrielle bois, aussi usinage poutres du bois.\" \/>\n<meta name=\"robots\" content=\"index, follow, max-snippet:-1, max-image-preview:large, max-video-preview:-1\" \/>\n<link rel=\"canonical\" href=\"https:\/\/www.futura-woodmac.com\/fr\/machines-a-bois-au-moins-5-arbres\/\" \/>\n<meta property=\"og:locale\" content=\"fr_FR\" \/>\n<meta property=\"og:type\" content=\"article\" \/>\n<meta property=\"og:title\" content=\"Au moins 5 arbres: machines \u00e0 bois Futura Woodmac\" \/>\n<meta property=\"og:description\" content=\"Futura Woodmac machines \u00e0 bois 100% italienne, de 5 \u00e0 8 arbres porte-outils ind\u00e9pendant: pour menuiserie et industrielle bois, aussi usinage poutres du bois.\" \/>\n<meta property=\"og:url\" content=\"https:\/\/www.futura-woodmac.com\/fr\/machines-a-bois-au-moins-5-arbres\/\" \/>\n<meta property=\"og:site_name\" content=\"Futura Woodmac - Macchine Lavorazione Legno\" \/>\n<meta property=\"article:modified_time\" content=\"2024-11-13T08:45:52+00:00\" \/>\n<meta property=\"og:image\" content=\"https:\/\/www.futura-woodmac.com\/wp-content\/uploads\/futura-woodmac-macchine-lavorazione-legno-logo.png\" \/>\n\t<meta property=\"og:image:width\" content=\"340\" \/>\n\t<meta property=\"og:image:height\" content=\"156\" \/>\n\t<meta property=\"og:image:type\" content=\"image\/png\" \/>\n<meta name=\"twitter:card\" content=\"summary_large_image\" \/>\n<script type=\"application\/ld+json\" class=\"yoast-schema-graph\">{\"@context\":\"https:\/\/schema.org\",\"@graph\":[{\"@type\":\"Organization\",\"@id\":\"https:\/\/www.futura-woodmac.com\/fr\/#organization\",\"name\":\"Futura Woodmac\",\"url\":\"https:\/\/www.futura-woodmac.com\/fr\/\",\"sameAs\":[\"https:\/\/www.linkedin.com\/company\/metalstar-2000-srl\/\",\"https:\/\/www.youtube.com\/channel\/UCXW0vvohCqNIhxCJ1xUcZTQ\"],\"logo\":{\"@type\":\"ImageObject\",\"inLanguage\":\"fr-FR\",\"@id\":\"https:\/\/www.futura-woodmac.com\/fr\/#\/schema\/logo\/image\/\",\"url\":\"https:\/\/www.futura-woodmac.com\/wp-content\/uploads\/futura-woodmac-macchine-lavorazione-legno-logo.png\",\"contentUrl\":\"https:\/\/www.futura-woodmac.com\/wp-content\/uploads\/futura-woodmac-macchine-lavorazione-legno-logo.png\",\"width\":340,\"height\":156,\"caption\":\"Futura Woodmac\"},\"image\":{\"@id\":\"https:\/\/www.futura-woodmac.com\/fr\/#\/schema\/logo\/image\/\"}},{\"@type\":\"WebSite\",\"@id\":\"https:\/\/www.futura-woodmac.com\/fr\/#website\",\"url\":\"https:\/\/www.futura-woodmac.com\/fr\/\",\"name\":\"Futura Woodmac - Macchine Lavorazione Legno\",\"description\":\"Produzione macchine per falegnameria e lavorazione industriale del legno\",\"publisher\":{\"@id\":\"https:\/\/www.futura-woodmac.com\/fr\/#organization\"},\"potentialAction\":[{\"@type\":\"SearchAction\",\"target\":{\"@type\":\"EntryPoint\",\"urlTemplate\":\"https:\/\/www.futura-woodmac.com\/fr\/?s={search_term_string}\"},\"query-input\":\"required name=search_term_string\"}],\"inLanguage\":\"fr-FR\"},{\"@type\":\"WebPage\",\"@id\":\"https:\/\/www.futura-woodmac.com\/fr\/machines-a-bois-au-moins-5-arbres\/\",\"url\":\"https:\/\/www.futura-woodmac.com\/fr\/machines-a-bois-au-moins-5-arbres\/\",\"name\":\"Au moins 5 arbres: machines \u00e0 bois Futura Woodmac\",\"isPartOf\":{\"@id\":\"https:\/\/www.futura-woodmac.com\/fr\/#website\"},\"datePublished\":\"2021-03-31T08:26:40+00:00\",\"dateModified\":\"2024-11-13T08:45:52+00:00\",\"description\":\"Futura Woodmac machines \u00e0 bois 100% italienne, de 5 \u00e0 8 arbres porte-outils ind\u00e9pendant: pour menuiserie et industrielle bois, aussi usinage poutres du bois.\",\"breadcrumb\":{\"@id\":\"https:\/\/www.futura-woodmac.com\/fr\/machines-a-bois-au-moins-5-arbres\/#breadcrumb\"},\"inLanguage\":\"fr-FR\",\"potentialAction\":[{\"@type\":\"ReadAction\",\"target\":[\"https:\/\/www.futura-woodmac.com\/fr\/machines-a-bois-au-moins-5-arbres\/\"]}]},{\"@type\":\"BreadcrumbList\",\"@id\":\"https:\/\/www.futura-woodmac.com\/fr\/machines-a-bois-au-moins-5-arbres\/#breadcrumb\",\"itemListElement\":[{\"@type\":\"ListItem\",\"position\":1,\"name\":\"Home\",\"item\":\"https:\/\/www.futura-woodmac.com\/fr\/\"},{\"@type\":\"ListItem\",\"position\":2,\"name\":\"Au moins 5 Arbres\"}]}]}<\/script>\n<!-- \/ Yoast SEO plugin. -->","yoast_head_json":{"title":"Au moins 5 arbres: machines \u00e0 bois Futura Woodmac","description":"Futura Woodmac machines \u00e0 bois 100% italienne, de 5 \u00e0 8 arbres porte-outils ind\u00e9pendant: pour menuiserie et industrielle bois, aussi usinage poutres du bois.","robots":{"index":"index","follow":"follow","max-snippet":"max-snippet:-1","max-image-preview":"max-image-preview:large","max-video-preview":"max-video-preview:-1"},"canonical":"https:\/\/www.futura-woodmac.com\/fr\/machines-a-bois-au-moins-5-arbres\/","og_locale":"fr_FR","og_type":"article","og_title":"Au moins 5 arbres: machines \u00e0 bois Futura Woodmac","og_description":"Futura Woodmac machines \u00e0 bois 100% italienne, de 5 \u00e0 8 arbres porte-outils ind\u00e9pendant: pour menuiserie et industrielle bois, aussi usinage poutres du bois.","og_url":"https:\/\/www.futura-woodmac.com\/fr\/machines-a-bois-au-moins-5-arbres\/","og_site_name":"Futura Woodmac - Macchine Lavorazione Legno","article_modified_time":"2024-11-13T08:45:52+00:00","og_image":[{"width":340,"height":156,"url":"https:\/\/www.futura-woodmac.com\/wp-content\/uploads\/futura-woodmac-macchine-lavorazione-legno-logo.png","type":"image\/png"}],"twitter_card":"summary_large_image","schema":{"@context":"https:\/\/schema.org","@graph":[{"@type":"Organization","@id":"https:\/\/www.futura-woodmac.com\/fr\/#organization","name":"Futura Woodmac","url":"https:\/\/www.futura-woodmac.com\/fr\/","sameAs":["https:\/\/www.linkedin.com\/company\/metalstar-2000-srl\/","https:\/\/www.youtube.com\/channel\/UCXW0vvohCqNIhxCJ1xUcZTQ"],"logo":{"@type":"ImageObject","inLanguage":"fr-FR","@id":"https:\/\/www.futura-woodmac.com\/fr\/#\/schema\/logo\/image\/","url":"https:\/\/www.futura-woodmac.com\/wp-content\/uploads\/futura-woodmac-macchine-lavorazione-legno-logo.png","contentUrl":"https:\/\/www.futura-woodmac.com\/wp-content\/uploads\/futura-woodmac-macchine-lavorazione-legno-logo.png","width":340,"height":156,"caption":"Futura Woodmac"},"image":{"@id":"https:\/\/www.futura-woodmac.com\/fr\/#\/schema\/logo\/image\/"}},{"@type":"WebSite","@id":"https:\/\/www.futura-woodmac.com\/fr\/#website","url":"https:\/\/www.futura-woodmac.com\/fr\/","name":"Futura Woodmac - Macchine Lavorazione Legno","description":"Produzione macchine per falegnameria e lavorazione industriale del legno","publisher":{"@id":"https:\/\/www.futura-woodmac.com\/fr\/#organization"},"potentialAction":[{"@type":"SearchAction","target":{"@type":"EntryPoint","urlTemplate":"https:\/\/www.futura-woodmac.com\/fr\/?s={search_term_string}"},"query-input":"required name=search_term_string"}],"inLanguage":"fr-FR"},{"@type":"WebPage","@id":"https:\/\/www.futura-woodmac.com\/fr\/machines-a-bois-au-moins-5-arbres\/","url":"https:\/\/www.futura-woodmac.com\/fr\/machines-a-bois-au-moins-5-arbres\/","name":"Au moins 5 arbres: machines \u00e0 bois Futura Woodmac","isPartOf":{"@id":"https:\/\/www.futura-woodmac.com\/fr\/#website"},"datePublished":"2021-03-31T08:26:40+00:00","dateModified":"2024-11-13T08:45:52+00:00","description":"Futura Woodmac machines \u00e0 bois 100% italienne, de 5 \u00e0 8 arbres porte-outils ind\u00e9pendant: pour menuiserie et industrielle bois, aussi usinage poutres du bois.","breadcrumb":{"@id":"https:\/\/www.futura-woodmac.com\/fr\/machines-a-bois-au-moins-5-arbres\/#breadcrumb"},"inLanguage":"fr-FR","potentialAction":[{"@type":"ReadAction","target":["https:\/\/www.futura-woodmac.com\/fr\/machines-a-bois-au-moins-5-arbres\/"]}]},{"@type":"BreadcrumbList","@id":"https:\/\/www.futura-woodmac.com\/fr\/machines-a-bois-au-moins-5-arbres\/#breadcrumb","itemListElement":[{"@type":"ListItem","position":1,"name":"Home","item":"https:\/\/www.futura-woodmac.com\/fr\/"},{"@type":"ListItem","position":2,"name":"Au moins 5 Arbres"}]}]}},"_links":{"self":[{"href":"https:\/\/www.futura-woodmac.com\/fr\/wp-json\/wp\/v2\/pages\/7402"}],"collection":[{"href":"https:\/\/www.futura-woodmac.com\/fr\/wp-json\/wp\/v2\/pages"}],"about":[{"href":"https:\/\/www.futura-woodmac.com\/fr\/wp-json\/wp\/v2\/types\/page"}],"author":[{"embeddable":true,"href":"https:\/\/www.futura-woodmac.com\/fr\/wp-json\/wp\/v2\/users\/1"}],"replies":[{"embeddable":true,"href":"https:\/\/www.futura-woodmac.com\/fr\/wp-json\/wp\/v2\/comments?post=7402"}],"version-history":[{"count":23,"href":"https:\/\/www.futura-woodmac.com\/fr\/wp-json\/wp\/v2\/pages\/7402\/revisions"}],"predecessor-version":[{"id":12657,"href":"https:\/\/www.futura-woodmac.com\/fr\/wp-json\/wp\/v2\/pages\/7402\/revisions\/12657"}],"wp:attachment":[{"href":"https:\/\/www.futura-woodmac.com\/fr\/wp-json\/wp\/v2\/media?parent=7402"}],"curies":[{"name":"wp","href":"https:\/\/api.w.org\/{rel}","templated":true}]}}