{"id":7453,"date":"2021-03-31T11:07:28","date_gmt":"2021-03-31T09:07:28","guid":{"rendered":"https:\/\/www.futura-woodmac.com\/pantographes\/"},"modified":"2022-06-29T11:37:57","modified_gmt":"2022-06-29T09:37:57","slug":"pantographes-bois","status":"publish","type":"page","link":"https:\/\/www.futura-woodmac.com\/fr\/pantographes-bois\/","title":{"rendered":"Pantographes"},"content":{"rendered":"<section class=\"av_textblock_section \"  itemscope=\"itemscope\" itemtype=\"https:\/\/schema.org\/CreativeWork\" ><div class='avia_textblock  '   itemprop=\"text\" ><h1>PANTOGRAPHES<\/h1>\n<h2 style=\"font-size: medium;\">Pantographes \u00e0 Bois, pour Menuiserie et Bricoleurs<\/h2>\n<\/div><\/section>\n<div class=\"flex_column av_one_full  flex_column_div av-zero-column-padding first  avia-builder-el-1  el_after_av_textblock  el_before_av_one_third  column-top-margin\" style='border-radius:0px; '><section class=\"av_textblock_section \"  itemscope=\"itemscope\" itemtype=\"https:\/\/schema.org\/CreativeWork\" ><div class='avia_textblock  '   itemprop=\"text\" ><p>Le point fort de Skema 800, le <strong>pantographe \u00e0 bois de Futura Woodmac<\/strong>, est sa fiabilit\u00e9 dans ses fraisages au pantographe, m\u00eame sur des pi\u00e8ces de grandes dimensions. En fait, la table de travail offre un support stable et s\u00fbr.<br \/>\nLe groupe de fraisage est \u00e9quip\u00e9 d\u2019un revolver \u00e0 5 but\u00e9es r\u00e9glables, pour un changement rapide des usinages.<br \/>\nEnti\u00e8rement repens\u00e9e, la machine est equip\u00e9 d&rsquo;un electromandrin de 2,2 Kw avec fixation de broche avec pince ER25.<br \/>\nLe bo\u00eetier de commande \u00e0 distance avec p\u00e9dale g\u00e8re en toute facilit\u00e9 le d\u00e9marrage du fraisage au pantographe, en manutentionnant et en activant le groupe de fraisage pneumatique.<br \/>\nLe pantographe \u00e0 bois Skema 800 est enti\u00e8rement r\u00e9alis\u00e9 en Italie, le corps de la machine (avec certaines de ses pi\u00e8ces) \u00e9tant produit en interne pour garantir la meilleure qualit\u00e9 \u00e0 des prix tr\u00e8s comp\u00e9titifs, aussi en le testant de fa\u00e7on scrupuleuse avant la livraison.<\/p>\n<\/div><\/section><\/div><div class=\"flex_column av_one_third  flex_column_div av-zero-column-padding first  avia-builder-el-3  el_after_av_one_full  el_before_av_section  avia-builder-el-last  column-top-margin\" style='border-radius:0px; '><p><div  class='avia-image-container  av-styling-    avia-builder-el-4  el_before_av_textblock  avia-builder-el-first  avia-align-center '  itemprop=\"image\" itemscope=\"itemscope\" itemtype=\"https:\/\/schema.org\/ImageObject\"  ><div class='avia-image-container-inner'><div class='avia-image-overlay-wrap'><a href='https:\/\/www.futura-woodmac.com\/fr\/machines-a-bois\/pantograph-fraiseuse-vertical-skema-800\/' class='avia_image'  ><img class='avia_image ' src='https:\/\/www.futura-woodmac.com\/wp-content\/uploads\/futura-woodmac-skema-800-pantographe-fraiseuse-verticale-g-vue-generale-0218.jpg' alt='Pantographe Fraiseuse Verticale Skema 800, Futura Woodmac' title='Pantographe Fraiseuse Verticale Skema 800, Futura Woodmac'  itemprop=\"thumbnailUrl\"  \/><\/a><\/div><\/div><\/div><br \/>\n<section class=\"av_textblock_section \"  itemscope=\"itemscope\" itemtype=\"https:\/\/schema.org\/CreativeWork\" ><div class='avia_textblock  '   itemprop=\"text\" ><h3 style=\"color: #c70039;\"><a href=\"https:\/\/www.futura-woodmac.com\/fr\/machines-a-bois\/pantograph-fraiseuse-vertical-skema-800\/\">SKEMA 800<\/a><\/h3>\n<h6>Machine pour menuiserie et bricoleurs<\/h6>\n<p>Pantographe, Fraiseuse Verticale.<\/p>\n<\/div><\/section><\/p><\/div><\/p>\n<\/div><\/div><\/div><!-- close content main div --><\/div><\/div><div id='av_section_1'  class='avia-section alternate_color avia-section-large avia-shadow  avia-bg-style-scroll  avia-builder-el-6  el_after_av_one_third  el_before_av_section   container_wrap sidebar_right' style=' '  ><div class='container' ><div class='template-page content  av-content-small alpha units'><div class='post-entry post-entry-type-page post-entry-7453'><div class='entry-content-wrapper clearfix'>\n<div class=\"flex_column av_one_third  flex_column_div first  avia-builder-el-7  el_before_av_two_third  avia-builder-el-first  \" ><section class=\"av_textblock_section \"  itemscope=\"itemscope\" itemtype=\"https:\/\/schema.org\/CreativeWork\" ><div class='avia_textblock  '   itemprop=\"text\" ><h2 style=\"text-align: right;\">Pantographes<br \/>\n\u00e0 Bois<br \/>\nFutura Woodmac<\/h2>\n<\/div><\/section><br \/>\n<div   class='hr hr-short hr-right   avia-builder-el-9  el_after_av_textblock  el_before_av_textblock '><span class='hr-inner ' ><span class='hr-inner-style'><\/span><\/span><\/div><br \/>\n<section class=\"av_textblock_section \"  itemscope=\"itemscope\" itemtype=\"https:\/\/schema.org\/CreativeWork\" ><div class='avia_textblock  '   itemprop=\"text\" ><p style=\"text-align: right;\">Depuis 1984 pas seulement<br \/>\ndes machines \u00e0 bois, mais<br \/>\nde vraies solutions et une nouvelle valeur.<br \/>\nAu service des partenaires et des clients,<br \/>\nen Italie et dans le monde.<\/p>\n<p style=\"text-align: right;\">Personnel comp\u00e9tent et multilingue,<br \/>\norient\u00e9 vers des r\u00e9sultats concrets.<\/p>\n<\/div><\/section><\/p><\/div><div class=\"flex_column av_two_third  flex_column_div av-zero-column-padding   avia-builder-el-11  el_after_av_one_third  el_before_av_one_full  \" style='border-radius:0px; '><div  class='avia-image-container  av-styling-    avia-builder-el-12  avia-builder-el-no-sibling  avia-align-center '  itemprop=\"image\" itemscope=\"itemscope\" itemtype=\"https:\/\/schema.org\/ImageObject\"  ><div class='avia-image-container-inner'><div class='avia-image-overlay-wrap'><img class='avia_image' src='https:\/\/www.futura-woodmac.com\/wp-content\/uploads\/futura-woodmac-entreprise-fabricant-machines-a-bois-n-equipe-0048.jpg' alt='Futura Woodmac: Entreprise Machines \u00e0 Bois' title='Futura Woodmac: Entreprise Machines \u00e0 Bois' height=\"345\" width=\"600\"  itemprop=\"thumbnailUrl\"  \/><\/div><\/div><\/div><\/div><div class=\"flex_column av_one_full  flex_column_div av-zero-column-padding first  avia-builder-el-13  el_after_av_two_third  avia-builder-el-last  column-top-margin\" style='border-radius:0px; '><div   class='av_promobox  avia-button-yes   avia-builder-el-14  avia-builder-el-no-sibling '>\t\t<div class='avia-promocontent'><\/p>\n<p style=\"text-align: left;\">Notre chemin vers l&rsquo;efficacit\u00e9:<br \/>\n\u00e9couter, interpr\u00e9ter, concevoir, tester, personnaliser, r\u00e9soudre.<\/p>\n<p>\n<\/div><div  class='avia-button-wrap avia-button-right ' ><a href='https:\/\/www.futura-woodmac.com\/fr\/contacts\/'  class='avia-button   avia-icon_select-yes-left-icon avia-color-theme-color avia-size-large avia-position-right '   ><span class='avia_button_icon avia_button_icon_left ' aria-hidden='true' data-av_icon='\ue80b' data-av_iconfont='entypo-fontello'><\/span><span class='avia_iconbox_title' >DEMANDEZ INFORMATION<\/span><\/a><\/div><\/div><\/div>\n\n<\/div><\/div><\/div><!-- close content main div --><\/div><\/div><div id='av_section_2'  class='avia-section alternate_color avia-section-large avia-no-border-styling  avia-bg-style-scroll  avia-builder-el-15  el_after_av_section  avia-builder-el-last   container_wrap sidebar_right' style=' '  ><div class='container' ><div class='template-page content  av-content-small alpha units'><div class='post-entry post-entry-type-page post-entry-7453'><div class='entry-content-wrapper clearfix'>\n<div  class='av-social-sharing-box  avia-builder-el-16  avia-builder-el-no-sibling  '><div class='av-share-box'><ul class='av-share-box-list noLightbox'><li class='av-share-link av-social-link-facebook' ><a target=\"_blank\" aria-label=\"Partager sur Facebook\" href='https:\/\/www.facebook.com\/sharer.php?u=https:\/\/www.futura-woodmac.com\/fr\/pantographes-bois\/&#038;t=Pantographes' aria-hidden='false' data-av_icon='\ue8f3' data-av_iconfont='entypo-fontello' title='' data-avia-related-tooltip='Partager sur Facebook' rel=\"noopener\"><span class='avia_hidden_link_text'>Partager sur Facebook<\/span><\/a><\/li><li class='av-share-link av-social-link-twitter' ><a target=\"_blank\" aria-label=\"Partager sur Twitter\" href='https:\/\/twitter.com\/share?text=Pantographes&#038;url=https:\/\/www.futura-woodmac.com\/fr\/?p=7453' aria-hidden='false' data-av_icon='\ue8f1' data-av_iconfont='entypo-fontello' title='' data-avia-related-tooltip='Partager sur Twitter' rel=\"noopener\"><span class='avia_hidden_link_text'>Partager sur Twitter<\/span><\/a><\/li><li class='av-share-link av-social-link-whatsapp' ><a target=\"_blank\" aria-label=\"Share on WhatsApp\" href='https:\/\/api.whatsapp.com\/send?text=https:\/\/www.futura-woodmac.com\/fr\/pantographes-bois\/' aria-hidden='false' data-av_icon='\uf232' data-av_iconfont='entypo-fontello' title='' data-avia-related-tooltip='Share on WhatsApp' rel=\"noopener\"><span class='avia_hidden_link_text'>Share on WhatsApp<\/span><\/a><\/li><li class='av-share-link av-social-link-pinterest' ><a target=\"_blank\" aria-label=\"Partager sur Pinterest\" href='https:\/\/pinterest.com\/pin\/create\/button\/?url=https%3A%2F%2Fwww.futura-woodmac.com%2Ffr%2Fpantographes-bois%2F&#038;description=Pantographes&#038;media=' aria-hidden='false' data-av_icon='\ue8f8' data-av_iconfont='entypo-fontello' title='' data-avia-related-tooltip='Partager sur Pinterest' rel=\"noopener\"><span class='avia_hidden_link_text'>Partager sur Pinterest<\/span><\/a><\/li><li class='av-share-link av-social-link-linkedin' ><a target=\"_blank\" aria-label=\"Partager sur LinkedIn\" href='https:\/\/linkedin.com\/shareArticle?mini=true&#038;title=Pantographes&#038;url=https:\/\/www.futura-woodmac.com\/fr\/pantographes-bois\/' aria-hidden='false' data-av_icon='\ue8fc' data-av_iconfont='entypo-fontello' title='' data-avia-related-tooltip='Partager sur LinkedIn' rel=\"noopener\"><span class='avia_hidden_link_text'>Partager sur LinkedIn<\/span><\/a><\/li><li class='av-share-link av-social-link-tumblr' ><a target=\"_blank\" aria-label=\"Partager sur Tumblr\" href='https:\/\/www.tumblr.com\/share\/link?url=https%3A%2F%2Fwww.futura-woodmac.com%2Ffr%2Fpantographes-bois%2F&#038;name=Pantographes&#038;description=' aria-hidden='false' data-av_icon='\ue8fa' data-av_iconfont='entypo-fontello' title='' data-avia-related-tooltip='Partager sur Tumblr' rel=\"noopener\"><span class='avia_hidden_link_text'>Partager sur Tumblr<\/span><\/a><\/li><li class='av-share-link av-social-link-vk' ><a target=\"_blank\" aria-label=\"Partager sur Vk\" href='https:\/\/vk.com\/share.php?url=https:\/\/www.futura-woodmac.com\/fr\/pantographes-bois\/' aria-hidden='false' data-av_icon='\ue926' data-av_iconfont='entypo-fontello' title='' data-avia-related-tooltip='Partager sur Vk' rel=\"noopener\"><span class='avia_hidden_link_text'>Partager sur Vk<\/span><\/a><\/li><li class='av-share-link av-social-link-reddit' ><a target=\"_blank\" aria-label=\"Partager sur Reddit\" href='https:\/\/reddit.com\/submit?url=https:\/\/www.futura-woodmac.com\/fr\/pantographes-bois\/&#038;title=Pantographes' aria-hidden='false' data-av_icon='\ue927' data-av_iconfont='entypo-fontello' title='' data-avia-related-tooltip='Partager sur Reddit' rel=\"noopener\"><span class='avia_hidden_link_text'>Partager sur Reddit<\/span><\/a><\/li><li class='av-share-link av-social-link-mail' ><a  aria-label=\"Partager par Mail\" href='mailto:?subject=Pantographes&#038;body=https:\/\/www.futura-woodmac.com\/fr\/pantographes-bois\/' aria-hidden='false' data-av_icon='\ue805' data-av_iconfont='entypo-fontello' title='' data-avia-related-tooltip='Partager par Mail'><span class='avia_hidden_link_text'>Partager par Mail<\/span><\/a><\/li><\/ul><\/div><\/div>\n<\/div><\/div><\/div><!-- close content main div --><\/div><\/div><div id='after_section_2'  class='main_color av_default_container_wrap container_wrap sidebar_right' style=' '  ><div class='container' ><div class='template-page content  av-content-small alpha units'><div class='post-entry post-entry-type-page post-entry-7453'><div class='entry-content-wrapper clearfix'>\n","protected":false},"excerpt":{"rendered":"","protected":false},"author":1,"featured_media":0,"parent":0,"menu_order":0,"comment_status":"closed","ping_status":"closed","template":"","meta":[],"yoast_head":"<!-- This site is optimized with the Yoast SEO plugin v19.3 - https:\/\/yoast.com\/wordpress\/plugins\/seo\/ -->\n<title>Pantographes \u00e0 Bois, pour Menuiserie et Bricoleurs<\/title>\n<meta name=\"description\" content=\"Pantographes \u00e0 Bois, pour la menuiserie et les bricoleurs. Futura Woodmac: pantographes fabriqu\u00e9s 100% en Italie, avec corps de la machine produit en interne.\" \/>\n<meta name=\"robots\" content=\"index, follow, max-snippet:-1, max-image-preview:large, max-video-preview:-1\" \/>\n<link rel=\"canonical\" href=\"https:\/\/www.futura-woodmac.com\/fr\/pantographes-bois\/\" \/>\n<meta property=\"og:locale\" content=\"fr_FR\" \/>\n<meta property=\"og:type\" content=\"article\" \/>\n<meta property=\"og:title\" content=\"Pantographes \u00e0 Bois, pour Menuiserie et Bricoleurs\" \/>\n<meta property=\"og:description\" content=\"Pantographes \u00e0 Bois, pour la menuiserie et les bricoleurs. Futura Woodmac: pantographes fabriqu\u00e9s 100% en Italie, avec corps de la machine produit en interne.\" \/>\n<meta property=\"og:url\" content=\"https:\/\/www.futura-woodmac.com\/fr\/pantographes-bois\/\" \/>\n<meta property=\"og:site_name\" content=\"Futura Woodmac - Macchine Lavorazione Legno\" \/>\n<meta property=\"article:modified_time\" content=\"2022-06-29T09:37:57+00:00\" \/>\n<meta property=\"og:image\" content=\"https:\/\/www.futura-woodmac.com\/wp-content\/uploads\/futura-woodmac-macchine-lavorazione-legno-logo.png\" \/>\n\t<meta property=\"og:image:width\" content=\"340\" \/>\n\t<meta property=\"og:image:height\" content=\"156\" \/>\n\t<meta property=\"og:image:type\" content=\"image\/png\" \/>\n<meta name=\"twitter:card\" content=\"summary_large_image\" \/>\n<script type=\"application\/ld+json\" class=\"yoast-schema-graph\">{\"@context\":\"https:\/\/schema.org\",\"@graph\":[{\"@type\":\"Organization\",\"@id\":\"https:\/\/www.futura-woodmac.com\/fr\/#organization\",\"name\":\"Futura Woodmac\",\"url\":\"https:\/\/www.futura-woodmac.com\/fr\/\",\"sameAs\":[\"https:\/\/www.linkedin.com\/company\/metalstar-2000-srl\/\",\"https:\/\/www.youtube.com\/channel\/UCXW0vvohCqNIhxCJ1xUcZTQ\"],\"logo\":{\"@type\":\"ImageObject\",\"inLanguage\":\"fr-FR\",\"@id\":\"https:\/\/www.futura-woodmac.com\/fr\/#\/schema\/logo\/image\/\",\"url\":\"https:\/\/www.futura-woodmac.com\/wp-content\/uploads\/futura-woodmac-macchine-lavorazione-legno-logo.png\",\"contentUrl\":\"https:\/\/www.futura-woodmac.com\/wp-content\/uploads\/futura-woodmac-macchine-lavorazione-legno-logo.png\",\"width\":340,\"height\":156,\"caption\":\"Futura Woodmac\"},\"image\":{\"@id\":\"https:\/\/www.futura-woodmac.com\/fr\/#\/schema\/logo\/image\/\"}},{\"@type\":\"WebSite\",\"@id\":\"https:\/\/www.futura-woodmac.com\/fr\/#website\",\"url\":\"https:\/\/www.futura-woodmac.com\/fr\/\",\"name\":\"Futura Woodmac - Macchine Lavorazione Legno\",\"description\":\"Produzione macchine per falegnameria e lavorazione industriale del legno\",\"publisher\":{\"@id\":\"https:\/\/www.futura-woodmac.com\/fr\/#organization\"},\"potentialAction\":[{\"@type\":\"SearchAction\",\"target\":{\"@type\":\"EntryPoint\",\"urlTemplate\":\"https:\/\/www.futura-woodmac.com\/fr\/?s={search_term_string}\"},\"query-input\":\"required name=search_term_string\"}],\"inLanguage\":\"fr-FR\"},{\"@type\":\"WebPage\",\"@id\":\"https:\/\/www.futura-woodmac.com\/fr\/pantographes-bois\/\",\"url\":\"https:\/\/www.futura-woodmac.com\/fr\/pantographes-bois\/\",\"name\":\"Pantographes \u00e0 Bois, pour Menuiserie et Bricoleurs\",\"isPartOf\":{\"@id\":\"https:\/\/www.futura-woodmac.com\/fr\/#website\"},\"datePublished\":\"2021-03-31T09:07:28+00:00\",\"dateModified\":\"2022-06-29T09:37:57+00:00\",\"description\":\"Pantographes \u00e0 Bois, pour la menuiserie et les bricoleurs. Futura Woodmac: pantographes fabriqu\u00e9s 100% en Italie, avec corps de la machine produit en interne.\",\"breadcrumb\":{\"@id\":\"https:\/\/www.futura-woodmac.com\/fr\/pantographes-bois\/#breadcrumb\"},\"inLanguage\":\"fr-FR\",\"potentialAction\":[{\"@type\":\"ReadAction\",\"target\":[\"https:\/\/www.futura-woodmac.com\/fr\/pantographes-bois\/\"]}]},{\"@type\":\"BreadcrumbList\",\"@id\":\"https:\/\/www.futura-woodmac.com\/fr\/pantographes-bois\/#breadcrumb\",\"itemListElement\":[{\"@type\":\"ListItem\",\"position\":1,\"name\":\"Home\",\"item\":\"https:\/\/www.futura-woodmac.com\/fr\/\"},{\"@type\":\"ListItem\",\"position\":2,\"name\":\"Pantographes\"}]}]}<\/script>\n<!-- \/ Yoast SEO plugin. -->","yoast_head_json":{"title":"Pantographes \u00e0 Bois, pour Menuiserie et Bricoleurs","description":"Pantographes \u00e0 Bois, pour la menuiserie et les bricoleurs. Futura Woodmac: pantographes fabriqu\u00e9s 100% en Italie, avec corps de la machine produit en interne.","robots":{"index":"index","follow":"follow","max-snippet":"max-snippet:-1","max-image-preview":"max-image-preview:large","max-video-preview":"max-video-preview:-1"},"canonical":"https:\/\/www.futura-woodmac.com\/fr\/pantographes-bois\/","og_locale":"fr_FR","og_type":"article","og_title":"Pantographes \u00e0 Bois, pour Menuiserie et Bricoleurs","og_description":"Pantographes \u00e0 Bois, pour la menuiserie et les bricoleurs. Futura Woodmac: pantographes fabriqu\u00e9s 100% en Italie, avec corps de la machine produit en interne.","og_url":"https:\/\/www.futura-woodmac.com\/fr\/pantographes-bois\/","og_site_name":"Futura Woodmac - Macchine Lavorazione Legno","article_modified_time":"2022-06-29T09:37:57+00:00","og_image":[{"width":340,"height":156,"url":"https:\/\/www.futura-woodmac.com\/wp-content\/uploads\/futura-woodmac-macchine-lavorazione-legno-logo.png","type":"image\/png"}],"twitter_card":"summary_large_image","schema":{"@context":"https:\/\/schema.org","@graph":[{"@type":"Organization","@id":"https:\/\/www.futura-woodmac.com\/fr\/#organization","name":"Futura Woodmac","url":"https:\/\/www.futura-woodmac.com\/fr\/","sameAs":["https:\/\/www.linkedin.com\/company\/metalstar-2000-srl\/","https:\/\/www.youtube.com\/channel\/UCXW0vvohCqNIhxCJ1xUcZTQ"],"logo":{"@type":"ImageObject","inLanguage":"fr-FR","@id":"https:\/\/www.futura-woodmac.com\/fr\/#\/schema\/logo\/image\/","url":"https:\/\/www.futura-woodmac.com\/wp-content\/uploads\/futura-woodmac-macchine-lavorazione-legno-logo.png","contentUrl":"https:\/\/www.futura-woodmac.com\/wp-content\/uploads\/futura-woodmac-macchine-lavorazione-legno-logo.png","width":340,"height":156,"caption":"Futura Woodmac"},"image":{"@id":"https:\/\/www.futura-woodmac.com\/fr\/#\/schema\/logo\/image\/"}},{"@type":"WebSite","@id":"https:\/\/www.futura-woodmac.com\/fr\/#website","url":"https:\/\/www.futura-woodmac.com\/fr\/","name":"Futura Woodmac - Macchine Lavorazione Legno","description":"Produzione macchine per falegnameria e lavorazione industriale del legno","publisher":{"@id":"https:\/\/www.futura-woodmac.com\/fr\/#organization"},"potentialAction":[{"@type":"SearchAction","target":{"@type":"EntryPoint","urlTemplate":"https:\/\/www.futura-woodmac.com\/fr\/?s={search_term_string}"},"query-input":"required name=search_term_string"}],"inLanguage":"fr-FR"},{"@type":"WebPage","@id":"https:\/\/www.futura-woodmac.com\/fr\/pantographes-bois\/","url":"https:\/\/www.futura-woodmac.com\/fr\/pantographes-bois\/","name":"Pantographes \u00e0 Bois, pour Menuiserie et Bricoleurs","isPartOf":{"@id":"https:\/\/www.futura-woodmac.com\/fr\/#website"},"datePublished":"2021-03-31T09:07:28+00:00","dateModified":"2022-06-29T09:37:57+00:00","description":"Pantographes \u00e0 Bois, pour la menuiserie et les bricoleurs. Futura Woodmac: pantographes fabriqu\u00e9s 100% en Italie, avec corps de la machine produit en interne.","breadcrumb":{"@id":"https:\/\/www.futura-woodmac.com\/fr\/pantographes-bois\/#breadcrumb"},"inLanguage":"fr-FR","potentialAction":[{"@type":"ReadAction","target":["https:\/\/www.futura-woodmac.com\/fr\/pantographes-bois\/"]}]},{"@type":"BreadcrumbList","@id":"https:\/\/www.futura-woodmac.com\/fr\/pantographes-bois\/#breadcrumb","itemListElement":[{"@type":"ListItem","position":1,"name":"Home","item":"https:\/\/www.futura-woodmac.com\/fr\/"},{"@type":"ListItem","position":2,"name":"Pantographes"}]}]}},"_links":{"self":[{"href":"https:\/\/www.futura-woodmac.com\/fr\/wp-json\/wp\/v2\/pages\/7453"}],"collection":[{"href":"https:\/\/www.futura-woodmac.com\/fr\/wp-json\/wp\/v2\/pages"}],"about":[{"href":"https:\/\/www.futura-woodmac.com\/fr\/wp-json\/wp\/v2\/types\/page"}],"author":[{"embeddable":true,"href":"https:\/\/www.futura-woodmac.com\/fr\/wp-json\/wp\/v2\/users\/1"}],"replies":[{"embeddable":true,"href":"https:\/\/www.futura-woodmac.com\/fr\/wp-json\/wp\/v2\/comments?post=7453"}],"version-history":[{"count":25,"href":"https:\/\/www.futura-woodmac.com\/fr\/wp-json\/wp\/v2\/pages\/7453\/revisions"}],"predecessor-version":[{"id":8931,"href":"https:\/\/www.futura-woodmac.com\/fr\/wp-json\/wp\/v2\/pages\/7453\/revisions\/8931"}],"wp:attachment":[{"href":"https:\/\/www.futura-woodmac.com\/fr\/wp-json\/wp\/v2\/media?parent=7453"}],"curies":[{"name":"wp","href":"https:\/\/api.w.org\/{rel}","templated":true}]}}