{"id":7527,"date":"2021-03-31T13:42:39","date_gmt":"2021-03-31T11:42:39","guid":{"rendered":"https:\/\/www.futura-woodmac.com\/ponceuses\/"},"modified":"2023-09-26T17:40:37","modified_gmt":"2023-09-26T15:40:37","slug":"ponceuses-bois","status":"publish","type":"page","link":"https:\/\/www.futura-woodmac.com\/fr\/ponceuses-bois\/","title":{"rendered":"Ponceuses"},"content":{"rendered":"<section class=\"av_textblock_section \"  itemscope=\"itemscope\" itemtype=\"https:\/\/schema.org\/CreativeWork\" ><div class='avia_textblock  '   itemprop=\"text\" ><h1>PONCEUSES<\/h1>\n<h2 style=\"font-size: medium;\">Ponceuses \u00e0 Bois, pour les Menuiseries et les Bricoleurs<\/h2>\n<\/div><\/section>\n<div class=\"flex_column av_one_full  flex_column_div av-zero-column-padding first  avia-builder-el-1  el_after_av_textblock  el_before_av_one_third  column-top-margin\" style='border-radius:0px; '><section class=\"av_textblock_section \"  itemscope=\"itemscope\" itemtype=\"https:\/\/schema.org\/CreativeWork\" ><div class='avia_textblock  '   itemprop=\"text\" ><p>Les <strong>ponceuses \u00e0 bois de Futura Woodmac<\/strong> sont con\u00e7ues pour offrir aux menuiseries et aux bricoleurs des solutions de qualit\u00e9, pratiques et polyvalentes dans le pon\u00e7age des bords et des surfaces en bois, capables de poncer le bois massif, les panneaux de fibres, les panneaux des particules et les panneaux contreplaqu\u00e9s.<br \/>\nLes deux machines (Level 150 et Sfera 60) sont des ponceuses professionnelles dot\u00e9es d\u2019une technologie m\u00e9canique de pointe, enti\u00e8rement repens\u00e9es pour une performance maximale dans les pon\u00e7ages du bois, tant \u00e0 bande qu\u2019\u00e0 disque, toujours avec une s\u00e9curit\u00e9 maximale pour l\u2019op\u00e9rateur. Les deux disposent d\u2019une table de travail inclinable et peuvent \u00eatre manutentionn\u00e9es par transpalette, pour garantir une grande praticit\u00e9 dans les usinages et dans la gestion des espaces de travail.<br \/>\nLa conception et la production en interne du corps de la machine, avec le contr\u00f4le le plus haut sur le reste de la production (enti\u00e8rement en Italie) et l\u2019essai final \u00e0 l\u2019usine de la machine finie, garantissent la meilleure qualit\u00e9 \u00e0 des prix comp\u00e9titifs pour les menuiseries et les bricoleurs sur les deux mod\u00e8les : Level 150, ponceuse universelle \u00e0 bande oscillante et Sfera 60, disponible \u00e0 la fois avec le seul disque de pon\u00e7age et avec le groupe de la bande.<\/p>\n<\/div><\/section><\/div>\n<div class=\"flex_column av_one_third  flex_column_div av-zero-column-padding first  avia-builder-el-3  el_after_av_one_full  el_before_av_one_third  column-top-margin\" style='border-radius:0px; '><p><div  class='avia-image-container  av-styling-    avia-builder-el-4  el_before_av_textblock  avia-builder-el-first  avia-align-center '  itemprop=\"image\" itemscope=\"itemscope\" itemtype=\"https:\/\/schema.org\/ImageObject\"  ><div class='avia-image-container-inner'><div class='avia-image-overlay-wrap'><a href='\/fr\/machines-a-bois\/ponceuse-bande-oscillante-level-150\/' class='avia_image'  ><img class='avia_image ' src='https:\/\/www.futura-woodmac.com\/wp-content\/uploads\/futura-woodmac-level-150-ponceuse-bois-g-vue-generale-5801.jpg' alt='Ponceuse \u00e0 bois bande oscillante, Level 150: Futura Woodmac (Italie)' title='Ponceuse \u00e0 bois bande oscillante, Level 150: Futura Woodmac (Italie)'  itemprop=\"thumbnailUrl\"  \/><\/a><\/div><\/div><\/div><br \/>\n<section class=\"av_textblock_section \"  itemscope=\"itemscope\" itemtype=\"https:\/\/schema.org\/CreativeWork\" ><div class='avia_textblock  '   itemprop=\"text\" ><h3 style=\"color: #c70039;\"><a href=\"https:\/\/www.futura-woodmac.com\/fr\/machines-a-bois\/ponceuse-bande-oscillante-level-150\/\">LEVEL 150<\/a><\/h3>\n<h6>Machine pour menuiserie et bricoleurs<\/h6>\n<p>Ponceuse.<\/p>\n<\/div><\/section><\/p><\/div>\n<div class=\"flex_column av_one_third  flex_column_div av-zero-column-padding   avia-builder-el-6  el_after_av_one_third  el_before_av_section  avia-builder-el-last  column-top-margin\" style='border-radius:0px; '><p><div  class='avia-image-container  av-styling-    avia-builder-el-7  el_before_av_textblock  avia-builder-el-first  avia-align-center '  itemprop=\"image\" itemscope=\"itemscope\" itemtype=\"https:\/\/schema.org\/ImageObject\"  ><div class='avia-image-container-inner'><div class='avia-image-overlay-wrap'><a href='\/fr\/machines-a-bois\/ponceuse-menuiserie-bricoleurs-sfera-60\/' class='avia_image'  ><img class='avia_image ' src='https:\/\/www.futura-woodmac.com\/wp-content\/uploads\/futura-woodmac-sfera-60-ponceuse-bois-g-disque-5785.jpg' alt='Ponceuse \u00e0 bois, Sfera 60: Futura Woodmac (Italie)' title='Ponceuse \u00e0 bois, Sfera 60: Futura Woodmac (Italie)'  itemprop=\"thumbnailUrl\"  \/><\/a><\/div><\/div><\/div><br \/>\n<section class=\"av_textblock_section \"  itemscope=\"itemscope\" itemtype=\"https:\/\/schema.org\/CreativeWork\" ><div class='avia_textblock  '   itemprop=\"text\" ><h3 style=\"color: #c70039;\"><a href=\"https:\/\/www.futura-woodmac.com\/fr\/machines-a-bois\/ponceuse-menuiserie-bricoleurs-sfera-60\/\">SFERA 60<\/a><\/h3>\n<h6>Machine pour menuiserie et bricoleurs<\/h6>\n<p>Ponceuse.<\/p>\n<\/div><\/section><\/p><\/div><\/div><\/div><\/div><!-- close content main div --><\/div><\/div><div id='av_section_1'  class='avia-section alternate_color avia-section-large avia-shadow  avia-bg-style-scroll  avia-builder-el-9  el_after_av_one_third  el_before_av_section   container_wrap sidebar_right' style=' '  ><div class='container' ><div class='template-page content  av-content-small alpha units'><div class='post-entry post-entry-type-page post-entry-7527'><div class='entry-content-wrapper clearfix'>\n<div class=\"flex_column av_one_third  flex_column_div first  avia-builder-el-10  el_before_av_two_third  avia-builder-el-first  \" ><section class=\"av_textblock_section \"  itemscope=\"itemscope\" itemtype=\"https:\/\/schema.org\/CreativeWork\" ><div class='avia_textblock  '   itemprop=\"text\" ><h2 style=\"text-align: right;\">Ponceuses<br \/>\n\u00e0 Bois<br \/>\nFutura Woodmac<\/h2>\n<\/div><\/section><br \/>\n<div   class='hr hr-short hr-right   avia-builder-el-12  el_after_av_textblock  el_before_av_textblock '><span class='hr-inner ' ><span class='hr-inner-style'><\/span><\/span><\/div><br \/>\n<section class=\"av_textblock_section \"  itemscope=\"itemscope\" itemtype=\"https:\/\/schema.org\/CreativeWork\" ><div class='avia_textblock  '   itemprop=\"text\" ><p style=\"text-align: right;\">Depuis 1984 pas seulement<br \/>\ndes machines \u00e0 bois, mais<br \/>\nde vraies solutions et une nouvelle valeur.<br \/>\nAu service des partenaires et des clients,<br \/>\nen Italie et dans le monde.<\/p>\n<p style=\"text-align: right;\">Personnel comp\u00e9tent et multilingue,<br \/>\norient\u00e9 vers des r\u00e9sultats concrets.<\/p>\n<\/div><\/section><\/p><\/div><div class=\"flex_column av_two_third  flex_column_div av-zero-column-padding   avia-builder-el-14  el_after_av_one_third  el_before_av_one_full  \" style='border-radius:0px; '><div  class='avia-image-container  av-styling-    avia-builder-el-15  avia-builder-el-no-sibling  avia-align-center '  itemprop=\"image\" itemscope=\"itemscope\" itemtype=\"https:\/\/schema.org\/ImageObject\"  ><div class='avia-image-container-inner'><div class='avia-image-overlay-wrap'><img class='avia_image' src='https:\/\/www.futura-woodmac.com\/wp-content\/uploads\/futura-woodmac-entreprise-fabricant-machines-a-bois-n-equipe-0048.jpg' alt='Futura Woodmac: Entreprise Machines \u00e0 Bois' title='Futura Woodmac: Entreprise Machines \u00e0 Bois' height=\"345\" width=\"600\"  itemprop=\"thumbnailUrl\"  \/><\/div><\/div><\/div><\/div><div class=\"flex_column av_one_full  flex_column_div av-zero-column-padding first  avia-builder-el-16  el_after_av_two_third  avia-builder-el-last  column-top-margin\" style='border-radius:0px; '><div   class='av_promobox  avia-button-yes   avia-builder-el-17  avia-builder-el-no-sibling '>\t\t<div class='avia-promocontent'><\/p>\n<p style=\"text-align: left;\">Notre chemin vers l&rsquo;efficacit\u00e9:<br \/>\n\u00e9couter, interpr\u00e9ter, concevoir, tester, personnaliser, r\u00e9soudre.<\/p>\n<p>\n<\/div><div  class='avia-button-wrap avia-button-right ' ><a href='\/fr\/contacts\/'  class='avia-button   avia-icon_select-yes-left-icon avia-color-theme-color avia-size-large avia-position-right '   ><span class='avia_button_icon avia_button_icon_left ' aria-hidden='true' data-av_icon='\ue80b' data-av_iconfont='entypo-fontello'><\/span><span class='avia_iconbox_title' >DEMANDEZ INFORMATION<\/span><\/a><\/div><\/div><\/div>\n<\/p>\n<\/div><\/div><\/div><!-- close content main div --><\/div><\/div><div id='av_section_2'  class='avia-section alternate_color avia-section-large avia-no-border-styling  avia-bg-style-scroll  avia-builder-el-18  el_after_av_section  avia-builder-el-last   container_wrap sidebar_right' style=' '  ><div class='container' ><div class='template-page content  av-content-small alpha units'><div class='post-entry post-entry-type-page post-entry-7527'><div class='entry-content-wrapper clearfix'>\n<div  class='av-social-sharing-box  avia-builder-el-19  avia-builder-el-no-sibling  '><div class='av-share-box'><ul class='av-share-box-list noLightbox'><li class='av-share-link av-social-link-facebook' ><a target=\"_blank\" aria-label=\"Partager sur Facebook\" href='https:\/\/www.facebook.com\/sharer.php?u=https:\/\/www.futura-woodmac.com\/fr\/ponceuses-bois\/&#038;t=Ponceuses' aria-hidden='false' data-av_icon='\ue8f3' data-av_iconfont='entypo-fontello' title='' data-avia-related-tooltip='Partager sur Facebook' rel=\"noopener\"><span class='avia_hidden_link_text'>Partager sur Facebook<\/span><\/a><\/li><li class='av-share-link av-social-link-twitter' ><a target=\"_blank\" aria-label=\"Partager sur Twitter\" href='https:\/\/twitter.com\/share?text=Ponceuses&#038;url=https:\/\/www.futura-woodmac.com\/fr\/?p=7527' aria-hidden='false' data-av_icon='\ue8f1' data-av_iconfont='entypo-fontello' title='' data-avia-related-tooltip='Partager sur Twitter' rel=\"noopener\"><span class='avia_hidden_link_text'>Partager sur Twitter<\/span><\/a><\/li><li class='av-share-link av-social-link-whatsapp' ><a target=\"_blank\" aria-label=\"Share on WhatsApp\" href='https:\/\/api.whatsapp.com\/send?text=https:\/\/www.futura-woodmac.com\/fr\/ponceuses-bois\/' aria-hidden='false' data-av_icon='\uf232' data-av_iconfont='entypo-fontello' title='' data-avia-related-tooltip='Share on WhatsApp' rel=\"noopener\"><span class='avia_hidden_link_text'>Share on WhatsApp<\/span><\/a><\/li><li class='av-share-link av-social-link-pinterest' ><a target=\"_blank\" aria-label=\"Partager sur Pinterest\" href='https:\/\/pinterest.com\/pin\/create\/button\/?url=https%3A%2F%2Fwww.futura-woodmac.com%2Ffr%2Fponceuses-bois%2F&#038;description=Ponceuses&#038;media=' aria-hidden='false' data-av_icon='\ue8f8' data-av_iconfont='entypo-fontello' title='' data-avia-related-tooltip='Partager sur Pinterest' rel=\"noopener\"><span class='avia_hidden_link_text'>Partager sur Pinterest<\/span><\/a><\/li><li class='av-share-link av-social-link-linkedin' ><a target=\"_blank\" aria-label=\"Partager sur LinkedIn\" href='https:\/\/linkedin.com\/shareArticle?mini=true&#038;title=Ponceuses&#038;url=https:\/\/www.futura-woodmac.com\/fr\/ponceuses-bois\/' aria-hidden='false' data-av_icon='\ue8fc' data-av_iconfont='entypo-fontello' title='' data-avia-related-tooltip='Partager sur LinkedIn' rel=\"noopener\"><span class='avia_hidden_link_text'>Partager sur LinkedIn<\/span><\/a><\/li><li class='av-share-link av-social-link-tumblr' ><a target=\"_blank\" aria-label=\"Partager sur Tumblr\" href='https:\/\/www.tumblr.com\/share\/link?url=https%3A%2F%2Fwww.futura-woodmac.com%2Ffr%2Fponceuses-bois%2F&#038;name=Ponceuses&#038;description=' aria-hidden='false' data-av_icon='\ue8fa' data-av_iconfont='entypo-fontello' title='' data-avia-related-tooltip='Partager sur Tumblr' rel=\"noopener\"><span class='avia_hidden_link_text'>Partager sur Tumblr<\/span><\/a><\/li><li class='av-share-link av-social-link-vk' ><a target=\"_blank\" aria-label=\"Partager sur Vk\" href='https:\/\/vk.com\/share.php?url=https:\/\/www.futura-woodmac.com\/fr\/ponceuses-bois\/' aria-hidden='false' data-av_icon='\ue926' data-av_iconfont='entypo-fontello' title='' data-avia-related-tooltip='Partager sur Vk' rel=\"noopener\"><span class='avia_hidden_link_text'>Partager sur Vk<\/span><\/a><\/li><li class='av-share-link av-social-link-reddit' ><a target=\"_blank\" aria-label=\"Partager sur Reddit\" href='https:\/\/reddit.com\/submit?url=https:\/\/www.futura-woodmac.com\/fr\/ponceuses-bois\/&#038;title=Ponceuses' aria-hidden='false' data-av_icon='\ue927' data-av_iconfont='entypo-fontello' title='' data-avia-related-tooltip='Partager sur Reddit' rel=\"noopener\"><span class='avia_hidden_link_text'>Partager sur Reddit<\/span><\/a><\/li><li class='av-share-link av-social-link-mail' ><a  aria-label=\"Partager par Mail\" href='mailto:?subject=Ponceuses&#038;body=https:\/\/www.futura-woodmac.com\/fr\/ponceuses-bois\/' aria-hidden='false' data-av_icon='\ue805' data-av_iconfont='entypo-fontello' title='' data-avia-related-tooltip='Partager par Mail'><span class='avia_hidden_link_text'>Partager par Mail<\/span><\/a><\/li><\/ul><\/div><\/div>\n<\/div><\/div><\/div><!-- close content main div --><\/div><\/div><div id='after_section_2'  class='main_color av_default_container_wrap container_wrap sidebar_right' style=' '  ><div class='container' ><div class='template-page content  av-content-small alpha units'><div class='post-entry post-entry-type-page post-entry-7527'><div class='entry-content-wrapper clearfix'>\n","protected":false},"excerpt":{"rendered":"","protected":false},"author":1,"featured_media":0,"parent":0,"menu_order":0,"comment_status":"closed","ping_status":"closed","template":"","meta":[],"yoast_head":"<!-- This site is optimized with the Yoast SEO plugin v19.3 - https:\/\/yoast.com\/wordpress\/plugins\/seo\/ -->\n<title>Ponceuses \u00e0 Bois, pour Menuiseries et Bricoleurs<\/title>\n<meta name=\"description\" content=\"Ponceuses \u00e0 bois, pour menuiseries et bricoleurs: pon\u00e7age du bois massif, des panneaux de fibres, des panneaux des particules et des panneaux contreplaqu\u00e9s.\" \/>\n<meta name=\"robots\" content=\"index, follow, max-snippet:-1, max-image-preview:large, max-video-preview:-1\" \/>\n<link rel=\"canonical\" href=\"https:\/\/www.futura-woodmac.com\/fr\/ponceuses-bois\/\" \/>\n<meta property=\"og:locale\" content=\"fr_FR\" \/>\n<meta property=\"og:type\" content=\"article\" \/>\n<meta property=\"og:title\" content=\"Ponceuses \u00e0 Bois, pour Menuiseries et Bricoleurs\" \/>\n<meta property=\"og:description\" content=\"Ponceuses \u00e0 bois, pour menuiseries et bricoleurs: pon\u00e7age du bois massif, des panneaux de fibres, des panneaux des particules et des panneaux contreplaqu\u00e9s.\" \/>\n<meta property=\"og:url\" content=\"https:\/\/www.futura-woodmac.com\/fr\/ponceuses-bois\/\" \/>\n<meta property=\"og:site_name\" content=\"Futura Woodmac - Macchine Lavorazione Legno\" \/>\n<meta property=\"article:modified_time\" content=\"2023-09-26T15:40:37+00:00\" \/>\n<meta property=\"og:image\" content=\"https:\/\/www.futura-woodmac.com\/wp-content\/uploads\/futura-woodmac-macchine-lavorazione-legno-logo.png\" \/>\n\t<meta property=\"og:image:width\" content=\"340\" \/>\n\t<meta property=\"og:image:height\" content=\"156\" \/>\n\t<meta property=\"og:image:type\" content=\"image\/png\" \/>\n<meta name=\"twitter:card\" content=\"summary_large_image\" \/>\n<script type=\"application\/ld+json\" class=\"yoast-schema-graph\">{\"@context\":\"https:\/\/schema.org\",\"@graph\":[{\"@type\":\"Organization\",\"@id\":\"https:\/\/www.futura-woodmac.com\/fr\/#organization\",\"name\":\"Futura Woodmac\",\"url\":\"https:\/\/www.futura-woodmac.com\/fr\/\",\"sameAs\":[\"https:\/\/www.linkedin.com\/company\/metalstar-2000-srl\/\",\"https:\/\/www.youtube.com\/channel\/UCXW0vvohCqNIhxCJ1xUcZTQ\"],\"logo\":{\"@type\":\"ImageObject\",\"inLanguage\":\"fr-FR\",\"@id\":\"https:\/\/www.futura-woodmac.com\/fr\/#\/schema\/logo\/image\/\",\"url\":\"https:\/\/www.futura-woodmac.com\/wp-content\/uploads\/futura-woodmac-macchine-lavorazione-legno-logo.png\",\"contentUrl\":\"https:\/\/www.futura-woodmac.com\/wp-content\/uploads\/futura-woodmac-macchine-lavorazione-legno-logo.png\",\"width\":340,\"height\":156,\"caption\":\"Futura Woodmac\"},\"image\":{\"@id\":\"https:\/\/www.futura-woodmac.com\/fr\/#\/schema\/logo\/image\/\"}},{\"@type\":\"WebSite\",\"@id\":\"https:\/\/www.futura-woodmac.com\/fr\/#website\",\"url\":\"https:\/\/www.futura-woodmac.com\/fr\/\",\"name\":\"Futura Woodmac - Macchine Lavorazione Legno\",\"description\":\"Produzione macchine per falegnameria e lavorazione industriale del legno\",\"publisher\":{\"@id\":\"https:\/\/www.futura-woodmac.com\/fr\/#organization\"},\"potentialAction\":[{\"@type\":\"SearchAction\",\"target\":{\"@type\":\"EntryPoint\",\"urlTemplate\":\"https:\/\/www.futura-woodmac.com\/fr\/?s={search_term_string}\"},\"query-input\":\"required name=search_term_string\"}],\"inLanguage\":\"fr-FR\"},{\"@type\":\"WebPage\",\"@id\":\"https:\/\/www.futura-woodmac.com\/fr\/ponceuses-bois\/\",\"url\":\"https:\/\/www.futura-woodmac.com\/fr\/ponceuses-bois\/\",\"name\":\"Ponceuses \u00e0 Bois, pour Menuiseries et Bricoleurs\",\"isPartOf\":{\"@id\":\"https:\/\/www.futura-woodmac.com\/fr\/#website\"},\"datePublished\":\"2021-03-31T11:42:39+00:00\",\"dateModified\":\"2023-09-26T15:40:37+00:00\",\"description\":\"Ponceuses \u00e0 bois, pour menuiseries et bricoleurs: pon\u00e7age du bois massif, des panneaux de fibres, des panneaux des particules et des panneaux contreplaqu\u00e9s.\",\"breadcrumb\":{\"@id\":\"https:\/\/www.futura-woodmac.com\/fr\/ponceuses-bois\/#breadcrumb\"},\"inLanguage\":\"fr-FR\",\"potentialAction\":[{\"@type\":\"ReadAction\",\"target\":[\"https:\/\/www.futura-woodmac.com\/fr\/ponceuses-bois\/\"]}]},{\"@type\":\"BreadcrumbList\",\"@id\":\"https:\/\/www.futura-woodmac.com\/fr\/ponceuses-bois\/#breadcrumb\",\"itemListElement\":[{\"@type\":\"ListItem\",\"position\":1,\"name\":\"Home\",\"item\":\"https:\/\/www.futura-woodmac.com\/fr\/\"},{\"@type\":\"ListItem\",\"position\":2,\"name\":\"Ponceuses\"}]}]}<\/script>\n<!-- \/ Yoast SEO plugin. -->","yoast_head_json":{"title":"Ponceuses \u00e0 Bois, pour Menuiseries et Bricoleurs","description":"Ponceuses \u00e0 bois, pour menuiseries et bricoleurs: pon\u00e7age du bois massif, des panneaux de fibres, des panneaux des particules et des panneaux contreplaqu\u00e9s.","robots":{"index":"index","follow":"follow","max-snippet":"max-snippet:-1","max-image-preview":"max-image-preview:large","max-video-preview":"max-video-preview:-1"},"canonical":"https:\/\/www.futura-woodmac.com\/fr\/ponceuses-bois\/","og_locale":"fr_FR","og_type":"article","og_title":"Ponceuses \u00e0 Bois, pour Menuiseries et Bricoleurs","og_description":"Ponceuses \u00e0 bois, pour menuiseries et bricoleurs: pon\u00e7age du bois massif, des panneaux de fibres, des panneaux des particules et des panneaux contreplaqu\u00e9s.","og_url":"https:\/\/www.futura-woodmac.com\/fr\/ponceuses-bois\/","og_site_name":"Futura Woodmac - Macchine Lavorazione Legno","article_modified_time":"2023-09-26T15:40:37+00:00","og_image":[{"width":340,"height":156,"url":"https:\/\/www.futura-woodmac.com\/wp-content\/uploads\/futura-woodmac-macchine-lavorazione-legno-logo.png","type":"image\/png"}],"twitter_card":"summary_large_image","schema":{"@context":"https:\/\/schema.org","@graph":[{"@type":"Organization","@id":"https:\/\/www.futura-woodmac.com\/fr\/#organization","name":"Futura Woodmac","url":"https:\/\/www.futura-woodmac.com\/fr\/","sameAs":["https:\/\/www.linkedin.com\/company\/metalstar-2000-srl\/","https:\/\/www.youtube.com\/channel\/UCXW0vvohCqNIhxCJ1xUcZTQ"],"logo":{"@type":"ImageObject","inLanguage":"fr-FR","@id":"https:\/\/www.futura-woodmac.com\/fr\/#\/schema\/logo\/image\/","url":"https:\/\/www.futura-woodmac.com\/wp-content\/uploads\/futura-woodmac-macchine-lavorazione-legno-logo.png","contentUrl":"https:\/\/www.futura-woodmac.com\/wp-content\/uploads\/futura-woodmac-macchine-lavorazione-legno-logo.png","width":340,"height":156,"caption":"Futura Woodmac"},"image":{"@id":"https:\/\/www.futura-woodmac.com\/fr\/#\/schema\/logo\/image\/"}},{"@type":"WebSite","@id":"https:\/\/www.futura-woodmac.com\/fr\/#website","url":"https:\/\/www.futura-woodmac.com\/fr\/","name":"Futura Woodmac - Macchine Lavorazione Legno","description":"Produzione macchine per falegnameria e lavorazione industriale del legno","publisher":{"@id":"https:\/\/www.futura-woodmac.com\/fr\/#organization"},"potentialAction":[{"@type":"SearchAction","target":{"@type":"EntryPoint","urlTemplate":"https:\/\/www.futura-woodmac.com\/fr\/?s={search_term_string}"},"query-input":"required name=search_term_string"}],"inLanguage":"fr-FR"},{"@type":"WebPage","@id":"https:\/\/www.futura-woodmac.com\/fr\/ponceuses-bois\/","url":"https:\/\/www.futura-woodmac.com\/fr\/ponceuses-bois\/","name":"Ponceuses \u00e0 Bois, pour Menuiseries et Bricoleurs","isPartOf":{"@id":"https:\/\/www.futura-woodmac.com\/fr\/#website"},"datePublished":"2021-03-31T11:42:39+00:00","dateModified":"2023-09-26T15:40:37+00:00","description":"Ponceuses \u00e0 bois, pour menuiseries et bricoleurs: pon\u00e7age du bois massif, des panneaux de fibres, des panneaux des particules et des panneaux contreplaqu\u00e9s.","breadcrumb":{"@id":"https:\/\/www.futura-woodmac.com\/fr\/ponceuses-bois\/#breadcrumb"},"inLanguage":"fr-FR","potentialAction":[{"@type":"ReadAction","target":["https:\/\/www.futura-woodmac.com\/fr\/ponceuses-bois\/"]}]},{"@type":"BreadcrumbList","@id":"https:\/\/www.futura-woodmac.com\/fr\/ponceuses-bois\/#breadcrumb","itemListElement":[{"@type":"ListItem","position":1,"name":"Home","item":"https:\/\/www.futura-woodmac.com\/fr\/"},{"@type":"ListItem","position":2,"name":"Ponceuses"}]}]}},"_links":{"self":[{"href":"https:\/\/www.futura-woodmac.com\/fr\/wp-json\/wp\/v2\/pages\/7527"}],"collection":[{"href":"https:\/\/www.futura-woodmac.com\/fr\/wp-json\/wp\/v2\/pages"}],"about":[{"href":"https:\/\/www.futura-woodmac.com\/fr\/wp-json\/wp\/v2\/types\/page"}],"author":[{"embeddable":true,"href":"https:\/\/www.futura-woodmac.com\/fr\/wp-json\/wp\/v2\/users\/1"}],"replies":[{"embeddable":true,"href":"https:\/\/www.futura-woodmac.com\/fr\/wp-json\/wp\/v2\/comments?post=7527"}],"version-history":[{"count":13,"href":"https:\/\/www.futura-woodmac.com\/fr\/wp-json\/wp\/v2\/pages\/7527\/revisions"}],"predecessor-version":[{"id":9861,"href":"https:\/\/www.futura-woodmac.com\/fr\/wp-json\/wp\/v2\/pages\/7527\/revisions\/9861"}],"wp:attachment":[{"href":"https:\/\/www.futura-woodmac.com\/fr\/wp-json\/wp\/v2\/media?parent=7527"}],"curies":[{"name":"wp","href":"https:\/\/api.w.org\/{rel}","templated":true}]}}