{"id":9516,"date":"2022-10-10T15:38:07","date_gmt":"2022-10-10T13:38:07","guid":{"rendered":"https:\/\/www.futura-woodmac.com\/systemes-manutention-industrielle-bois\/"},"modified":"2022-10-10T17:14:04","modified_gmt":"2022-10-10T15:14:04","slug":"systemes-manutention-industrielle-bois","status":"publish","type":"page","link":"https:\/\/www.futura-woodmac.com\/fr\/systemes-manutention-industrielle-bois\/","title":{"rendered":"Syst\u00e8mes de Manutention"},"content":{"rendered":"<section class=\"av_textblock_section \"  itemscope=\"itemscope\" itemtype=\"https:\/\/schema.org\/CreativeWork\" ><div class='avia_textblock  '   itemprop=\"text\" ><h1>SYST\u00c8MES DE MANUTENTION<\/h1>\n<h2 style=\"font-size: medium;\">Manutention Industrielle: Automatique, pour Bois et pas seulement<\/h2>\n<\/div><\/section>\n<div class=\"flex_column av_one_full  flex_column_div av-zero-column-padding first  avia-builder-el-1  el_after_av_textblock  el_before_av_one_third  column-top-margin\" style='border-radius:0px; '><section class=\"av_textblock_section \"  itemscope=\"itemscope\" itemtype=\"https:\/\/schema.org\/CreativeWork\" ><div class='avia_textblock  '   itemprop=\"text\" ><p>Les <strong>syst\u00e8mes de manutention de Futura Woodmac<\/strong> sont d&rsquo;excellents syst\u00e8mes d\u2019automatisation industrielle dans la manutention des produits depuis la machine jusqu\u2019au poste de l\u2019op\u00e9rateur.<br \/>\nEn effet, l\u2019objectif des grandes et petites entreprises les plus vertueuses est de r\u00e9duire la manutention manuelle des pi\u00e8ces au minimum, en poursuivant le plus possible un flux automatique, donc continu, de l\u2019usinage, et de ce fait \u00e9galement la plus grande efficacit\u00e9 possible.<br \/>\nLes syst\u00e8mes de manutention industrielle produits par Futura Woodmac agissent \u00e0 cette fin gr\u00e2ce \u00e0 des convoyeurs \u00e0 rouleaux (avec rouleaux, courroies et\/ou bandes transporteuses), faciles \u00e0 g\u00e9rer et \u00e0 la structure en acier \u00e9lectro-soud\u00e9 robuste, personnalis\u00e9s sur mesure avec un projet 3D ad-hoc de notre bureau technique qui assure la meilleure int\u00e9gration, automatique, des processus de traitement et des syst\u00e8mes impliqu\u00e9s.<br \/>\nOutre le fait d&rsquo;augmenter nettement la productivit\u00e9 r\u00e9elle, de cette fa\u00e7on, aussi bien l&rsquo;int\u00e9grit\u00e9 des produits transport\u00e9s que la s\u00e9curit\u00e9 des op\u00e9rateurs impliqu\u00e9s sont davantage pr\u00e9serv\u00e9s.<\/p>\n<\/div><\/section><\/div><div class=\"flex_column av_one_third  flex_column_div av-zero-column-padding first  avia-builder-el-3  el_after_av_one_full  el_before_av_one_third  column-top-margin\" style='border-radius:0px; '><p><div  class='avia-image-container  av-styling-    avia-builder-el-4  el_before_av_textblock  avia-builder-el-first  avia-align-center '  itemprop=\"image\" itemscope=\"itemscope\" itemtype=\"https:\/\/schema.org\/ImageObject\"  ><div class='avia-image-container-inner'><div class='avia-image-overlay-wrap'><a href='https:\/\/www.futura-woodmac.com\/fr\/machines-a-bois\/convoyeur-rouleaux-retour-pieces-bumerang-s1\/' class='avia_image'  ><img class='avia_image ' src='https:\/\/www.futura-woodmac.com\/wp-content\/uploads\/futura-woodmac-bumerang-s1-rouleaux-retour-pieces-g-vue-generale-2210.jpg' alt='Convoyeur \u00e0 rouleaux retour pi\u00e8ces plaqueuse de chant Bumerang S1, Futura Woodmac' title='Convoyeur \u00e0 rouleaux retour pi\u00e8ces plaqueuse de chant Bumerang S1, Futura Woodmac'  itemprop=\"thumbnailUrl\"  \/><\/a><\/div><\/div><\/div><br \/>\n<section class=\"av_textblock_section \"  itemscope=\"itemscope\" itemtype=\"https:\/\/schema.org\/CreativeWork\" ><div class='avia_textblock  '   itemprop=\"text\" ><h3 style=\"color: #c70039;\"><a href=\"https:\/\/www.futura-woodmac.com\/fr\/machines-a-bois\/convoyeur-rouleaux-retour-pieces-bumerang-s1\/\">BUMERANG S1<\/a><\/h3>\n<h6>Pour menuiserie et industrie du bois<\/h6>\n<p>Convoyeur \u00e0 rouleaux retour pi\u00e8ces plaqueuse de chant.<\/p>\n<\/div><\/section><\/p><\/div><\/p>\n<div class=\"flex_column av_one_third  flex_column_div av-zero-column-padding   avia-builder-el-6  el_after_av_one_third  el_before_av_section  avia-builder-el-last  column-top-margin\" style='border-radius:0px; '><p><div  class='avia-image-container  av-styling-    avia-builder-el-7  el_before_av_textblock  avia-builder-el-first  avia-align-center '  itemprop=\"image\" itemscope=\"itemscope\" itemtype=\"https:\/\/schema.org\/ImageObject\"  ><div class='avia-image-container-inner'><div class='avia-image-overlay-wrap'><img class='avia_image' src='https:\/\/www.futura-woodmac.com\/wp-content\/uploads\/futura-woodmac-automatisations-super-program-g-vue-generale-2345.jpg' alt='Convoyeur \u00e0 rouleau en sortie pour mouluri\u00e8res, Futura Woodmac' title='Convoyeur \u00e0 rouleau en sortie pour mouluri\u00e8res, Futura Woodmac' height=\"200\" width=\"300\"  itemprop=\"thumbnailUrl\"  \/><\/div><\/div><\/div><br \/>\n<section class=\"av_textblock_section \"  itemscope=\"itemscope\" itemtype=\"https:\/\/schema.org\/CreativeWork\" ><div class='avia_textblock  '   itemprop=\"text\" ><h3 style=\"color: #c70039;\">AUTOMATISATIONS SUR MESURE<\/h3>\n<h6>Pour menuiserie et industrie du bois<\/h6>\n<p>Convoyeur \u00e0 rouleau en sortie pour mouluri\u00e8res.<\/p>\n<\/div><\/section><\/p><\/div>\n<\/div><\/div><\/div><!-- close content main div --><\/div><\/div><div id='av_section_1'  class='avia-section alternate_color avia-section-large avia-shadow  avia-bg-style-scroll  avia-builder-el-9  el_after_av_one_third  el_before_av_section   container_wrap sidebar_right' style=' '  ><div class='container' ><div class='template-page content  av-content-small alpha units'><div class='post-entry post-entry-type-page post-entry-9516'><div class='entry-content-wrapper clearfix'>\n<div class=\"flex_column av_one_third  flex_column_div first  avia-builder-el-10  el_before_av_two_third  avia-builder-el-first  \" ><section class=\"av_textblock_section \"  itemscope=\"itemscope\" itemtype=\"https:\/\/schema.org\/CreativeWork\" ><div class='avia_textblock  '   itemprop=\"text\" ><h2 style=\"text-align: right;\">Syst\u00e8mes<br \/>\nManutention<br \/>\nFutura Woodmac<\/h2>\n<\/div><\/section><br \/>\n<div   class='hr hr-short hr-right   avia-builder-el-12  el_after_av_textblock  el_before_av_textblock '><span class='hr-inner ' ><span class='hr-inner-style'><\/span><\/span><\/div><br \/>\n<section class=\"av_textblock_section \"  itemscope=\"itemscope\" itemtype=\"https:\/\/schema.org\/CreativeWork\" ><div class='avia_textblock  '   itemprop=\"text\" ><p style=\"text-align: right;\">Depuis 1984, pas juste des machines<br \/>\npour le traitement du bois,<br \/>\nmais des solutions r\u00e9elles et de nouvelles valeurs.<br \/>\nAu service de partenaires et clients,<br \/>\nen Italie et dans le monde.<\/p>\n<p style=\"text-align: right;\">\u00c9quipe comp\u00e9tente et multilingue,<br \/>\ntourn\u00e9e vers des r\u00e9sultats concrets.<\/p>\n<\/div><\/section><\/p><\/div><div class=\"flex_column av_two_third  flex_column_div av-zero-column-padding   avia-builder-el-14  el_after_av_one_third  el_before_av_one_full  \" style='border-radius:0px; '><div  class='avia-image-container  av-styling-    avia-builder-el-15  avia-builder-el-no-sibling  avia-align-center '  itemprop=\"image\" itemscope=\"itemscope\" itemtype=\"https:\/\/schema.org\/ImageObject\"  ><div class='avia-image-container-inner'><div class='avia-image-overlay-wrap'><img class='avia_image' src='https:\/\/www.futura-woodmac.com\/wp-content\/uploads\/futura-woodmac-entreprise-fabricant-machines-a-bois-n-equipe-0048.jpg' alt='Futura Woodmac: Entreprise Machines \u00e0 Bois' title='Futura Woodmac: Entreprise Machines \u00e0 Bois' height=\"345\" width=\"600\"  itemprop=\"thumbnailUrl\"  \/><\/div><\/div><\/div><\/div><div class=\"flex_column av_one_full  flex_column_div av-zero-column-padding first  avia-builder-el-16  el_after_av_two_third  avia-builder-el-last  column-top-margin\" style='border-radius:0px; '><div   class='av_promobox  avia-button-yes   avia-builder-el-17  avia-builder-el-no-sibling '>\t\t<div class='avia-promocontent'><\/p>\n<p style=\"text-align: left;\">Notre parcours vers l\u2019efficacit\u00e9:<br \/>\n\u00e9couter, interpr\u00e9ter, concevoir, tester, personnaliser, r\u00e9soudre.<\/p>\n<p>\n<\/div><div  class='avia-button-wrap avia-button-right ' ><a href='https:\/\/www.futura-woodmac.com\/fr\/contacts\/'  class='avia-button   avia-icon_select-yes-left-icon avia-color-theme-color avia-size-large avia-position-right '   ><span class='avia_button_icon avia_button_icon_left ' aria-hidden='true' data-av_icon='\ue80b' data-av_iconfont='entypo-fontello'><\/span><span class='avia_iconbox_title' >DEMANDEZ INFORMATION<\/span><\/a><\/div><\/div><\/div>\n\n<\/div><\/div><\/div><!-- close content main div --><\/div><\/div><div id='av_section_2'  class='avia-section alternate_color avia-section-large avia-no-border-styling  avia-bg-style-scroll  avia-builder-el-18  el_after_av_section  avia-builder-el-last   container_wrap sidebar_right' style=' '  ><div class='container' ><div class='template-page content  av-content-small alpha units'><div class='post-entry post-entry-type-page post-entry-9516'><div class='entry-content-wrapper clearfix'>\n<div  class='av-social-sharing-box  avia-builder-el-19  avia-builder-el-no-sibling  '><div class='av-share-box'><ul class='av-share-box-list noLightbox'><li class='av-share-link av-social-link-facebook' ><a target=\"_blank\" aria-label=\"Partager sur Facebook\" href='https:\/\/www.facebook.com\/sharer.php?u=https:\/\/www.futura-woodmac.com\/fr\/systemes-manutention-industrielle-bois\/&#038;t=Syst%C3%A8mes%20de%20Manutention' aria-hidden='false' data-av_icon='\ue8f3' data-av_iconfont='entypo-fontello' title='' data-avia-related-tooltip='Partager sur Facebook' rel=\"noopener\"><span class='avia_hidden_link_text'>Partager sur Facebook<\/span><\/a><\/li><li class='av-share-link av-social-link-twitter' ><a target=\"_blank\" aria-label=\"Partager sur Twitter\" href='https:\/\/twitter.com\/share?text=Syst%C3%A8mes%20de%20Manutention&#038;url=https:\/\/www.futura-woodmac.com\/fr\/?p=9516' aria-hidden='false' data-av_icon='\ue8f1' data-av_iconfont='entypo-fontello' title='' data-avia-related-tooltip='Partager sur Twitter' rel=\"noopener\"><span class='avia_hidden_link_text'>Partager sur Twitter<\/span><\/a><\/li><li class='av-share-link av-social-link-whatsapp' ><a target=\"_blank\" aria-label=\"Share on WhatsApp\" href='https:\/\/api.whatsapp.com\/send?text=https:\/\/www.futura-woodmac.com\/fr\/systemes-manutention-industrielle-bois\/' aria-hidden='false' data-av_icon='\uf232' data-av_iconfont='entypo-fontello' title='' data-avia-related-tooltip='Share on WhatsApp' rel=\"noopener\"><span class='avia_hidden_link_text'>Share on WhatsApp<\/span><\/a><\/li><li class='av-share-link av-social-link-pinterest' ><a target=\"_blank\" aria-label=\"Partager sur Pinterest\" href='https:\/\/pinterest.com\/pin\/create\/button\/?url=https%3A%2F%2Fwww.futura-woodmac.com%2Ffr%2Fsystemes-manutention-industrielle-bois%2F&#038;description=Syst%C3%A8mes%20de%20Manutention&#038;media=' aria-hidden='false' data-av_icon='\ue8f8' data-av_iconfont='entypo-fontello' title='' data-avia-related-tooltip='Partager sur Pinterest' rel=\"noopener\"><span class='avia_hidden_link_text'>Partager sur Pinterest<\/span><\/a><\/li><li class='av-share-link av-social-link-linkedin' ><a target=\"_blank\" aria-label=\"Partager sur LinkedIn\" href='https:\/\/linkedin.com\/shareArticle?mini=true&#038;title=Syst%C3%A8mes%20de%20Manutention&#038;url=https:\/\/www.futura-woodmac.com\/fr\/systemes-manutention-industrielle-bois\/' aria-hidden='false' data-av_icon='\ue8fc' data-av_iconfont='entypo-fontello' title='' data-avia-related-tooltip='Partager sur LinkedIn' rel=\"noopener\"><span class='avia_hidden_link_text'>Partager sur LinkedIn<\/span><\/a><\/li><li class='av-share-link av-social-link-tumblr' ><a target=\"_blank\" aria-label=\"Partager sur Tumblr\" href='https:\/\/www.tumblr.com\/share\/link?url=https%3A%2F%2Fwww.futura-woodmac.com%2Ffr%2Fsystemes-manutention-industrielle-bois%2F&#038;name=Syst%C3%A8mes%20de%20Manutention&#038;description=' aria-hidden='false' data-av_icon='\ue8fa' data-av_iconfont='entypo-fontello' title='' data-avia-related-tooltip='Partager sur Tumblr' rel=\"noopener\"><span class='avia_hidden_link_text'>Partager sur Tumblr<\/span><\/a><\/li><li class='av-share-link av-social-link-vk' ><a target=\"_blank\" aria-label=\"Partager sur Vk\" href='https:\/\/vk.com\/share.php?url=https:\/\/www.futura-woodmac.com\/fr\/systemes-manutention-industrielle-bois\/' aria-hidden='false' data-av_icon='\ue926' data-av_iconfont='entypo-fontello' title='' data-avia-related-tooltip='Partager sur Vk' rel=\"noopener\"><span class='avia_hidden_link_text'>Partager sur Vk<\/span><\/a><\/li><li class='av-share-link av-social-link-reddit' ><a target=\"_blank\" aria-label=\"Partager sur Reddit\" href='https:\/\/reddit.com\/submit?url=https:\/\/www.futura-woodmac.com\/fr\/systemes-manutention-industrielle-bois\/&#038;title=Syst%C3%A8mes%20de%20Manutention' aria-hidden='false' data-av_icon='\ue927' data-av_iconfont='entypo-fontello' title='' data-avia-related-tooltip='Partager sur Reddit' rel=\"noopener\"><span class='avia_hidden_link_text'>Partager sur Reddit<\/span><\/a><\/li><li class='av-share-link av-social-link-mail' ><a  aria-label=\"Partager par Mail\" href='mailto:?subject=Syst%C3%A8mes%20de%20Manutention&#038;body=https:\/\/www.futura-woodmac.com\/fr\/systemes-manutention-industrielle-bois\/' aria-hidden='false' data-av_icon='\ue805' data-av_iconfont='entypo-fontello' title='' data-avia-related-tooltip='Partager par Mail'><span class='avia_hidden_link_text'>Partager par Mail<\/span><\/a><\/li><\/ul><\/div><\/div>\n<\/div><\/div><\/div><!-- close content main div --><\/div><\/div><div id='after_section_2'  class='main_color av_default_container_wrap container_wrap sidebar_right' style=' '  ><div class='container' ><div class='template-page content  av-content-small alpha units'><div class='post-entry post-entry-type-page post-entry-9516'><div class='entry-content-wrapper clearfix'>\n","protected":false},"excerpt":{"rendered":"","protected":false},"author":1,"featured_media":0,"parent":0,"menu_order":0,"comment_status":"closed","ping_status":"closed","template":"","meta":[],"yoast_head":"<!-- This site is optimized with the Yoast SEO plugin v19.3 - https:\/\/yoast.com\/wordpress\/plugins\/seo\/ -->\n<title>Syst\u00e8mes de Manutention Industrielle: Futura Woodmac (Italie)<\/title>\n<meta name=\"description\" content=\"Syst\u00e8mes de manutention industrielle automatique: Futura Woodmac (Italie). Transport et automatisation interne, pour panneaux de bois et autres mat\u00e9riaux.\" \/>\n<meta name=\"robots\" content=\"index, follow, max-snippet:-1, max-image-preview:large, max-video-preview:-1\" \/>\n<link rel=\"canonical\" href=\"https:\/\/www.futura-woodmac.com\/fr\/systemes-manutention-industrielle-bois\/\" \/>\n<meta property=\"og:locale\" content=\"fr_FR\" \/>\n<meta property=\"og:type\" content=\"article\" \/>\n<meta property=\"og:title\" content=\"Syst\u00e8mes de Manutention Industrielle: Futura Woodmac (Italie)\" \/>\n<meta property=\"og:description\" content=\"Syst\u00e8mes de manutention industrielle automatique: Futura Woodmac (Italie). Transport et automatisation interne, pour panneaux de bois et autres mat\u00e9riaux.\" \/>\n<meta property=\"og:url\" content=\"https:\/\/www.futura-woodmac.com\/fr\/systemes-manutention-industrielle-bois\/\" \/>\n<meta property=\"og:site_name\" content=\"Futura Woodmac - Macchine Lavorazione Legno\" \/>\n<meta property=\"article:modified_time\" content=\"2022-10-10T15:14:04+00:00\" \/>\n<meta property=\"og:image\" content=\"https:\/\/www.futura-woodmac.com\/wp-content\/uploads\/futura-woodmac-macchine-lavorazione-legno-logo.png\" \/>\n\t<meta property=\"og:image:width\" content=\"340\" \/>\n\t<meta property=\"og:image:height\" content=\"156\" \/>\n\t<meta property=\"og:image:type\" content=\"image\/png\" \/>\n<meta name=\"twitter:card\" content=\"summary_large_image\" \/>\n<script type=\"application\/ld+json\" class=\"yoast-schema-graph\">{\"@context\":\"https:\/\/schema.org\",\"@graph\":[{\"@type\":\"Organization\",\"@id\":\"https:\/\/www.futura-woodmac.com\/fr\/#organization\",\"name\":\"Futura Woodmac\",\"url\":\"https:\/\/www.futura-woodmac.com\/fr\/\",\"sameAs\":[\"https:\/\/www.linkedin.com\/company\/metalstar-2000-srl\/\",\"https:\/\/www.youtube.com\/channel\/UCXW0vvohCqNIhxCJ1xUcZTQ\"],\"logo\":{\"@type\":\"ImageObject\",\"inLanguage\":\"fr-FR\",\"@id\":\"https:\/\/www.futura-woodmac.com\/fr\/#\/schema\/logo\/image\/\",\"url\":\"https:\/\/www.futura-woodmac.com\/wp-content\/uploads\/futura-woodmac-macchine-lavorazione-legno-logo.png\",\"contentUrl\":\"https:\/\/www.futura-woodmac.com\/wp-content\/uploads\/futura-woodmac-macchine-lavorazione-legno-logo.png\",\"width\":340,\"height\":156,\"caption\":\"Futura Woodmac\"},\"image\":{\"@id\":\"https:\/\/www.futura-woodmac.com\/fr\/#\/schema\/logo\/image\/\"}},{\"@type\":\"WebSite\",\"@id\":\"https:\/\/www.futura-woodmac.com\/fr\/#website\",\"url\":\"https:\/\/www.futura-woodmac.com\/fr\/\",\"name\":\"Futura Woodmac - Macchine Lavorazione Legno\",\"description\":\"Produzione macchine per falegnameria e lavorazione industriale del legno\",\"publisher\":{\"@id\":\"https:\/\/www.futura-woodmac.com\/fr\/#organization\"},\"potentialAction\":[{\"@type\":\"SearchAction\",\"target\":{\"@type\":\"EntryPoint\",\"urlTemplate\":\"https:\/\/www.futura-woodmac.com\/fr\/?s={search_term_string}\"},\"query-input\":\"required name=search_term_string\"}],\"inLanguage\":\"fr-FR\"},{\"@type\":\"WebPage\",\"@id\":\"https:\/\/www.futura-woodmac.com\/fr\/systemes-manutention-industrielle-bois\/\",\"url\":\"https:\/\/www.futura-woodmac.com\/fr\/systemes-manutention-industrielle-bois\/\",\"name\":\"Syst\u00e8mes de Manutention Industrielle: Futura Woodmac (Italie)\",\"isPartOf\":{\"@id\":\"https:\/\/www.futura-woodmac.com\/fr\/#website\"},\"datePublished\":\"2022-10-10T13:38:07+00:00\",\"dateModified\":\"2022-10-10T15:14:04+00:00\",\"description\":\"Syst\u00e8mes de manutention industrielle automatique: Futura Woodmac (Italie). Transport et automatisation interne, pour panneaux de bois et autres mat\u00e9riaux.\",\"breadcrumb\":{\"@id\":\"https:\/\/www.futura-woodmac.com\/fr\/systemes-manutention-industrielle-bois\/#breadcrumb\"},\"inLanguage\":\"fr-FR\",\"potentialAction\":[{\"@type\":\"ReadAction\",\"target\":[\"https:\/\/www.futura-woodmac.com\/fr\/systemes-manutention-industrielle-bois\/\"]}]},{\"@type\":\"BreadcrumbList\",\"@id\":\"https:\/\/www.futura-woodmac.com\/fr\/systemes-manutention-industrielle-bois\/#breadcrumb\",\"itemListElement\":[{\"@type\":\"ListItem\",\"position\":1,\"name\":\"Home\",\"item\":\"https:\/\/www.futura-woodmac.com\/fr\/\"},{\"@type\":\"ListItem\",\"position\":2,\"name\":\"Syst\u00e8mes de Manutention\"}]}]}<\/script>\n<!-- \/ Yoast SEO plugin. -->","yoast_head_json":{"title":"Syst\u00e8mes de Manutention Industrielle: Futura Woodmac (Italie)","description":"Syst\u00e8mes de manutention industrielle automatique: Futura Woodmac (Italie). Transport et automatisation interne, pour panneaux de bois et autres mat\u00e9riaux.","robots":{"index":"index","follow":"follow","max-snippet":"max-snippet:-1","max-image-preview":"max-image-preview:large","max-video-preview":"max-video-preview:-1"},"canonical":"https:\/\/www.futura-woodmac.com\/fr\/systemes-manutention-industrielle-bois\/","og_locale":"fr_FR","og_type":"article","og_title":"Syst\u00e8mes de Manutention Industrielle: Futura Woodmac (Italie)","og_description":"Syst\u00e8mes de manutention industrielle automatique: Futura Woodmac (Italie). Transport et automatisation interne, pour panneaux de bois et autres mat\u00e9riaux.","og_url":"https:\/\/www.futura-woodmac.com\/fr\/systemes-manutention-industrielle-bois\/","og_site_name":"Futura Woodmac - Macchine Lavorazione Legno","article_modified_time":"2022-10-10T15:14:04+00:00","og_image":[{"width":340,"height":156,"url":"https:\/\/www.futura-woodmac.com\/wp-content\/uploads\/futura-woodmac-macchine-lavorazione-legno-logo.png","type":"image\/png"}],"twitter_card":"summary_large_image","schema":{"@context":"https:\/\/schema.org","@graph":[{"@type":"Organization","@id":"https:\/\/www.futura-woodmac.com\/fr\/#organization","name":"Futura Woodmac","url":"https:\/\/www.futura-woodmac.com\/fr\/","sameAs":["https:\/\/www.linkedin.com\/company\/metalstar-2000-srl\/","https:\/\/www.youtube.com\/channel\/UCXW0vvohCqNIhxCJ1xUcZTQ"],"logo":{"@type":"ImageObject","inLanguage":"fr-FR","@id":"https:\/\/www.futura-woodmac.com\/fr\/#\/schema\/logo\/image\/","url":"https:\/\/www.futura-woodmac.com\/wp-content\/uploads\/futura-woodmac-macchine-lavorazione-legno-logo.png","contentUrl":"https:\/\/www.futura-woodmac.com\/wp-content\/uploads\/futura-woodmac-macchine-lavorazione-legno-logo.png","width":340,"height":156,"caption":"Futura Woodmac"},"image":{"@id":"https:\/\/www.futura-woodmac.com\/fr\/#\/schema\/logo\/image\/"}},{"@type":"WebSite","@id":"https:\/\/www.futura-woodmac.com\/fr\/#website","url":"https:\/\/www.futura-woodmac.com\/fr\/","name":"Futura Woodmac - Macchine Lavorazione Legno","description":"Produzione macchine per falegnameria e lavorazione industriale del legno","publisher":{"@id":"https:\/\/www.futura-woodmac.com\/fr\/#organization"},"potentialAction":[{"@type":"SearchAction","target":{"@type":"EntryPoint","urlTemplate":"https:\/\/www.futura-woodmac.com\/fr\/?s={search_term_string}"},"query-input":"required name=search_term_string"}],"inLanguage":"fr-FR"},{"@type":"WebPage","@id":"https:\/\/www.futura-woodmac.com\/fr\/systemes-manutention-industrielle-bois\/","url":"https:\/\/www.futura-woodmac.com\/fr\/systemes-manutention-industrielle-bois\/","name":"Syst\u00e8mes de Manutention Industrielle: Futura Woodmac (Italie)","isPartOf":{"@id":"https:\/\/www.futura-woodmac.com\/fr\/#website"},"datePublished":"2022-10-10T13:38:07+00:00","dateModified":"2022-10-10T15:14:04+00:00","description":"Syst\u00e8mes de manutention industrielle automatique: Futura Woodmac (Italie). Transport et automatisation interne, pour panneaux de bois et autres mat\u00e9riaux.","breadcrumb":{"@id":"https:\/\/www.futura-woodmac.com\/fr\/systemes-manutention-industrielle-bois\/#breadcrumb"},"inLanguage":"fr-FR","potentialAction":[{"@type":"ReadAction","target":["https:\/\/www.futura-woodmac.com\/fr\/systemes-manutention-industrielle-bois\/"]}]},{"@type":"BreadcrumbList","@id":"https:\/\/www.futura-woodmac.com\/fr\/systemes-manutention-industrielle-bois\/#breadcrumb","itemListElement":[{"@type":"ListItem","position":1,"name":"Home","item":"https:\/\/www.futura-woodmac.com\/fr\/"},{"@type":"ListItem","position":2,"name":"Syst\u00e8mes de Manutention"}]}]}},"_links":{"self":[{"href":"https:\/\/www.futura-woodmac.com\/fr\/wp-json\/wp\/v2\/pages\/9516"}],"collection":[{"href":"https:\/\/www.futura-woodmac.com\/fr\/wp-json\/wp\/v2\/pages"}],"about":[{"href":"https:\/\/www.futura-woodmac.com\/fr\/wp-json\/wp\/v2\/types\/page"}],"author":[{"embeddable":true,"href":"https:\/\/www.futura-woodmac.com\/fr\/wp-json\/wp\/v2\/users\/1"}],"replies":[{"embeddable":true,"href":"https:\/\/www.futura-woodmac.com\/fr\/wp-json\/wp\/v2\/comments?post=9516"}],"version-history":[{"count":10,"href":"https:\/\/www.futura-woodmac.com\/fr\/wp-json\/wp\/v2\/pages\/9516\/revisions"}],"predecessor-version":[{"id":9583,"href":"https:\/\/www.futura-woodmac.com\/fr\/wp-json\/wp\/v2\/pages\/9516\/revisions\/9583"}],"wp:attachment":[{"href":"https:\/\/www.futura-woodmac.com\/fr\/wp-json\/wp\/v2\/media?parent=9516"}],"curies":[{"name":"wp","href":"https:\/\/api.w.org\/{rel}","templated":true}]}}