{"id":10865,"date":"2024-10-18T09:59:33","date_gmt":"2024-10-18T07:59:33","guid":{"rendered":"https:\/\/www.futura-woodmac.com\/maszyny-obrobki-drewna-najmniej-5-walow\/"},"modified":"2024-11-13T09:46:16","modified_gmt":"2024-11-13T08:46:16","slug":"maszyny-obrobki-drewna-najmniej-5-walow","status":"publish","type":"page","link":"https:\/\/www.futura-woodmac.com\/pl\/maszyny-obrobki-drewna-najmniej-5-walow\/","title":{"rendered":"Co najmniej 5 wa\u0142\u00f3w"},"content":{"rendered":"<section class=\"av_textblock_section \"  itemscope=\"itemscope\" itemtype=\"https:\/\/schema.org\/CreativeWork\" ><div class='avia_textblock  '   itemprop=\"text\" ><h1>MASZYNY DO DREWNA, PRZYNAJMNIEJ Z 5 WA\u0141AMI<\/h1>\n<h2 style=\"font-size: medium;\">Prostownice, strugarki, profilarki i formiarki<\/h2>\n<\/div><\/section>\n<div class=\"flex_column av_one_full  flex_column_div av-zero-column-padding first  avia-builder-el-1  el_after_av_textblock  el_before_av_one_third  column-top-margin\" style='border-radius:0px; '><section class=\"av_textblock_section \"  itemscope=\"itemscope\" itemtype=\"https:\/\/schema.org\/CreativeWork\" ><div class='avia_textblock  '   itemprop=\"text\" ><p>Wszystkie maszyny do strugania i profilowania drewna Futura Woodmac s\u0105 wyposa\u017cone w wa\u0142 roboczy z niezale\u017cnym silnikiem, szybkie i precyzyjne do ustawienia w ca\u0142kowicie bezpieczny spos\u00f3b, \u0142atwe do ustawienia nawet przy zmianie narz\u0119dzi w szybkim przej\u015bciu z jednego procesu produkcyjnego do drugiego, skutecznie rozwi\u0105zuj\u0105c potrzeby (w przypadku maszyn wielofunkcyjnych, kt\u00f3re s\u0105 prostownicami, strugarkami, profilarkami i formierkami) zar\u00f3wno w przemy\u015ble stolarskim, jak i przemy\u015ble drzewnym.<br \/>\nMaszyny z co <strong>najmniej 5 wa\u0142ami roboczymi<\/strong> s\u0105 dost\u0119pne w kilku wersjach, do maksymalnie 8 wa\u0142\u00f3w roboczych, kt\u00f3re mog\u0105 by\u0107 szeroko konfigurowane zar\u00f3wno pod wzgl\u0119dem dostosowania, jak i wyposa\u017cenia narz\u0119dziowego, do obr\u00f3bki drewna (w tym belek drewnianych) o maksymalnej szeroko\u015bci 260 mm.<br \/>\nProdukcja odbywa si\u0119 w ca\u0142o\u015bci we W\u0142oszech (wi\u0119kszo\u015b\u0107 bezpo\u015brednio na miejscu, z produkcj\u0105 i spawaniem korpusu maszyny), z maksymalnymi gwarancjami bezpiecze\u0144stwa (zgodnie z parametrami WE), jako\u015bci (rygorystyczne kontrole i testy podczas produkcji) i dostosowania (pr\u00f3ba techniczna przed dostaw\u0105), zapewniaj\u0105c r\u00f3wnie\u017c bardzo konkurencyjne ceny.<\/p>\n<\/div><\/section><\/div>\n<div class=\"flex_column av_one_third  flex_column_div av-zero-column-padding first  avia-builder-el-3  el_after_av_one_full  el_before_av_one_third  column-top-margin\" style='border-radius:0px; '><p><div  class='avia-image-container  av-styling-    avia-builder-el-4  el_before_av_textblock  avia-builder-el-first  avia-align-center '  itemprop=\"image\" itemscope=\"itemscope\" itemtype=\"https:\/\/schema.org\/ImageObject\"  ><div class='avia-image-container-inner'><div class='avia-image-overlay-wrap'><a href='https:\/\/www.futura-woodmac.com\/pl\/maszyny-drewna\/strugarka-profilarka-p-one\/' class='avia_image'  ><img class='avia_image ' src='https:\/\/www.futura-woodmac.com\/wp-content\/uploads\/futura-woodmac-p-one-piallatrice-profilatrice-g-pone4univ-5846.jpg' alt='' title='Piallatrice profilatrice legno, P.One: Futura Woodmac'  itemprop=\"thumbnailUrl\"  \/><\/a><\/div><\/div><\/div><br \/>\n<section class=\"av_textblock_section \"  itemscope=\"itemscope\" itemtype=\"https:\/\/schema.org\/CreativeWork\" ><div class='avia_textblock  '   itemprop=\"text\" ><h3 style=\"color: #c70039;\"><a href=\"https:\/\/www.futura-woodmac.com\/pl\/maszyny-drewna\/strugarka-profilarka-p-one\/\">P.ONE<\/a><\/h3>\n<h6>Maszyna do zak\u0142adu stolarskiego<\/h6>\n<p>Prostownica, strugarka 4-stronna, profilarka, formierka, 4-5 wa\u0142\u00f3w.<\/p>\n<\/div><\/section><\/p><\/div>\n<div class=\"flex_column av_one_third  flex_column_div av-zero-column-padding   avia-builder-el-6  el_after_av_one_third  el_before_av_one_third  column-top-margin\" style='border-radius:0px; '><p><div  class='avia-image-container  av-styling-    avia-builder-el-7  el_before_av_textblock  avia-builder-el-first  avia-align-center '  itemprop=\"image\" itemscope=\"itemscope\" itemtype=\"https:\/\/schema.org\/ImageObject\"  ><div class='avia-image-container-inner'><div class='avia-image-overlay-wrap'><a href='https:\/\/www.futura-woodmac.com\/pl\/maszyny-drewna\/prostownica-formiarka-p-max\/' class='avia_image'  ><img class='avia_image ' src='https:\/\/www.futura-woodmac.com\/wp-content\/uploads\/futura-woodmac-p-max-raddrizzatrice-profilatrice-g-0078.jpg' alt='' title='Raddrizzatrice Profilatrice Scorniciatrice P.Max, Futura Woodmac'  itemprop=\"thumbnailUrl\"  \/><\/a><\/div><\/div><\/div><br \/>\n<section class=\"av_textblock_section \"  itemscope=\"itemscope\" itemtype=\"https:\/\/schema.org\/CreativeWork\" ><div class='avia_textblock  '   itemprop=\"text\" ><h3 style=\"color: #c70039;\"><a href=\"https:\/\/www.futura-woodmac.com\/pl\/maszyny-drewna\/prostownica-formiarka-p-max\/\">P.MAX<\/a><\/h3>\n<h6>Maszyna do zak\u0142adu stolarskiego i przemys\u0142u drzewnego<\/h6>\n<p>Strugarka 4-stronna, profilarka, frezarka, 4-5-6-7-8 wa\u0142\u00f3w.<\/p>\n<\/div><\/section><\/p><\/div><div class=\"flex_column av_one_third  flex_column_div av-zero-column-padding   avia-builder-el-9  el_after_av_one_third  el_before_av_one_third  column-top-margin\" style='border-radius:0px; '><p><div  class='avia-image-container  av-styling-    avia-builder-el-10  el_before_av_textblock  avia-builder-el-first  avia-align-center '  itemprop=\"image\" itemscope=\"itemscope\" itemtype=\"https:\/\/schema.org\/ImageObject\"  ><div class='avia-image-container-inner'><div class='avia-image-overlay-wrap'><a href='https:\/\/www.futura-woodmac.com\/pl\/maszyny-drewna\/profilarka-formiarka-program\/' class='avia_image'  ><img class='avia_image ' src='https:\/\/www.futura-woodmac.com\/wp-content\/uploads\/futura-woodmac-program-profilatrice-scorniciatrice-g-1415.jpg' alt='' title='Profilatrice Scorniciatrice Program, Futura Woodmac'  itemprop=\"thumbnailUrl\"  \/><\/a><\/div><\/div><\/div><br \/>\n<section class=\"av_textblock_section \"  itemscope=\"itemscope\" itemtype=\"https:\/\/schema.org\/CreativeWork\" ><div class='avia_textblock  '   itemprop=\"text\" ><h3 style=\"color: #c70039;\"><a href=\"https:\/\/www.futura-woodmac.com\/pl\/maszyny-drewna\/profilarka-formiarka-program\/\">PROGRAM<\/a><\/h3>\n<h6>Maszyna do zak\u0142adu stolarskiego i przemys\u0142u drzewnego<\/h6>\n<p>Prostownica, Strugarka 4-stronna, Profilarka, Frezarka, 4-5-6-7-8 wa\u0142\u00f3w.<\/p>\n<\/div><\/section><\/p><\/div><\/p>\n<div class=\"flex_column av_one_third  flex_column_div av-zero-column-padding first  avia-builder-el-12  el_after_av_one_third  el_before_av_section  avia-builder-el-last  column-top-margin\" style='border-radius:0px; '><p><div  class='avia-image-container  av-styling-    avia-builder-el-13  el_before_av_textblock  avia-builder-el-first  avia-align-center '  itemprop=\"image\" itemscope=\"itemscope\" itemtype=\"https:\/\/schema.org\/ImageObject\"  ><div class='avia-image-container-inner'><div class='avia-image-overlay-wrap'><a href='https:\/\/www.futura-woodmac.com\/pl\/maszyny-drewna\/profilarka-formiarka-super-program\/' class='avia_image'  ><img class='avia_image ' src='https:\/\/www.futura-woodmac.com\/wp-content\/uploads\/futura-woodmac-super-program-profilatrice-scorniciatrice-g-1591.jpg' alt='' title='Profilatrice Scorniciatrice Super Program, Futura Woodmac'  itemprop=\"thumbnailUrl\"  \/><\/a><\/div><\/div><\/div><br \/>\n<section class=\"av_textblock_section \"  itemscope=\"itemscope\" itemtype=\"https:\/\/schema.org\/CreativeWork\" ><div class='avia_textblock  '   itemprop=\"text\" ><h3 style=\"color: #c70039;\"><a href=\"https:\/\/www.futura-woodmac.com\/pl\/maszyny-drewna\/profilarka-formiarka-super-program\/\">SUPER PROGRAM<\/a><\/h3>\n<h6>Maszyna do zak\u0142adu stolarskiego i przemys\u0142u drzewnego<\/h6>\n<p>Prostownica, strugarka 4-stronna, profilarka, formiarka, 4-5-6 wa\u0142\u00f3w.<\/p>\n<\/div><\/section><\/p><\/div>\n<\/div><\/div><\/div><!-- close content main div --><\/div><\/div><div id='av_section_1'  class='avia-section alternate_color avia-section-large avia-shadow  avia-bg-style-scroll  avia-builder-el-15  el_after_av_one_third  el_before_av_section   container_wrap sidebar_right' style=' '  ><div class='container' ><div class='template-page content  av-content-small alpha units'><div class='post-entry post-entry-type-page post-entry-10865'><div class='entry-content-wrapper clearfix'>\n<div class=\"flex_column av_one_third  flex_column_div first  avia-builder-el-16  el_before_av_two_third  avia-builder-el-first  \" ><section class=\"av_textblock_section \"  itemscope=\"itemscope\" itemtype=\"https:\/\/schema.org\/CreativeWork\" ><div class='avia_textblock  '   itemprop=\"text\" ><h2 style=\"text-align: right;\">Maszyny do drewna<br \/>\nprzynajmniej z 5 wa\u0142ami<br \/>\nFutura Woodmac<\/h2>\n<\/div><\/section><br \/>\n<div   class='hr hr-short hr-right   avia-builder-el-18  el_after_av_textblock  el_before_av_textblock '><span class='hr-inner ' ><span class='hr-inner-style'><\/span><\/span><\/div><br \/>\n<section class=\"av_textblock_section \"  itemscope=\"itemscope\" itemtype=\"https:\/\/schema.org\/CreativeWork\" ><div class='avia_textblock  '   itemprop=\"text\" ><p style=\"text-align: right;\">Od 1984 roku nie tylko maszyny<br \/>\ndo obr\u00f3bki drewna,<br \/>\nale prawdziwe rozwi\u0105zania i nowe warto\u015bci.<br \/>\nObs\u0142ugujemy partner\u00f3w i klient\u00f3w<br \/>\nna ca\u0142ym \u015bwiecie.<\/p>\n<p style=\"text-align: right;\">Kompetentny i wieloj\u0119zyczny zesp\u00f3\u0142<br \/>\nzorientowany na konkretne wyniki.<\/p>\n<\/div><\/section><\/p><\/div><div class=\"flex_column av_two_third  flex_column_div av-zero-column-padding   avia-builder-el-20  el_after_av_one_third  el_before_av_one_full  \" style='border-radius:0px; '><div  class='avia-image-container  av-styling-    avia-builder-el-21  avia-builder-el-no-sibling  avia-align-center '  itemprop=\"image\" itemscope=\"itemscope\" itemtype=\"https:\/\/schema.org\/ImageObject\"  ><div class='avia-image-container-inner'><div class='avia-image-overlay-wrap'><img class='avia_image' src='https:\/\/www.futura-woodmac.com\/wp-content\/uploads\/futura-woodmac-azienda-produzione-macchine-lavorazione-legno-n-team-0048.jpg' alt='' title='Futura Woodmac: Azienda Macchine Lavorazione Legno' height=\"345\" width=\"600\"  itemprop=\"thumbnailUrl\"  \/><\/div><\/div><\/div><\/div><div class=\"flex_column av_one_full  flex_column_div av-zero-column-padding first  avia-builder-el-22  el_after_av_two_third  avia-builder-el-last  column-top-margin\" style='border-radius:0px; '><div   class='av_promobox  avia-button-yes   avia-builder-el-23  avia-builder-el-no-sibling '>\t\t<div class='avia-promocontent'><\/p>\n<p style=\"text-align: left;\">Nasza droga do efektywno\u015bci:<br \/>\ns\u0142ucha\u0107, interpretowa\u0107, projektowa\u0107, wykonywa\u0107 pr\u00f3by techniczne, dostosowywa\u0107 i rozwi\u0105zywa\u0107.<\/p>\n<p>\n<\/div><div  class='avia-button-wrap avia-button-right ' ><a href='https:\/\/www.futura-woodmac.com\/pl\/kontakt\/'  class='avia-button   avia-icon_select-yes-left-icon avia-color-theme-color avia-size-large avia-position-right '   ><span class='avia_button_icon avia_button_icon_left ' aria-hidden='true' data-av_icon='\ue80b' data-av_iconfont='entypo-fontello'><\/span><span class='avia_iconbox_title' >POPRO\u015a O INFORMACJE<\/span><\/a><\/div><\/div><\/div>\n\n<\/div><\/div><\/div><!-- close content main div --><\/div><\/div><div id='av_section_2'  class='avia-section alternate_color avia-section-large avia-no-border-styling  avia-bg-style-scroll  avia-builder-el-24  el_after_av_section  avia-builder-el-last   container_wrap sidebar_right' style=' '  ><div class='container' ><div class='template-page content  av-content-small alpha units'><div class='post-entry post-entry-type-page post-entry-10865'><div class='entry-content-wrapper clearfix'>\n<div  class='av-social-sharing-box  avia-builder-el-25  avia-builder-el-no-sibling  '><div class='av-share-box'><ul class='av-share-box-list noLightbox'><li class='av-share-link av-social-link-facebook' ><a target=\"_blank\" aria-label=\"Udost\u0119pnij Facebook\" href='https:\/\/www.facebook.com\/sharer.php?u=https:\/\/www.futura-woodmac.com\/pl\/maszyny-obrobki-drewna-najmniej-5-walow\/&#038;t=Co%20najmniej%205%20wa%C5%82%C3%B3w' aria-hidden='false' data-av_icon='\ue8f3' data-av_iconfont='entypo-fontello' title='' data-avia-related-tooltip='Udost\u0119pnij Facebook' rel=\"noopener\"><span class='avia_hidden_link_text'>Udost\u0119pnij Facebook<\/span><\/a><\/li><li class='av-share-link av-social-link-twitter' ><a target=\"_blank\" aria-label=\"Udost\u0119pnij Twitter\" href='https:\/\/twitter.com\/share?text=Co%20najmniej%205%20wa%C5%82%C3%B3w&#038;url=https:\/\/www.futura-woodmac.com\/pl\/?p=10865' aria-hidden='false' data-av_icon='\ue8f1' data-av_iconfont='entypo-fontello' title='' data-avia-related-tooltip='Udost\u0119pnij Twitter' rel=\"noopener\"><span class='avia_hidden_link_text'>Udost\u0119pnij Twitter<\/span><\/a><\/li><li class='av-share-link av-social-link-whatsapp' ><a target=\"_blank\" aria-label=\"Share on WhatsApp\" href='https:\/\/api.whatsapp.com\/send?text=https:\/\/www.futura-woodmac.com\/pl\/maszyny-obrobki-drewna-najmniej-5-walow\/' aria-hidden='false' data-av_icon='\uf232' data-av_iconfont='entypo-fontello' title='' data-avia-related-tooltip='Share on WhatsApp' rel=\"noopener\"><span class='avia_hidden_link_text'>Share on WhatsApp<\/span><\/a><\/li><li class='av-share-link av-social-link-pinterest' ><a target=\"_blank\" aria-label=\"Udost\u0119pnij Pinterest\" href='https:\/\/pinterest.com\/pin\/create\/button\/?url=https%3A%2F%2Fwww.futura-woodmac.com%2Fpl%2Fmaszyny-obrobki-drewna-najmniej-5-walow%2F&#038;description=Co%20najmniej%205%20wa%C5%82%C3%B3w&#038;media=' aria-hidden='false' data-av_icon='\ue8f8' data-av_iconfont='entypo-fontello' title='' data-avia-related-tooltip='Udost\u0119pnij Pinterest' rel=\"noopener\"><span class='avia_hidden_link_text'>Udost\u0119pnij Pinterest<\/span><\/a><\/li><li class='av-share-link av-social-link-linkedin' ><a target=\"_blank\" aria-label=\"Udost\u0119pnij LinkedIn\" href='https:\/\/linkedin.com\/shareArticle?mini=true&#038;title=Co%20najmniej%205%20wa%C5%82%C3%B3w&#038;url=https:\/\/www.futura-woodmac.com\/pl\/maszyny-obrobki-drewna-najmniej-5-walow\/' aria-hidden='false' data-av_icon='\ue8fc' data-av_iconfont='entypo-fontello' title='' data-avia-related-tooltip='Udost\u0119pnij LinkedIn' rel=\"noopener\"><span class='avia_hidden_link_text'>Udost\u0119pnij LinkedIn<\/span><\/a><\/li><li class='av-share-link av-social-link-tumblr' ><a target=\"_blank\" aria-label=\"Udost\u0119pnij Tumblr\" href='https:\/\/www.tumblr.com\/share\/link?url=https%3A%2F%2Fwww.futura-woodmac.com%2Fpl%2Fmaszyny-obrobki-drewna-najmniej-5-walow%2F&#038;name=Co%20najmniej%205%20wa%C5%82%C3%B3w&#038;description=' aria-hidden='false' data-av_icon='\ue8fa' data-av_iconfont='entypo-fontello' title='' data-avia-related-tooltip='Udost\u0119pnij Tumblr' rel=\"noopener\"><span class='avia_hidden_link_text'>Udost\u0119pnij Tumblr<\/span><\/a><\/li><li class='av-share-link av-social-link-vk' ><a target=\"_blank\" aria-label=\"Udost\u0119pnij Vk\" href='https:\/\/vk.com\/share.php?url=https:\/\/www.futura-woodmac.com\/pl\/maszyny-obrobki-drewna-najmniej-5-walow\/' aria-hidden='false' data-av_icon='\ue926' data-av_iconfont='entypo-fontello' title='' data-avia-related-tooltip='Udost\u0119pnij Vk' rel=\"noopener\"><span class='avia_hidden_link_text'>Udost\u0119pnij Vk<\/span><\/a><\/li><li class='av-share-link av-social-link-reddit' ><a target=\"_blank\" aria-label=\"Udost\u0119pnij Reddit\" href='https:\/\/reddit.com\/submit?url=https:\/\/www.futura-woodmac.com\/pl\/maszyny-obrobki-drewna-najmniej-5-walow\/&#038;title=Co%20najmniej%205%20wa%C5%82%C3%B3w' aria-hidden='false' data-av_icon='\ue927' data-av_iconfont='entypo-fontello' title='' data-avia-related-tooltip='Udost\u0119pnij Reddit' rel=\"noopener\"><span class='avia_hidden_link_text'>Udost\u0119pnij Reddit<\/span><\/a><\/li><li class='av-share-link av-social-link-mail' ><a  aria-label=\"Wy\u015blij e-mail\" href='mailto:?subject=Co%20najmniej%205%20wa%C5%82%C3%B3w&#038;body=https:\/\/www.futura-woodmac.com\/pl\/maszyny-obrobki-drewna-najmniej-5-walow\/' aria-hidden='false' data-av_icon='\ue805' data-av_iconfont='entypo-fontello' title='' data-avia-related-tooltip='Wy\u015blij e-mail'><span class='avia_hidden_link_text'>Wy\u015blij e-mail<\/span><\/a><\/li><\/ul><\/div><\/div>\n<\/div><\/div><\/div><!-- close content main div --><\/div><\/div><div id='after_section_2'  class='main_color av_default_container_wrap container_wrap sidebar_right' style=' '  ><div class='container' ><div class='template-page content  av-content-small alpha units'><div class='post-entry post-entry-type-page post-entry-10865'><div class='entry-content-wrapper clearfix'>\n","protected":false},"excerpt":{"rendered":"","protected":false},"author":1,"featured_media":0,"parent":0,"menu_order":0,"comment_status":"closed","ping_status":"closed","template":"","meta":[],"yoast_head":"<!-- This site is optimized with the Yoast SEO plugin v19.3 - https:\/\/yoast.com\/wordpress\/plugins\/seo\/ -->\n<title>Maszyny do drewna, przynajmniej z 5 wa\u0142ami roboczymi: Futura Woodmac<\/title>\n<meta name=\"description\" content=\"Maszyny do obr\u00f3bki drewna Futura Woodmac, w 100% w\u0142oskie, od 5 do 8 niezale\u017cnych wa\u0142\u00f3w, do wyrob\u00f3w stolarskich i obr\u00f3bki przemys\u0142owej surowego drewna (r\u00f3wnie\u017c belek).\" \/>\n<meta name=\"robots\" content=\"index, follow, max-snippet:-1, max-image-preview:large, max-video-preview:-1\" \/>\n<link rel=\"canonical\" href=\"https:\/\/www.futura-woodmac.com\/pl\/maszyny-obrobki-drewna-najmniej-5-walow\/\" \/>\n<meta property=\"og:locale\" content=\"pl_PL\" \/>\n<meta property=\"og:type\" content=\"article\" \/>\n<meta property=\"og:title\" content=\"Maszyny do drewna, przynajmniej z 5 wa\u0142ami roboczymi: Futura Woodmac\" \/>\n<meta property=\"og:description\" content=\"Maszyny do obr\u00f3bki drewna Futura Woodmac, w 100% w\u0142oskie, od 5 do 8 niezale\u017cnych wa\u0142\u00f3w, do wyrob\u00f3w stolarskich i obr\u00f3bki przemys\u0142owej surowego drewna (r\u00f3wnie\u017c belek).\" \/>\n<meta property=\"og:url\" content=\"https:\/\/www.futura-woodmac.com\/pl\/maszyny-obrobki-drewna-najmniej-5-walow\/\" \/>\n<meta property=\"og:site_name\" content=\"Futura Woodmac - Macchine Lavorazione Legno\" \/>\n<meta property=\"article:modified_time\" content=\"2024-11-13T08:46:16+00:00\" \/>\n<meta property=\"og:image\" content=\"https:\/\/www.futura-woodmac.com\/wp-content\/uploads\/futura-woodmac-macchine-lavorazione-legno-logo.png\" \/>\n\t<meta property=\"og:image:width\" content=\"340\" \/>\n\t<meta property=\"og:image:height\" content=\"156\" \/>\n\t<meta property=\"og:image:type\" content=\"image\/png\" \/>\n<meta name=\"twitter:card\" content=\"summary_large_image\" \/>\n<script type=\"application\/ld+json\" class=\"yoast-schema-graph\">{\"@context\":\"https:\/\/schema.org\",\"@graph\":[{\"@type\":\"Organization\",\"@id\":\"https:\/\/www.futura-woodmac.com\/pl\/#organization\",\"name\":\"Futura Woodmac\",\"url\":\"https:\/\/www.futura-woodmac.com\/pl\/\",\"sameAs\":[\"https:\/\/www.linkedin.com\/company\/metalstar-2000-srl\/\",\"https:\/\/www.youtube.com\/channel\/UCXW0vvohCqNIhxCJ1xUcZTQ\"],\"logo\":{\"@type\":\"ImageObject\",\"inLanguage\":\"pl-PL\",\"@id\":\"https:\/\/www.futura-woodmac.com\/pl\/#\/schema\/logo\/image\/\",\"url\":\"https:\/\/www.futura-woodmac.com\/wp-content\/uploads\/futura-woodmac-macchine-lavorazione-legno-logo.png\",\"contentUrl\":\"https:\/\/www.futura-woodmac.com\/wp-content\/uploads\/futura-woodmac-macchine-lavorazione-legno-logo.png\",\"width\":340,\"height\":156,\"caption\":\"Futura Woodmac\"},\"image\":{\"@id\":\"https:\/\/www.futura-woodmac.com\/pl\/#\/schema\/logo\/image\/\"}},{\"@type\":\"WebSite\",\"@id\":\"https:\/\/www.futura-woodmac.com\/pl\/#website\",\"url\":\"https:\/\/www.futura-woodmac.com\/pl\/\",\"name\":\"Futura Woodmac - Macchine Lavorazione Legno\",\"description\":\"Produzione macchine per falegnameria e lavorazione industriale del legno\",\"publisher\":{\"@id\":\"https:\/\/www.futura-woodmac.com\/pl\/#organization\"},\"potentialAction\":[{\"@type\":\"SearchAction\",\"target\":{\"@type\":\"EntryPoint\",\"urlTemplate\":\"https:\/\/www.futura-woodmac.com\/pl\/?s={search_term_string}\"},\"query-input\":\"required name=search_term_string\"}],\"inLanguage\":\"pl-PL\"},{\"@type\":\"WebPage\",\"@id\":\"https:\/\/www.futura-woodmac.com\/pl\/maszyny-obrobki-drewna-najmniej-5-walow\/\",\"url\":\"https:\/\/www.futura-woodmac.com\/pl\/maszyny-obrobki-drewna-najmniej-5-walow\/\",\"name\":\"Maszyny do drewna, przynajmniej z 5 wa\u0142ami roboczymi: Futura Woodmac\",\"isPartOf\":{\"@id\":\"https:\/\/www.futura-woodmac.com\/pl\/#website\"},\"datePublished\":\"2024-10-18T07:59:33+00:00\",\"dateModified\":\"2024-11-13T08:46:16+00:00\",\"description\":\"Maszyny do obr\u00f3bki drewna Futura Woodmac, w 100% w\u0142oskie, od 5 do 8 niezale\u017cnych wa\u0142\u00f3w, do wyrob\u00f3w stolarskich i obr\u00f3bki przemys\u0142owej surowego drewna (r\u00f3wnie\u017c belek).\",\"breadcrumb\":{\"@id\":\"https:\/\/www.futura-woodmac.com\/pl\/maszyny-obrobki-drewna-najmniej-5-walow\/#breadcrumb\"},\"inLanguage\":\"pl-PL\",\"potentialAction\":[{\"@type\":\"ReadAction\",\"target\":[\"https:\/\/www.futura-woodmac.com\/pl\/maszyny-obrobki-drewna-najmniej-5-walow\/\"]}]},{\"@type\":\"BreadcrumbList\",\"@id\":\"https:\/\/www.futura-woodmac.com\/pl\/maszyny-obrobki-drewna-najmniej-5-walow\/#breadcrumb\",\"itemListElement\":[{\"@type\":\"ListItem\",\"position\":1,\"name\":\"Home\",\"item\":\"https:\/\/www.futura-woodmac.com\/pl\/\"},{\"@type\":\"ListItem\",\"position\":2,\"name\":\"Co najmniej 5 wa\u0142\u00f3w\"}]}]}<\/script>\n<!-- \/ Yoast SEO plugin. -->","yoast_head_json":{"title":"Maszyny do drewna, przynajmniej z 5 wa\u0142ami roboczymi: Futura Woodmac","description":"Maszyny do obr\u00f3bki drewna Futura Woodmac, w 100% w\u0142oskie, od 5 do 8 niezale\u017cnych wa\u0142\u00f3w, do wyrob\u00f3w stolarskich i obr\u00f3bki przemys\u0142owej surowego drewna (r\u00f3wnie\u017c belek).","robots":{"index":"index","follow":"follow","max-snippet":"max-snippet:-1","max-image-preview":"max-image-preview:large","max-video-preview":"max-video-preview:-1"},"canonical":"https:\/\/www.futura-woodmac.com\/pl\/maszyny-obrobki-drewna-najmniej-5-walow\/","og_locale":"pl_PL","og_type":"article","og_title":"Maszyny do drewna, przynajmniej z 5 wa\u0142ami roboczymi: Futura Woodmac","og_description":"Maszyny do obr\u00f3bki drewna Futura Woodmac, w 100% w\u0142oskie, od 5 do 8 niezale\u017cnych wa\u0142\u00f3w, do wyrob\u00f3w stolarskich i obr\u00f3bki przemys\u0142owej surowego drewna (r\u00f3wnie\u017c belek).","og_url":"https:\/\/www.futura-woodmac.com\/pl\/maszyny-obrobki-drewna-najmniej-5-walow\/","og_site_name":"Futura Woodmac - Macchine Lavorazione Legno","article_modified_time":"2024-11-13T08:46:16+00:00","og_image":[{"width":340,"height":156,"url":"https:\/\/www.futura-woodmac.com\/wp-content\/uploads\/futura-woodmac-macchine-lavorazione-legno-logo.png","type":"image\/png"}],"twitter_card":"summary_large_image","schema":{"@context":"https:\/\/schema.org","@graph":[{"@type":"Organization","@id":"https:\/\/www.futura-woodmac.com\/pl\/#organization","name":"Futura Woodmac","url":"https:\/\/www.futura-woodmac.com\/pl\/","sameAs":["https:\/\/www.linkedin.com\/company\/metalstar-2000-srl\/","https:\/\/www.youtube.com\/channel\/UCXW0vvohCqNIhxCJ1xUcZTQ"],"logo":{"@type":"ImageObject","inLanguage":"pl-PL","@id":"https:\/\/www.futura-woodmac.com\/pl\/#\/schema\/logo\/image\/","url":"https:\/\/www.futura-woodmac.com\/wp-content\/uploads\/futura-woodmac-macchine-lavorazione-legno-logo.png","contentUrl":"https:\/\/www.futura-woodmac.com\/wp-content\/uploads\/futura-woodmac-macchine-lavorazione-legno-logo.png","width":340,"height":156,"caption":"Futura Woodmac"},"image":{"@id":"https:\/\/www.futura-woodmac.com\/pl\/#\/schema\/logo\/image\/"}},{"@type":"WebSite","@id":"https:\/\/www.futura-woodmac.com\/pl\/#website","url":"https:\/\/www.futura-woodmac.com\/pl\/","name":"Futura Woodmac - Macchine Lavorazione Legno","description":"Produzione macchine per falegnameria e lavorazione industriale del legno","publisher":{"@id":"https:\/\/www.futura-woodmac.com\/pl\/#organization"},"potentialAction":[{"@type":"SearchAction","target":{"@type":"EntryPoint","urlTemplate":"https:\/\/www.futura-woodmac.com\/pl\/?s={search_term_string}"},"query-input":"required name=search_term_string"}],"inLanguage":"pl-PL"},{"@type":"WebPage","@id":"https:\/\/www.futura-woodmac.com\/pl\/maszyny-obrobki-drewna-najmniej-5-walow\/","url":"https:\/\/www.futura-woodmac.com\/pl\/maszyny-obrobki-drewna-najmniej-5-walow\/","name":"Maszyny do drewna, przynajmniej z 5 wa\u0142ami roboczymi: Futura Woodmac","isPartOf":{"@id":"https:\/\/www.futura-woodmac.com\/pl\/#website"},"datePublished":"2024-10-18T07:59:33+00:00","dateModified":"2024-11-13T08:46:16+00:00","description":"Maszyny do obr\u00f3bki drewna Futura Woodmac, w 100% w\u0142oskie, od 5 do 8 niezale\u017cnych wa\u0142\u00f3w, do wyrob\u00f3w stolarskich i obr\u00f3bki przemys\u0142owej surowego drewna (r\u00f3wnie\u017c belek).","breadcrumb":{"@id":"https:\/\/www.futura-woodmac.com\/pl\/maszyny-obrobki-drewna-najmniej-5-walow\/#breadcrumb"},"inLanguage":"pl-PL","potentialAction":[{"@type":"ReadAction","target":["https:\/\/www.futura-woodmac.com\/pl\/maszyny-obrobki-drewna-najmniej-5-walow\/"]}]},{"@type":"BreadcrumbList","@id":"https:\/\/www.futura-woodmac.com\/pl\/maszyny-obrobki-drewna-najmniej-5-walow\/#breadcrumb","itemListElement":[{"@type":"ListItem","position":1,"name":"Home","item":"https:\/\/www.futura-woodmac.com\/pl\/"},{"@type":"ListItem","position":2,"name":"Co najmniej 5 wa\u0142\u00f3w"}]}]}},"_links":{"self":[{"href":"https:\/\/www.futura-woodmac.com\/pl\/wp-json\/wp\/v2\/pages\/10865"}],"collection":[{"href":"https:\/\/www.futura-woodmac.com\/pl\/wp-json\/wp\/v2\/pages"}],"about":[{"href":"https:\/\/www.futura-woodmac.com\/pl\/wp-json\/wp\/v2\/types\/page"}],"author":[{"embeddable":true,"href":"https:\/\/www.futura-woodmac.com\/pl\/wp-json\/wp\/v2\/users\/1"}],"replies":[{"embeddable":true,"href":"https:\/\/www.futura-woodmac.com\/pl\/wp-json\/wp\/v2\/comments?post=10865"}],"version-history":[{"count":13,"href":"https:\/\/www.futura-woodmac.com\/pl\/wp-json\/wp\/v2\/pages\/10865\/revisions"}],"predecessor-version":[{"id":12659,"href":"https:\/\/www.futura-woodmac.com\/pl\/wp-json\/wp\/v2\/pages\/10865\/revisions\/12659"}],"wp:attachment":[{"href":"https:\/\/www.futura-woodmac.com\/pl\/wp-json\/wp\/v2\/media?parent=10865"}],"curies":[{"name":"wp","href":"https:\/\/api.w.org\/{rel}","templated":true}]}}