{"id":10883,"date":"2024-10-18T11:20:01","date_gmt":"2024-10-18T09:20:01","guid":{"rendered":"https:\/\/www.futura-woodmac.com\/cnc-3-osiowa-drewna\/"},"modified":"2025-02-05T09:46:22","modified_gmt":"2025-02-05T08:46:22","slug":"cnc-3-osiowa-drewna","status":"publish","type":"page","link":"https:\/\/www.futura-woodmac.com\/pl\/cnc-3-osiowa-drewna\/","title":{"rendered":"CNC 3-osiowa"},"content":{"rendered":"<section class=\"av_textblock_section \"  itemscope=\"itemscope\" itemtype=\"https:\/\/schema.org\/CreativeWork\" ><div class='avia_textblock  '   itemprop=\"text\" ><h1>CNC 3-OSIOWA<\/h1>\n<h2 style=\"font-size: medium;\">CNC do zak\u0142adu stolarskiego: obr\u00f3bka drzwi i o\u015bcie\u017cnic drewnianych<\/h2>\n<\/div><\/section>\n<div class=\"flex_column av_one_full  flex_column_div av-zero-column-padding first  avia-builder-el-1  el_after_av_textblock  el_before_av_one_third  column-top-margin\" style='border-radius:0px; '><section class=\"av_textblock_section \"  itemscope=\"itemscope\" itemtype=\"https:\/\/schema.org\/CreativeWork\" ><div class='avia_textblock  '   itemprop=\"text\" ><p><strong>CNC 3-osiowe Futura Woodmac<\/strong> to wszechstronne maszyny, szczeg\u00f3lnie przydatne dla zak\u0142ad\u00f3w stolarskich podczas obr\u00f3bki drzwi, o\u015bcie\u017cnic i paneli drewnianych, nawet bardzo d\u0142ugich sztuk.<br \/>\nW konkretnym przypadku Tekno Basic, maszyna jest wielofunkcyjna i mo\u017ce by\u0107 skonfigurowana w 3 r\u00f3\u017cnych trybach: klient mo\u017ce wybra\u0107, czy chce kupi\u0107 maszyn\u0119 z obydwoma zespo\u0142ami roboczymi (frezarka i wytaczarka do zawias\u00f3w, 5-osiowa), czy wyeliminowa\u0107 jedn\u0105 z nich (3-osiowa).<br \/>\nWsparcie techniczne w zakresie sterowania numerycznego ze strony naszych specjalist\u00f3w technicznych, w trybie zdalnym z bezpo\u015bredni\u0105 interakcj\u0105, jest gwarantowane zar\u00f3wno w zakresie ustawie\u0144, jak i zmian parametr\u00f3w.<br \/>\nKorpus maszyny CNC jest jak zawsze produkowany i spawany w naszej siedzibie, aby zapewni\u0107 najwy\u017csz\u0105 jako\u015b\u0107, nawet podczas test\u00f3w i pr\u00f3by technicznej, zgodnie z wymogami bezpiecze\u0144stwa WE.<br \/>\nMo\u017cliwa obr\u00f3bka drewna w drewnianych drzwiach, o\u015bcie\u017cnicach i panelach to: otw\u00f3r na klucz, otw\u00f3r na klamk\u0119, frezowanie zamka, wiercenie i wkr\u0119canie prostego zawiasu wkr\u0119canego trzpieniowego, wiercenie podw\u00f3jnego zawiasu wkr\u0119canego trzpieniowego, frezowanie zawiasu roz\u0142\u0105cznego i zawias\u00f3w chowanych, wg\u0142\u0119bienia dla okiennic.<\/p>\n<\/div><\/section><\/div><div class=\"flex_column av_one_third  flex_column_div av-zero-column-padding first  avia-builder-el-3  el_after_av_one_full  el_before_av_section  avia-builder-el-last  column-top-margin\" style='border-radius:0px; '><p><div  class='avia-image-container  av-styling-    avia-builder-el-4  el_before_av_textblock  avia-builder-el-first  avia-align-center '  itemprop=\"image\" itemscope=\"itemscope\" itemtype=\"https:\/\/schema.org\/ImageObject\"  ><div class='avia-image-container-inner'><div class='avia-image-overlay-wrap'><a href='https:\/\/www.futura-woodmac.com\/pl\/maszyny-drewna\/frezarka-cnc-wytaczarka-zawiasow-tekno-basic\/' class='avia_image'  ><img class='avia_image ' src='https:\/\/www.futura-woodmac.com\/wp-content\/uploads\/futura-woodmac-tekno-basic-frezarka-cnc-wytaczarka-zawiasow-g-0591.jpg' alt='Frezarka CNC Wytaczarka Zawiasow: Tekno Basic, Futura Woodmac' title='Frezarka CNC Wytaczarka Zawiasow: Tekno Basic, Futura Woodmac'  itemprop=\"thumbnailUrl\"  \/><\/a><\/div><\/div><\/div><br \/>\n<section class=\"av_textblock_section \"  itemscope=\"itemscope\" itemtype=\"https:\/\/schema.org\/CreativeWork\" ><div class='avia_textblock  '   itemprop=\"text\" ><h3 style=\"color: #c70039;\"><a href=\"https:\/\/www.futura-woodmac.com\/pl\/maszyny-drewna\/frezarka-cnc-wytaczarka-zawiasow-tekno-basic\/\">TEKNO BASIC<\/a><\/h3>\n<h6>Maszyna do zak\u0142adu stolarskiego<\/h6>\n<p>Frezarka CNC, wytaczarka do zawias\u00f3w, 3\/5-osiowa.<\/p>\n<\/div><\/section><\/p><\/div><\/p>\n<\/div><\/div><\/div><!-- close content main div --><\/div><\/div><div id='av_section_1'  class='avia-section alternate_color avia-section-large avia-shadow  avia-bg-style-scroll  avia-builder-el-6  el_after_av_one_third  el_before_av_section   container_wrap sidebar_right' style=' '  ><div class='container' ><div class='template-page content  av-content-small alpha units'><div class='post-entry post-entry-type-page post-entry-10883'><div class='entry-content-wrapper clearfix'>\n<div class=\"flex_column av_one_third  flex_column_div first  avia-builder-el-7  el_before_av_two_third  avia-builder-el-first  \" ><section class=\"av_textblock_section \"  itemscope=\"itemscope\" itemtype=\"https:\/\/schema.org\/CreativeWork\" ><div class='avia_textblock  '   itemprop=\"text\" ><h2 style=\"text-align: right;\">CNC 3-osiowe<br \/>\ndo drewna<br \/>\nFutura Woodmac<\/h2>\n<\/div><\/section><br \/>\n<div   class='hr hr-short hr-right   avia-builder-el-9  el_after_av_textblock  el_before_av_textblock '><span class='hr-inner ' ><span class='hr-inner-style'><\/span><\/span><\/div><br \/>\n<section class=\"av_textblock_section \"  itemscope=\"itemscope\" itemtype=\"https:\/\/schema.org\/CreativeWork\" ><div class='avia_textblock  '   itemprop=\"text\" ><p style=\"text-align: right;\">Od 1984 roku nie tylko maszyny<br \/>\ndo obr\u00f3bki drewna,<br \/>\nale prawdziwe rozwi\u0105zania i nowe warto\u015bci.<br \/>\nObs\u0142ugujemy partner\u00f3w i klient\u00f3w<br \/>\nna ca\u0142ym \u015bwiecie.<\/p>\n<p style=\"text-align: right;\">Kompetentny i wieloj\u0119zyczny zesp\u00f3\u0142<br \/>\nzorientowany na konkretne wyniki.<\/p>\n<\/div><\/section><\/p><\/div><div class=\"flex_column av_two_third  flex_column_div av-zero-column-padding   avia-builder-el-11  el_after_av_one_third  el_before_av_one_full  \" style='border-radius:0px; '><div  class='avia-image-container  av-styling-    avia-builder-el-12  avia-builder-el-no-sibling  avia-align-center '  itemprop=\"image\" itemscope=\"itemscope\" itemtype=\"https:\/\/schema.org\/ImageObject\"  ><div class='avia-image-container-inner'><div class='avia-image-overlay-wrap'><img class='avia_image' src='https:\/\/www.futura-woodmac.com\/wp-content\/uploads\/futura-woodmac-azienda-produzione-macchine-lavorazione-legno-n-team-0048.jpg' alt='' title='Futura Woodmac: Azienda Macchine Lavorazione Legno' height=\"345\" width=\"600\"  itemprop=\"thumbnailUrl\"  \/><\/div><\/div><\/div><\/div><div class=\"flex_column av_one_full  flex_column_div av-zero-column-padding first  avia-builder-el-13  el_after_av_two_third  avia-builder-el-last  column-top-margin\" style='border-radius:0px; '><div   class='av_promobox  avia-button-yes   avia-builder-el-14  avia-builder-el-no-sibling '>\t\t<div class='avia-promocontent'><\/p>\n<p style=\"text-align: left;\">Nasza droga do efektywno\u015bci:<br \/>\ns\u0142ucha\u0107, interpretowa\u0107, projektowa\u0107, wykonywa\u0107 pr\u00f3by techniczne, dostosowywa\u0107 i rozwi\u0105zywa\u0107.<\/p>\n<p>\n<\/div><div  class='avia-button-wrap avia-button-right ' ><a href='https:\/\/www.futura-woodmac.com\/pl\/kontakt\/'  class='avia-button   avia-icon_select-yes-left-icon avia-color-theme-color avia-size-large avia-position-right '   ><span class='avia_button_icon avia_button_icon_left ' aria-hidden='true' data-av_icon='\ue80b' data-av_iconfont='entypo-fontello'><\/span><span class='avia_iconbox_title' >POPRO\u015a O INFORMACJE<\/span><\/a><\/div><\/div><\/div>\n\n<\/div><\/div><\/div><!-- close content main div --><\/div><\/div><div id='av_section_2'  class='avia-section alternate_color avia-section-large avia-no-border-styling  avia-bg-style-scroll  avia-builder-el-15  el_after_av_section  avia-builder-el-last   container_wrap sidebar_right' style=' '  ><div class='container' ><div class='template-page content  av-content-small alpha units'><div class='post-entry post-entry-type-page post-entry-10883'><div class='entry-content-wrapper clearfix'>\n<div  class='av-social-sharing-box  avia-builder-el-16  avia-builder-el-no-sibling  '><div class='av-share-box'><ul class='av-share-box-list noLightbox'><li class='av-share-link av-social-link-facebook' ><a target=\"_blank\" aria-label=\"Udost\u0119pnij Facebook\" href='https:\/\/www.facebook.com\/sharer.php?u=https:\/\/www.futura-woodmac.com\/pl\/cnc-3-osiowa-drewna\/&#038;t=CNC%203-osiowa' aria-hidden='false' data-av_icon='\ue8f3' data-av_iconfont='entypo-fontello' title='' data-avia-related-tooltip='Udost\u0119pnij Facebook' rel=\"noopener\"><span class='avia_hidden_link_text'>Udost\u0119pnij Facebook<\/span><\/a><\/li><li class='av-share-link av-social-link-twitter' ><a target=\"_blank\" aria-label=\"Udost\u0119pnij Twitter\" href='https:\/\/twitter.com\/share?text=CNC%203-osiowa&#038;url=https:\/\/www.futura-woodmac.com\/pl\/?p=10883' aria-hidden='false' data-av_icon='\ue8f1' data-av_iconfont='entypo-fontello' title='' data-avia-related-tooltip='Udost\u0119pnij Twitter' rel=\"noopener\"><span class='avia_hidden_link_text'>Udost\u0119pnij Twitter<\/span><\/a><\/li><li class='av-share-link av-social-link-whatsapp' ><a target=\"_blank\" aria-label=\"Share on WhatsApp\" href='https:\/\/api.whatsapp.com\/send?text=https:\/\/www.futura-woodmac.com\/pl\/cnc-3-osiowa-drewna\/' aria-hidden='false' data-av_icon='\uf232' data-av_iconfont='entypo-fontello' title='' data-avia-related-tooltip='Share on WhatsApp' rel=\"noopener\"><span class='avia_hidden_link_text'>Share on WhatsApp<\/span><\/a><\/li><li class='av-share-link av-social-link-pinterest' ><a target=\"_blank\" aria-label=\"Udost\u0119pnij Pinterest\" href='https:\/\/pinterest.com\/pin\/create\/button\/?url=https%3A%2F%2Fwww.futura-woodmac.com%2Fpl%2Fcnc-3-osiowa-drewna%2F&#038;description=CNC%203-osiowa&#038;media=' aria-hidden='false' data-av_icon='\ue8f8' data-av_iconfont='entypo-fontello' title='' data-avia-related-tooltip='Udost\u0119pnij Pinterest' rel=\"noopener\"><span class='avia_hidden_link_text'>Udost\u0119pnij Pinterest<\/span><\/a><\/li><li class='av-share-link av-social-link-linkedin' ><a target=\"_blank\" aria-label=\"Udost\u0119pnij LinkedIn\" href='https:\/\/linkedin.com\/shareArticle?mini=true&#038;title=CNC%203-osiowa&#038;url=https:\/\/www.futura-woodmac.com\/pl\/cnc-3-osiowa-drewna\/' aria-hidden='false' data-av_icon='\ue8fc' data-av_iconfont='entypo-fontello' title='' data-avia-related-tooltip='Udost\u0119pnij LinkedIn' rel=\"noopener\"><span class='avia_hidden_link_text'>Udost\u0119pnij LinkedIn<\/span><\/a><\/li><li class='av-share-link av-social-link-tumblr' ><a target=\"_blank\" aria-label=\"Udost\u0119pnij Tumblr\" href='https:\/\/www.tumblr.com\/share\/link?url=https%3A%2F%2Fwww.futura-woodmac.com%2Fpl%2Fcnc-3-osiowa-drewna%2F&#038;name=CNC%203-osiowa&#038;description=' aria-hidden='false' data-av_icon='\ue8fa' data-av_iconfont='entypo-fontello' title='' data-avia-related-tooltip='Udost\u0119pnij Tumblr' rel=\"noopener\"><span class='avia_hidden_link_text'>Udost\u0119pnij Tumblr<\/span><\/a><\/li><li class='av-share-link av-social-link-vk' ><a target=\"_blank\" aria-label=\"Udost\u0119pnij Vk\" href='https:\/\/vk.com\/share.php?url=https:\/\/www.futura-woodmac.com\/pl\/cnc-3-osiowa-drewna\/' aria-hidden='false' data-av_icon='\ue926' data-av_iconfont='entypo-fontello' title='' data-avia-related-tooltip='Udost\u0119pnij Vk' rel=\"noopener\"><span class='avia_hidden_link_text'>Udost\u0119pnij Vk<\/span><\/a><\/li><li class='av-share-link av-social-link-reddit' ><a target=\"_blank\" aria-label=\"Udost\u0119pnij Reddit\" href='https:\/\/reddit.com\/submit?url=https:\/\/www.futura-woodmac.com\/pl\/cnc-3-osiowa-drewna\/&#038;title=CNC%203-osiowa' aria-hidden='false' data-av_icon='\ue927' data-av_iconfont='entypo-fontello' title='' data-avia-related-tooltip='Udost\u0119pnij Reddit' rel=\"noopener\"><span class='avia_hidden_link_text'>Udost\u0119pnij Reddit<\/span><\/a><\/li><li class='av-share-link av-social-link-mail' ><a  aria-label=\"Wy\u015blij e-mail\" href='mailto:?subject=CNC%203-osiowa&#038;body=https:\/\/www.futura-woodmac.com\/pl\/cnc-3-osiowa-drewna\/' aria-hidden='false' data-av_icon='\ue805' data-av_iconfont='entypo-fontello' title='' data-avia-related-tooltip='Wy\u015blij e-mail'><span class='avia_hidden_link_text'>Wy\u015blij e-mail<\/span><\/a><\/li><\/ul><\/div><\/div>\n<\/div><\/div><\/div><!-- close content main div --><\/div><\/div><div id='after_section_2'  class='main_color av_default_container_wrap container_wrap sidebar_right' style=' '  ><div class='container' ><div class='template-page content  av-content-small alpha units'><div class='post-entry post-entry-type-page post-entry-10883'><div class='entry-content-wrapper clearfix'>\n","protected":false},"excerpt":{"rendered":"","protected":false},"author":1,"featured_media":0,"parent":0,"menu_order":0,"comment_status":"closed","ping_status":"closed","template":"","meta":[],"yoast_head":"<!-- This site is optimized with the Yoast SEO plugin v19.3 - https:\/\/yoast.com\/wordpress\/plugins\/seo\/ -->\n<title>CNC 3-osiowe, maszyny do obr\u00f3bki drewnianych drzwi i o\u015bcie\u017cnic<\/title>\n<meta name=\"description\" content=\"CNC 3-osiowa do obr\u00f3bki drewna do zak\u0142ad\u00f3w stolarskich Futura Woodmac: maszyny sterowane numerycznie do obr\u00f3bki drzwi, o\u015bcie\u017cnic i paneli drewnianych, nawet bardzo d\u0142ugich.\" \/>\n<meta name=\"robots\" content=\"index, follow, max-snippet:-1, max-image-preview:large, max-video-preview:-1\" \/>\n<link rel=\"canonical\" href=\"https:\/\/www.futura-woodmac.com\/pl\/cnc-3-osiowa-drewna\/\" \/>\n<meta property=\"og:locale\" content=\"pl_PL\" \/>\n<meta property=\"og:type\" content=\"article\" \/>\n<meta property=\"og:title\" content=\"CNC 3-osiowe, maszyny do obr\u00f3bki drewnianych drzwi i o\u015bcie\u017cnic\" \/>\n<meta property=\"og:description\" content=\"CNC 3-osiowa do obr\u00f3bki drewna do zak\u0142ad\u00f3w stolarskich Futura Woodmac: maszyny sterowane numerycznie do obr\u00f3bki drzwi, o\u015bcie\u017cnic i paneli drewnianych, nawet bardzo d\u0142ugich.\" \/>\n<meta property=\"og:url\" content=\"https:\/\/www.futura-woodmac.com\/pl\/cnc-3-osiowa-drewna\/\" \/>\n<meta property=\"og:site_name\" content=\"Futura Woodmac - Macchine Lavorazione Legno\" \/>\n<meta property=\"article:modified_time\" content=\"2025-02-05T08:46:22+00:00\" \/>\n<meta property=\"og:image\" content=\"https:\/\/www.futura-woodmac.com\/wp-content\/uploads\/futura-woodmac-macchine-lavorazione-legno-logo.png\" \/>\n\t<meta property=\"og:image:width\" content=\"340\" \/>\n\t<meta property=\"og:image:height\" content=\"156\" \/>\n\t<meta property=\"og:image:type\" content=\"image\/png\" \/>\n<meta name=\"twitter:card\" content=\"summary_large_image\" \/>\n<script type=\"application\/ld+json\" class=\"yoast-schema-graph\">{\"@context\":\"https:\/\/schema.org\",\"@graph\":[{\"@type\":\"Organization\",\"@id\":\"https:\/\/www.futura-woodmac.com\/pl\/#organization\",\"name\":\"Futura Woodmac\",\"url\":\"https:\/\/www.futura-woodmac.com\/pl\/\",\"sameAs\":[\"https:\/\/www.linkedin.com\/company\/metalstar-2000-srl\/\",\"https:\/\/www.youtube.com\/channel\/UCXW0vvohCqNIhxCJ1xUcZTQ\"],\"logo\":{\"@type\":\"ImageObject\",\"inLanguage\":\"pl-PL\",\"@id\":\"https:\/\/www.futura-woodmac.com\/pl\/#\/schema\/logo\/image\/\",\"url\":\"https:\/\/www.futura-woodmac.com\/wp-content\/uploads\/futura-woodmac-macchine-lavorazione-legno-logo.png\",\"contentUrl\":\"https:\/\/www.futura-woodmac.com\/wp-content\/uploads\/futura-woodmac-macchine-lavorazione-legno-logo.png\",\"width\":340,\"height\":156,\"caption\":\"Futura Woodmac\"},\"image\":{\"@id\":\"https:\/\/www.futura-woodmac.com\/pl\/#\/schema\/logo\/image\/\"}},{\"@type\":\"WebSite\",\"@id\":\"https:\/\/www.futura-woodmac.com\/pl\/#website\",\"url\":\"https:\/\/www.futura-woodmac.com\/pl\/\",\"name\":\"Futura Woodmac - Macchine Lavorazione Legno\",\"description\":\"Produzione macchine per falegnameria e lavorazione industriale del legno\",\"publisher\":{\"@id\":\"https:\/\/www.futura-woodmac.com\/pl\/#organization\"},\"potentialAction\":[{\"@type\":\"SearchAction\",\"target\":{\"@type\":\"EntryPoint\",\"urlTemplate\":\"https:\/\/www.futura-woodmac.com\/pl\/?s={search_term_string}\"},\"query-input\":\"required name=search_term_string\"}],\"inLanguage\":\"pl-PL\"},{\"@type\":\"WebPage\",\"@id\":\"https:\/\/www.futura-woodmac.com\/pl\/cnc-3-osiowa-drewna\/\",\"url\":\"https:\/\/www.futura-woodmac.com\/pl\/cnc-3-osiowa-drewna\/\",\"name\":\"CNC 3-osiowe, maszyny do obr\u00f3bki drewnianych drzwi i o\u015bcie\u017cnic\",\"isPartOf\":{\"@id\":\"https:\/\/www.futura-woodmac.com\/pl\/#website\"},\"datePublished\":\"2024-10-18T09:20:01+00:00\",\"dateModified\":\"2025-02-05T08:46:22+00:00\",\"description\":\"CNC 3-osiowa do obr\u00f3bki drewna do zak\u0142ad\u00f3w stolarskich Futura Woodmac: maszyny sterowane numerycznie do obr\u00f3bki drzwi, o\u015bcie\u017cnic i paneli drewnianych, nawet bardzo d\u0142ugich.\",\"breadcrumb\":{\"@id\":\"https:\/\/www.futura-woodmac.com\/pl\/cnc-3-osiowa-drewna\/#breadcrumb\"},\"inLanguage\":\"pl-PL\",\"potentialAction\":[{\"@type\":\"ReadAction\",\"target\":[\"https:\/\/www.futura-woodmac.com\/pl\/cnc-3-osiowa-drewna\/\"]}]},{\"@type\":\"BreadcrumbList\",\"@id\":\"https:\/\/www.futura-woodmac.com\/pl\/cnc-3-osiowa-drewna\/#breadcrumb\",\"itemListElement\":[{\"@type\":\"ListItem\",\"position\":1,\"name\":\"Home\",\"item\":\"https:\/\/www.futura-woodmac.com\/pl\/\"},{\"@type\":\"ListItem\",\"position\":2,\"name\":\"CNC 3-osiowa\"}]}]}<\/script>\n<!-- \/ Yoast SEO plugin. -->","yoast_head_json":{"title":"CNC 3-osiowe, maszyny do obr\u00f3bki drewnianych drzwi i o\u015bcie\u017cnic","description":"CNC 3-osiowa do obr\u00f3bki drewna do zak\u0142ad\u00f3w stolarskich Futura Woodmac: maszyny sterowane numerycznie do obr\u00f3bki drzwi, o\u015bcie\u017cnic i paneli drewnianych, nawet bardzo d\u0142ugich.","robots":{"index":"index","follow":"follow","max-snippet":"max-snippet:-1","max-image-preview":"max-image-preview:large","max-video-preview":"max-video-preview:-1"},"canonical":"https:\/\/www.futura-woodmac.com\/pl\/cnc-3-osiowa-drewna\/","og_locale":"pl_PL","og_type":"article","og_title":"CNC 3-osiowe, maszyny do obr\u00f3bki drewnianych drzwi i o\u015bcie\u017cnic","og_description":"CNC 3-osiowa do obr\u00f3bki drewna do zak\u0142ad\u00f3w stolarskich Futura Woodmac: maszyny sterowane numerycznie do obr\u00f3bki drzwi, o\u015bcie\u017cnic i paneli drewnianych, nawet bardzo d\u0142ugich.","og_url":"https:\/\/www.futura-woodmac.com\/pl\/cnc-3-osiowa-drewna\/","og_site_name":"Futura Woodmac - Macchine Lavorazione Legno","article_modified_time":"2025-02-05T08:46:22+00:00","og_image":[{"width":340,"height":156,"url":"https:\/\/www.futura-woodmac.com\/wp-content\/uploads\/futura-woodmac-macchine-lavorazione-legno-logo.png","type":"image\/png"}],"twitter_card":"summary_large_image","schema":{"@context":"https:\/\/schema.org","@graph":[{"@type":"Organization","@id":"https:\/\/www.futura-woodmac.com\/pl\/#organization","name":"Futura Woodmac","url":"https:\/\/www.futura-woodmac.com\/pl\/","sameAs":["https:\/\/www.linkedin.com\/company\/metalstar-2000-srl\/","https:\/\/www.youtube.com\/channel\/UCXW0vvohCqNIhxCJ1xUcZTQ"],"logo":{"@type":"ImageObject","inLanguage":"pl-PL","@id":"https:\/\/www.futura-woodmac.com\/pl\/#\/schema\/logo\/image\/","url":"https:\/\/www.futura-woodmac.com\/wp-content\/uploads\/futura-woodmac-macchine-lavorazione-legno-logo.png","contentUrl":"https:\/\/www.futura-woodmac.com\/wp-content\/uploads\/futura-woodmac-macchine-lavorazione-legno-logo.png","width":340,"height":156,"caption":"Futura Woodmac"},"image":{"@id":"https:\/\/www.futura-woodmac.com\/pl\/#\/schema\/logo\/image\/"}},{"@type":"WebSite","@id":"https:\/\/www.futura-woodmac.com\/pl\/#website","url":"https:\/\/www.futura-woodmac.com\/pl\/","name":"Futura Woodmac - Macchine Lavorazione Legno","description":"Produzione macchine per falegnameria e lavorazione industriale del legno","publisher":{"@id":"https:\/\/www.futura-woodmac.com\/pl\/#organization"},"potentialAction":[{"@type":"SearchAction","target":{"@type":"EntryPoint","urlTemplate":"https:\/\/www.futura-woodmac.com\/pl\/?s={search_term_string}"},"query-input":"required name=search_term_string"}],"inLanguage":"pl-PL"},{"@type":"WebPage","@id":"https:\/\/www.futura-woodmac.com\/pl\/cnc-3-osiowa-drewna\/","url":"https:\/\/www.futura-woodmac.com\/pl\/cnc-3-osiowa-drewna\/","name":"CNC 3-osiowe, maszyny do obr\u00f3bki drewnianych drzwi i o\u015bcie\u017cnic","isPartOf":{"@id":"https:\/\/www.futura-woodmac.com\/pl\/#website"},"datePublished":"2024-10-18T09:20:01+00:00","dateModified":"2025-02-05T08:46:22+00:00","description":"CNC 3-osiowa do obr\u00f3bki drewna do zak\u0142ad\u00f3w stolarskich Futura Woodmac: maszyny sterowane numerycznie do obr\u00f3bki drzwi, o\u015bcie\u017cnic i paneli drewnianych, nawet bardzo d\u0142ugich.","breadcrumb":{"@id":"https:\/\/www.futura-woodmac.com\/pl\/cnc-3-osiowa-drewna\/#breadcrumb"},"inLanguage":"pl-PL","potentialAction":[{"@type":"ReadAction","target":["https:\/\/www.futura-woodmac.com\/pl\/cnc-3-osiowa-drewna\/"]}]},{"@type":"BreadcrumbList","@id":"https:\/\/www.futura-woodmac.com\/pl\/cnc-3-osiowa-drewna\/#breadcrumb","itemListElement":[{"@type":"ListItem","position":1,"name":"Home","item":"https:\/\/www.futura-woodmac.com\/pl\/"},{"@type":"ListItem","position":2,"name":"CNC 3-osiowa"}]}]}},"_links":{"self":[{"href":"https:\/\/www.futura-woodmac.com\/pl\/wp-json\/wp\/v2\/pages\/10883"}],"collection":[{"href":"https:\/\/www.futura-woodmac.com\/pl\/wp-json\/wp\/v2\/pages"}],"about":[{"href":"https:\/\/www.futura-woodmac.com\/pl\/wp-json\/wp\/v2\/types\/page"}],"author":[{"embeddable":true,"href":"https:\/\/www.futura-woodmac.com\/pl\/wp-json\/wp\/v2\/users\/1"}],"replies":[{"embeddable":true,"href":"https:\/\/www.futura-woodmac.com\/pl\/wp-json\/wp\/v2\/comments?post=10883"}],"version-history":[{"count":14,"href":"https:\/\/www.futura-woodmac.com\/pl\/wp-json\/wp\/v2\/pages\/10883\/revisions"}],"predecessor-version":[{"id":13554,"href":"https:\/\/www.futura-woodmac.com\/pl\/wp-json\/wp\/v2\/pages\/10883\/revisions\/13554"}],"wp:attachment":[{"href":"https:\/\/www.futura-woodmac.com\/pl\/wp-json\/wp\/v2\/media?parent=10883"}],"curies":[{"name":"wp","href":"https:\/\/api.w.org\/{rel}","templated":true}]}}