{"id":10940,"date":"2024-10-18T11:44:21","date_gmt":"2024-10-18T09:44:21","guid":{"rendered":"https:\/\/www.futura-woodmac.com\/pantografy-drewna\/"},"modified":"2024-11-01T17:29:47","modified_gmt":"2024-11-01T16:29:47","slug":"pantografy-drewna","status":"publish","type":"page","link":"https:\/\/www.futura-woodmac.com\/pl\/pantografy-drewna\/","title":{"rendered":"Pantografy"},"content":{"rendered":"<section class=\"av_textblock_section \"  itemscope=\"itemscope\" itemtype=\"https:\/\/schema.org\/CreativeWork\" ><div class='avia_textblock  '   itemprop=\"text\" ><h1>PANTOGRAFY<\/h1>\n<h2 style=\"font-size: medium;\">Pantografy do drewna do przemys\u0142u stolarskiego i dla hobbyst\u00f3w<\/h2>\n<\/div><\/section>\n<div class=\"flex_column av_one_full  flex_column_div av-zero-column-padding first  avia-builder-el-1  el_after_av_textblock  el_before_av_one_third  column-top-margin\" style='border-radius:0px; '><section class=\"av_textblock_section \"  itemscope=\"itemscope\" itemtype=\"https:\/\/schema.org\/CreativeWork\" ><div class='avia_textblock  '   itemprop=\"text\" ><p><strong>Pantograf do drewna Futura Woodmac<\/strong> to maszyna Skema 800, kt\u00f3rej si\u0142a tkwi w niezawodno\u015bci obr\u00f3bki pantograficznej nawet du\u017cych sztuk. W rzeczywisto\u015bci powierzchnia robocza zapewnia stabilne i bezpieczne oparcie.<br \/>\nZesp\u00f3\u0142 frezarki jest wyposa\u017cony w rewolwer z 5 regulowanymi ogranicznikami do szybkiego prze\u0142\u0105czania operacji obr\u00f3bki.<br \/>\nNowy projekt obejmuje obecno\u015b\u0107 elektrowrzeciona o mocy 2,2 kW z po\u0142\u0105czeniem wrzeciona z tulej\u0105 zaciskow\u0105 ER25.<br \/>\nUruchamianie pantografu odbywa si\u0119 w prosty spos\u00f3b za pomoc\u0105 zdalnego no\u017cnego panelu przyciskowego, kt\u00f3ry porusza i obs\u0142uguje pneumatyczny zesp\u00f3\u0142 frezu pneumatycznego.<br \/>\nPantograf do drewna Skema 800 jest w ca\u0142o\u015bci produkowany we W\u0142oszech, a korpus maszyny (wraz z niekt\u00f3rymi cz\u0119\u015bciami) jest wytwarzany wewn\u0119trznie, co gwarantuje najwy\u017csz\u0105 jako\u015b\u0107 w korzystnych cenach, a nawet dok\u0142adne testowanie pantografu przed dostaw\u0105.<\/p>\n<\/div><\/section><\/div>\n<div class=\"flex_column av_one_third  flex_column_div av-zero-column-padding first  avia-builder-el-3  el_after_av_one_full  el_before_av_section  avia-builder-el-last  column-top-margin\" style='border-radius:0px; '><p><div  class='avia-image-container  av-styling-    avia-builder-el-4  el_before_av_textblock  avia-builder-el-first  avia-align-center '  itemprop=\"image\" itemscope=\"itemscope\" itemtype=\"https:\/\/schema.org\/ImageObject\"  ><div class='avia-image-container-inner'><div class='avia-image-overlay-wrap'><a href='\/pl\/maszyny-drewna\/pantograf-frezarka-pionowa-skema-800\/' class='avia_image'  ><img class='avia_image ' src='https:\/\/www.futura-woodmac.com\/wp-content\/uploads\/futura-woodmac-skema-800-pantografo-fresatrice-verticale-g-generale-0218.jpg' alt='Pantografo Fresatrice Verticale Skema 800, Futura Woodmac' title='Pantografo Fresatrice Verticale Skema 800, Futura Woodmac'  itemprop=\"thumbnailUrl\"  \/><\/a><\/div><\/div><\/div><br \/>\n<section class=\"av_textblock_section \"  itemscope=\"itemscope\" itemtype=\"https:\/\/schema.org\/CreativeWork\" ><div class='avia_textblock  '   itemprop=\"text\" ><h3 style=\"color: #c70039;\"><a href=\"\/pl\/maszyny-drewna\/pantograf-frezarka-pionowa-skema-800\/\">SKEMA 800<\/a><\/h3>\n<h6>Maszyny do zak\u0142adu stolarskiego i dla hobbyst\u00f3w<\/h6>\n<p>Pantograf, frezarka pionowa.<\/p>\n<\/div><\/section><\/p><\/div><\/div><\/div><\/div><!-- close content main div --><\/div><\/div><div id='av_section_1'  class='avia-section alternate_color avia-section-large avia-shadow  avia-bg-style-scroll  avia-builder-el-6  el_after_av_one_third  el_before_av_section   container_wrap sidebar_right' style=' '  ><div class='container' ><div class='template-page content  av-content-small alpha units'><div class='post-entry post-entry-type-page post-entry-10940'><div class='entry-content-wrapper clearfix'>\n<div class=\"flex_column av_one_third  flex_column_div first  avia-builder-el-7  el_before_av_two_third  avia-builder-el-first  \" ><section class=\"av_textblock_section \"  itemscope=\"itemscope\" itemtype=\"https:\/\/schema.org\/CreativeWork\" ><div class='avia_textblock  '   itemprop=\"text\" ><h2 style=\"text-align: right;\">Pantografy<br \/>\ndo drewna<br \/>\nFutura Woodmac<\/h2>\n<\/div><\/section><br \/>\n<div   class='hr hr-short hr-right   avia-builder-el-9  el_after_av_textblock  el_before_av_textblock '><span class='hr-inner ' ><span class='hr-inner-style'><\/span><\/span><\/div><br \/>\n<section class=\"av_textblock_section \"  itemscope=\"itemscope\" itemtype=\"https:\/\/schema.org\/CreativeWork\" ><div class='avia_textblock  '   itemprop=\"text\" ><p style=\"text-align: right;\">Od 1984 roku nie tylko maszyny<br \/>\ndo obr\u00f3bki drewna,<br \/>\nale prawdziwe rozwi\u0105zania i nowe warto\u015bci.<br \/>\nObs\u0142ugujemy partner\u00f3w i klient\u00f3w<br \/>\nna ca\u0142ym \u015bwiecie.<\/p>\n<p style=\"text-align: right;\">Kompetentny i wieloj\u0119zyczny zesp\u00f3\u0142<br \/>\nzorientowany na konkretne wyniki.<\/p>\n<\/div><\/section><\/p><\/div><div class=\"flex_column av_two_third  flex_column_div av-zero-column-padding   avia-builder-el-11  el_after_av_one_third  el_before_av_one_full  \" style='border-radius:0px; '><div  class='avia-image-container  av-styling-    avia-builder-el-12  avia-builder-el-no-sibling  avia-align-center '  itemprop=\"image\" itemscope=\"itemscope\" itemtype=\"https:\/\/schema.org\/ImageObject\"  ><div class='avia-image-container-inner'><div class='avia-image-overlay-wrap'><img class='avia_image' src='https:\/\/www.futura-woodmac.com\/wp-content\/uploads\/futura-woodmac-azienda-produzione-macchine-lavorazione-legno-n-team-0048.jpg' alt='' title='Futura Woodmac: Azienda Macchine Lavorazione Legno' height=\"345\" width=\"600\"  itemprop=\"thumbnailUrl\"  \/><\/div><\/div><\/div><\/div><div class=\"flex_column av_one_full  flex_column_div av-zero-column-padding first  avia-builder-el-13  el_after_av_two_third  avia-builder-el-last  column-top-margin\" style='border-radius:0px; '><div   class='av_promobox  avia-button-yes   avia-builder-el-14  avia-builder-el-no-sibling '>\t\t<div class='avia-promocontent'><\/p>\n<p style=\"text-align: left;\">Nasza droga do efektywno\u015bci:<br \/>\ns\u0142ucha\u0107, interpretowa\u0107, projektowa\u0107, wykonywa\u0107 pr\u00f3by techniczne, dostosowywa\u0107 i rozwi\u0105zywa\u0107.<\/p>\n<p>\n<\/div><div  class='avia-button-wrap avia-button-right ' ><a href='\/pl\/kontakt\/'  class='avia-button   avia-icon_select-yes-left-icon avia-color-theme-color avia-size-large avia-position-right '   ><span class='avia_button_icon avia_button_icon_left ' aria-hidden='true' data-av_icon='\ue80b' data-av_iconfont='entypo-fontello'><\/span><span class='avia_iconbox_title' >POPRO\u015a O INFORMACJE<\/span><\/a><\/div><\/div><\/div>\n<\/p>\n<\/div><\/div><\/div><!-- close content main div --><\/div><\/div><div id='av_section_2'  class='avia-section alternate_color avia-section-large avia-no-border-styling  avia-bg-style-scroll  avia-builder-el-15  el_after_av_section  avia-builder-el-last   container_wrap sidebar_right' style=' '  ><div class='container' ><div class='template-page content  av-content-small alpha units'><div class='post-entry post-entry-type-page post-entry-10940'><div class='entry-content-wrapper clearfix'>\n<div  class='av-social-sharing-box  avia-builder-el-16  avia-builder-el-no-sibling  '><div class='av-share-box'><ul class='av-share-box-list noLightbox'><li class='av-share-link av-social-link-facebook' ><a target=\"_blank\" aria-label=\"Udost\u0119pnij Facebook\" href='https:\/\/www.facebook.com\/sharer.php?u=https:\/\/www.futura-woodmac.com\/pl\/pantografy-drewna\/&#038;t=Pantografy' aria-hidden='false' data-av_icon='\ue8f3' data-av_iconfont='entypo-fontello' title='' data-avia-related-tooltip='Udost\u0119pnij Facebook' rel=\"noopener\"><span class='avia_hidden_link_text'>Udost\u0119pnij Facebook<\/span><\/a><\/li><li class='av-share-link av-social-link-twitter' ><a target=\"_blank\" aria-label=\"Udost\u0119pnij Twitter\" href='https:\/\/twitter.com\/share?text=Pantografy&#038;url=https:\/\/www.futura-woodmac.com\/pl\/?p=10940' aria-hidden='false' data-av_icon='\ue8f1' data-av_iconfont='entypo-fontello' title='' data-avia-related-tooltip='Udost\u0119pnij Twitter' rel=\"noopener\"><span class='avia_hidden_link_text'>Udost\u0119pnij Twitter<\/span><\/a><\/li><li class='av-share-link av-social-link-whatsapp' ><a target=\"_blank\" aria-label=\"Share on WhatsApp\" href='https:\/\/api.whatsapp.com\/send?text=https:\/\/www.futura-woodmac.com\/pl\/pantografy-drewna\/' aria-hidden='false' data-av_icon='\uf232' data-av_iconfont='entypo-fontello' title='' data-avia-related-tooltip='Share on WhatsApp' rel=\"noopener\"><span class='avia_hidden_link_text'>Share on WhatsApp<\/span><\/a><\/li><li class='av-share-link av-social-link-pinterest' ><a target=\"_blank\" aria-label=\"Udost\u0119pnij Pinterest\" href='https:\/\/pinterest.com\/pin\/create\/button\/?url=https%3A%2F%2Fwww.futura-woodmac.com%2Fpl%2Fpantografy-drewna%2F&#038;description=Pantografy&#038;media=' aria-hidden='false' data-av_icon='\ue8f8' data-av_iconfont='entypo-fontello' title='' data-avia-related-tooltip='Udost\u0119pnij Pinterest' rel=\"noopener\"><span class='avia_hidden_link_text'>Udost\u0119pnij Pinterest<\/span><\/a><\/li><li class='av-share-link av-social-link-linkedin' ><a target=\"_blank\" aria-label=\"Udost\u0119pnij LinkedIn\" href='https:\/\/linkedin.com\/shareArticle?mini=true&#038;title=Pantografy&#038;url=https:\/\/www.futura-woodmac.com\/pl\/pantografy-drewna\/' aria-hidden='false' data-av_icon='\ue8fc' data-av_iconfont='entypo-fontello' title='' data-avia-related-tooltip='Udost\u0119pnij LinkedIn' rel=\"noopener\"><span class='avia_hidden_link_text'>Udost\u0119pnij LinkedIn<\/span><\/a><\/li><li class='av-share-link av-social-link-tumblr' ><a target=\"_blank\" aria-label=\"Udost\u0119pnij Tumblr\" href='https:\/\/www.tumblr.com\/share\/link?url=https%3A%2F%2Fwww.futura-woodmac.com%2Fpl%2Fpantografy-drewna%2F&#038;name=Pantografy&#038;description=' aria-hidden='false' data-av_icon='\ue8fa' data-av_iconfont='entypo-fontello' title='' data-avia-related-tooltip='Udost\u0119pnij Tumblr' rel=\"noopener\"><span class='avia_hidden_link_text'>Udost\u0119pnij Tumblr<\/span><\/a><\/li><li class='av-share-link av-social-link-vk' ><a target=\"_blank\" aria-label=\"Udost\u0119pnij Vk\" href='https:\/\/vk.com\/share.php?url=https:\/\/www.futura-woodmac.com\/pl\/pantografy-drewna\/' aria-hidden='false' data-av_icon='\ue926' data-av_iconfont='entypo-fontello' title='' data-avia-related-tooltip='Udost\u0119pnij Vk' rel=\"noopener\"><span class='avia_hidden_link_text'>Udost\u0119pnij Vk<\/span><\/a><\/li><li class='av-share-link av-social-link-reddit' ><a target=\"_blank\" aria-label=\"Udost\u0119pnij Reddit\" href='https:\/\/reddit.com\/submit?url=https:\/\/www.futura-woodmac.com\/pl\/pantografy-drewna\/&#038;title=Pantografy' aria-hidden='false' data-av_icon='\ue927' data-av_iconfont='entypo-fontello' title='' data-avia-related-tooltip='Udost\u0119pnij Reddit' rel=\"noopener\"><span class='avia_hidden_link_text'>Udost\u0119pnij Reddit<\/span><\/a><\/li><li class='av-share-link av-social-link-mail' ><a  aria-label=\"Wy\u015blij e-mail\" href='mailto:?subject=Pantografy&#038;body=https:\/\/www.futura-woodmac.com\/pl\/pantografy-drewna\/' aria-hidden='false' data-av_icon='\ue805' data-av_iconfont='entypo-fontello' title='' data-avia-related-tooltip='Wy\u015blij e-mail'><span class='avia_hidden_link_text'>Wy\u015blij e-mail<\/span><\/a><\/li><\/ul><\/div><\/div>\n<\/div><\/div><\/div><!-- close content main div --><\/div><\/div><div id='after_section_2'  class='main_color av_default_container_wrap container_wrap sidebar_right' style=' '  ><div class='container' ><div class='template-page content  av-content-small alpha units'><div class='post-entry post-entry-type-page post-entry-10940'><div class='entry-content-wrapper clearfix'>\n","protected":false},"excerpt":{"rendered":"","protected":false},"author":1,"featured_media":0,"parent":0,"menu_order":0,"comment_status":"closed","ping_status":"closed","template":"","meta":[],"yoast_head":"<!-- This site is optimized with the Yoast SEO plugin v19.3 - https:\/\/yoast.com\/wordpress\/plugins\/seo\/ -->\n<title>Pantografy do drewna, przemys\u0142 stolarski i hobby\u015bci: Futura Woodmac<\/title>\n<meta name=\"description\" content=\"Pantografy do drewna do przemys\u0142u stolarskiego i dla hobbyst\u00f3w. Futura Woodmac: pantografy produkowane w 100% we W\u0142oszech, z korpusem maszyny wykonanym we w\u0142asnym zakresie.\" \/>\n<meta name=\"robots\" content=\"index, follow, max-snippet:-1, max-image-preview:large, max-video-preview:-1\" \/>\n<link rel=\"canonical\" href=\"https:\/\/www.futura-woodmac.com\/pl\/pantografy-drewna\/\" \/>\n<meta property=\"og:locale\" content=\"pl_PL\" \/>\n<meta property=\"og:type\" content=\"article\" \/>\n<meta property=\"og:title\" content=\"Pantografy do drewna, przemys\u0142 stolarski i hobby\u015bci: Futura Woodmac\" \/>\n<meta property=\"og:description\" content=\"Pantografy do drewna do przemys\u0142u stolarskiego i dla hobbyst\u00f3w. Futura Woodmac: pantografy produkowane w 100% we W\u0142oszech, z korpusem maszyny wykonanym we w\u0142asnym zakresie.\" \/>\n<meta property=\"og:url\" content=\"https:\/\/www.futura-woodmac.com\/pl\/pantografy-drewna\/\" \/>\n<meta property=\"og:site_name\" content=\"Futura Woodmac - Macchine Lavorazione Legno\" \/>\n<meta property=\"article:modified_time\" content=\"2024-11-01T16:29:47+00:00\" \/>\n<meta property=\"og:image\" content=\"https:\/\/www.futura-woodmac.com\/wp-content\/uploads\/futura-woodmac-macchine-lavorazione-legno-logo.png\" \/>\n\t<meta property=\"og:image:width\" content=\"340\" \/>\n\t<meta property=\"og:image:height\" content=\"156\" \/>\n\t<meta property=\"og:image:type\" content=\"image\/png\" \/>\n<meta name=\"twitter:card\" content=\"summary_large_image\" \/>\n<script type=\"application\/ld+json\" class=\"yoast-schema-graph\">{\"@context\":\"https:\/\/schema.org\",\"@graph\":[{\"@type\":\"Organization\",\"@id\":\"https:\/\/www.futura-woodmac.com\/pl\/#organization\",\"name\":\"Futura Woodmac\",\"url\":\"https:\/\/www.futura-woodmac.com\/pl\/\",\"sameAs\":[\"https:\/\/www.linkedin.com\/company\/metalstar-2000-srl\/\",\"https:\/\/www.youtube.com\/channel\/UCXW0vvohCqNIhxCJ1xUcZTQ\"],\"logo\":{\"@type\":\"ImageObject\",\"inLanguage\":\"pl-PL\",\"@id\":\"https:\/\/www.futura-woodmac.com\/pl\/#\/schema\/logo\/image\/\",\"url\":\"https:\/\/www.futura-woodmac.com\/wp-content\/uploads\/futura-woodmac-macchine-lavorazione-legno-logo.png\",\"contentUrl\":\"https:\/\/www.futura-woodmac.com\/wp-content\/uploads\/futura-woodmac-macchine-lavorazione-legno-logo.png\",\"width\":340,\"height\":156,\"caption\":\"Futura Woodmac\"},\"image\":{\"@id\":\"https:\/\/www.futura-woodmac.com\/pl\/#\/schema\/logo\/image\/\"}},{\"@type\":\"WebSite\",\"@id\":\"https:\/\/www.futura-woodmac.com\/pl\/#website\",\"url\":\"https:\/\/www.futura-woodmac.com\/pl\/\",\"name\":\"Futura Woodmac - Macchine Lavorazione Legno\",\"description\":\"Produzione macchine per falegnameria e lavorazione industriale del legno\",\"publisher\":{\"@id\":\"https:\/\/www.futura-woodmac.com\/pl\/#organization\"},\"potentialAction\":[{\"@type\":\"SearchAction\",\"target\":{\"@type\":\"EntryPoint\",\"urlTemplate\":\"https:\/\/www.futura-woodmac.com\/pl\/?s={search_term_string}\"},\"query-input\":\"required name=search_term_string\"}],\"inLanguage\":\"pl-PL\"},{\"@type\":\"WebPage\",\"@id\":\"https:\/\/www.futura-woodmac.com\/pl\/pantografy-drewna\/\",\"url\":\"https:\/\/www.futura-woodmac.com\/pl\/pantografy-drewna\/\",\"name\":\"Pantografy do drewna, przemys\u0142 stolarski i hobby\u015bci: Futura Woodmac\",\"isPartOf\":{\"@id\":\"https:\/\/www.futura-woodmac.com\/pl\/#website\"},\"datePublished\":\"2024-10-18T09:44:21+00:00\",\"dateModified\":\"2024-11-01T16:29:47+00:00\",\"description\":\"Pantografy do drewna do przemys\u0142u stolarskiego i dla hobbyst\u00f3w. Futura Woodmac: pantografy produkowane w 100% we W\u0142oszech, z korpusem maszyny wykonanym we w\u0142asnym zakresie.\",\"breadcrumb\":{\"@id\":\"https:\/\/www.futura-woodmac.com\/pl\/pantografy-drewna\/#breadcrumb\"},\"inLanguage\":\"pl-PL\",\"potentialAction\":[{\"@type\":\"ReadAction\",\"target\":[\"https:\/\/www.futura-woodmac.com\/pl\/pantografy-drewna\/\"]}]},{\"@type\":\"BreadcrumbList\",\"@id\":\"https:\/\/www.futura-woodmac.com\/pl\/pantografy-drewna\/#breadcrumb\",\"itemListElement\":[{\"@type\":\"ListItem\",\"position\":1,\"name\":\"Home\",\"item\":\"https:\/\/www.futura-woodmac.com\/pl\/\"},{\"@type\":\"ListItem\",\"position\":2,\"name\":\"Pantografy\"}]}]}<\/script>\n<!-- \/ Yoast SEO plugin. -->","yoast_head_json":{"title":"Pantografy do drewna, przemys\u0142 stolarski i hobby\u015bci: Futura Woodmac","description":"Pantografy do drewna do przemys\u0142u stolarskiego i dla hobbyst\u00f3w. Futura Woodmac: pantografy produkowane w 100% we W\u0142oszech, z korpusem maszyny wykonanym we w\u0142asnym zakresie.","robots":{"index":"index","follow":"follow","max-snippet":"max-snippet:-1","max-image-preview":"max-image-preview:large","max-video-preview":"max-video-preview:-1"},"canonical":"https:\/\/www.futura-woodmac.com\/pl\/pantografy-drewna\/","og_locale":"pl_PL","og_type":"article","og_title":"Pantografy do drewna, przemys\u0142 stolarski i hobby\u015bci: Futura Woodmac","og_description":"Pantografy do drewna do przemys\u0142u stolarskiego i dla hobbyst\u00f3w. Futura Woodmac: pantografy produkowane w 100% we W\u0142oszech, z korpusem maszyny wykonanym we w\u0142asnym zakresie.","og_url":"https:\/\/www.futura-woodmac.com\/pl\/pantografy-drewna\/","og_site_name":"Futura Woodmac - Macchine Lavorazione Legno","article_modified_time":"2024-11-01T16:29:47+00:00","og_image":[{"width":340,"height":156,"url":"https:\/\/www.futura-woodmac.com\/wp-content\/uploads\/futura-woodmac-macchine-lavorazione-legno-logo.png","type":"image\/png"}],"twitter_card":"summary_large_image","schema":{"@context":"https:\/\/schema.org","@graph":[{"@type":"Organization","@id":"https:\/\/www.futura-woodmac.com\/pl\/#organization","name":"Futura Woodmac","url":"https:\/\/www.futura-woodmac.com\/pl\/","sameAs":["https:\/\/www.linkedin.com\/company\/metalstar-2000-srl\/","https:\/\/www.youtube.com\/channel\/UCXW0vvohCqNIhxCJ1xUcZTQ"],"logo":{"@type":"ImageObject","inLanguage":"pl-PL","@id":"https:\/\/www.futura-woodmac.com\/pl\/#\/schema\/logo\/image\/","url":"https:\/\/www.futura-woodmac.com\/wp-content\/uploads\/futura-woodmac-macchine-lavorazione-legno-logo.png","contentUrl":"https:\/\/www.futura-woodmac.com\/wp-content\/uploads\/futura-woodmac-macchine-lavorazione-legno-logo.png","width":340,"height":156,"caption":"Futura Woodmac"},"image":{"@id":"https:\/\/www.futura-woodmac.com\/pl\/#\/schema\/logo\/image\/"}},{"@type":"WebSite","@id":"https:\/\/www.futura-woodmac.com\/pl\/#website","url":"https:\/\/www.futura-woodmac.com\/pl\/","name":"Futura Woodmac - Macchine Lavorazione Legno","description":"Produzione macchine per falegnameria e lavorazione industriale del legno","publisher":{"@id":"https:\/\/www.futura-woodmac.com\/pl\/#organization"},"potentialAction":[{"@type":"SearchAction","target":{"@type":"EntryPoint","urlTemplate":"https:\/\/www.futura-woodmac.com\/pl\/?s={search_term_string}"},"query-input":"required name=search_term_string"}],"inLanguage":"pl-PL"},{"@type":"WebPage","@id":"https:\/\/www.futura-woodmac.com\/pl\/pantografy-drewna\/","url":"https:\/\/www.futura-woodmac.com\/pl\/pantografy-drewna\/","name":"Pantografy do drewna, przemys\u0142 stolarski i hobby\u015bci: Futura Woodmac","isPartOf":{"@id":"https:\/\/www.futura-woodmac.com\/pl\/#website"},"datePublished":"2024-10-18T09:44:21+00:00","dateModified":"2024-11-01T16:29:47+00:00","description":"Pantografy do drewna do przemys\u0142u stolarskiego i dla hobbyst\u00f3w. Futura Woodmac: pantografy produkowane w 100% we W\u0142oszech, z korpusem maszyny wykonanym we w\u0142asnym zakresie.","breadcrumb":{"@id":"https:\/\/www.futura-woodmac.com\/pl\/pantografy-drewna\/#breadcrumb"},"inLanguage":"pl-PL","potentialAction":[{"@type":"ReadAction","target":["https:\/\/www.futura-woodmac.com\/pl\/pantografy-drewna\/"]}]},{"@type":"BreadcrumbList","@id":"https:\/\/www.futura-woodmac.com\/pl\/pantografy-drewna\/#breadcrumb","itemListElement":[{"@type":"ListItem","position":1,"name":"Home","item":"https:\/\/www.futura-woodmac.com\/pl\/"},{"@type":"ListItem","position":2,"name":"Pantografy"}]}]}},"_links":{"self":[{"href":"https:\/\/www.futura-woodmac.com\/pl\/wp-json\/wp\/v2\/pages\/10940"}],"collection":[{"href":"https:\/\/www.futura-woodmac.com\/pl\/wp-json\/wp\/v2\/pages"}],"about":[{"href":"https:\/\/www.futura-woodmac.com\/pl\/wp-json\/wp\/v2\/types\/page"}],"author":[{"embeddable":true,"href":"https:\/\/www.futura-woodmac.com\/pl\/wp-json\/wp\/v2\/users\/1"}],"replies":[{"embeddable":true,"href":"https:\/\/www.futura-woodmac.com\/pl\/wp-json\/wp\/v2\/comments?post=10940"}],"version-history":[{"count":7,"href":"https:\/\/www.futura-woodmac.com\/pl\/wp-json\/wp\/v2\/pages\/10940\/revisions"}],"predecessor-version":[{"id":11565,"href":"https:\/\/www.futura-woodmac.com\/pl\/wp-json\/wp\/v2\/pages\/10940\/revisions\/11565"}],"wp:attachment":[{"href":"https:\/\/www.futura-woodmac.com\/pl\/wp-json\/wp\/v2\/media?parent=10940"}],"curies":[{"name":"wp","href":"https:\/\/api.w.org\/{rel}","templated":true}]}}