{"id":11747,"date":"2024-11-02T14:34:29","date_gmt":"2024-11-02T13:34:29","guid":{"rendered":"https:\/\/www.futura-woodmac.com\/cnc-3-axe-lemn\/"},"modified":"2025-02-05T09:47:03","modified_gmt":"2025-02-05T08:47:03","slug":"cnc-3-axe-lemn","status":"publish","type":"page","link":"https:\/\/www.futura-woodmac.com\/ro\/cnc-3-axe-lemn\/","title":{"rendered":"CNC 3 axe"},"content":{"rendered":"<section class=\"av_textblock_section \"  itemscope=\"itemscope\" itemtype=\"https:\/\/schema.org\/CreativeWork\" ><div class='avia_textblock  '   itemprop=\"text\" ><h1>CNC 3 AXE<\/h1>\n<h2 style=\"font-size: medium;\">CNC pentru t\u00e2mpl\u0103rie: prelucrarea u\u0219ilor \u0219i a cadrelor din lemn<\/h2>\n<\/div><\/section>\n<div class=\"flex_column av_one_full  flex_column_div av-zero-column-padding first  avia-builder-el-1  el_after_av_textblock  el_before_av_one_third  column-top-margin\" style='border-radius:0px; '><section class=\"av_textblock_section \"  itemscope=\"itemscope\" itemtype=\"https:\/\/schema.org\/CreativeWork\" ><div class='avia_textblock  '   itemprop=\"text\" ><p><strong>CNC Futura Woodmac cu 3 axe<\/strong> sunt ma\u0219ini versatile, potrivite \u00een special pentru t\u00e2mpl\u0103rii \u00een prelucrarea u\u0219ilor, cadrelor \u0219i panourilor din lemn, chiar \u0219i a pieselor foarte lungi.<br \/>\n\u00cen cazul specific al Tekno Basic, ma\u0219ina este multifunc\u021bional\u0103 \u0219i poate fi configurat\u0103 \u00een 3 moduri diferite: clientul poate alege dac\u0103 s\u0103 achizi\u021bioneze ma\u0219ina cu ambele unit\u0103\u021bi de lucru (frezare \u0219i ma\u0219in\u0103 anuba, 5 axe) sau s\u0103 elimine una dintre ele (3 axe).<br \/>\nAsisten\u021ba tehnic\u0103 pentru comanda numeric\u0103 oferit\u0103 de speciali\u0219tii no\u0219tri tehnici, \u00een modul la distan\u021b\u0103 cu interac\u021biune direct\u0103, este garantat\u0103 at\u00e2t pentru setare, c\u00e2t \u0219i pentru modificarea parametrilor.<br \/>\nCorpul ma\u0219inii CNC este, ca \u00eentotdeauna, fabricat \u0219i sudat la sediul nostru, astfel \u00eenc\u00e2t s\u0103 se asigure cea mai \u00eenalt\u0103 calitate, chiar \u0219i \u00een timpul test\u0103rii \u0219i \u00eencerc\u0103rii, \u00een conformitate cu cerin\u021bele CE privind siguran\u021ba.<br \/>\nPosibilele opera\u021biuni de prelucrare a lemnului la u\u0219i, rame \u0219i panouri din lemn sunt: g\u0103uri chei, g\u0103uri m\u00e2nere, frezare \u00eencuietori, g\u0103urire \u0219i \u00een\u0219urubare cu anuba simpl\u0103, g\u0103urire cu anuba dubl\u0103, frezare pentru loca\u0219 balamale tip pomele \u0219i balamale ascunse, decupaje pentru u\u0219i obloane.<\/p>\n<\/div><\/section><\/div><div class=\"flex_column av_one_third  flex_column_div av-zero-column-padding first  avia-builder-el-3  el_after_av_one_full  el_before_av_section  avia-builder-el-last  column-top-margin\" style='border-radius:0px; '><p><div  class='avia-image-container  av-styling-    avia-builder-el-4  el_before_av_textblock  avia-builder-el-first  avia-align-center '  itemprop=\"image\" itemscope=\"itemscope\" itemtype=\"https:\/\/schema.org\/ImageObject\"  ><div class='avia-image-container-inner'><div class='avia-image-overlay-wrap'><a href='https:\/\/www.futura-woodmac.com\/ro\/masini-lemn\/freza-cnc-masina-anuba-tekno-basic\/' class='avia_image'  ><img class='avia_image ' src='https:\/\/www.futura-woodmac.com\/wp-content\/uploads\/futura-woodmac-tekno-basic-masina-frezat-cnc-anuba-g-0591.jpg' alt='Masina Frezat CNC Anuba: Tekno Basic, Futura Woodmac' title='Masina Frezat CNC Anuba: Tekno Basic, Futura Woodmac'  itemprop=\"thumbnailUrl\"  \/><\/a><\/div><\/div><\/div><br \/>\n<section class=\"av_textblock_section \"  itemscope=\"itemscope\" itemtype=\"https:\/\/schema.org\/CreativeWork\" ><div class='avia_textblock  '   itemprop=\"text\" ><h3 style=\"color: #c70039;\"><a href=\"https:\/\/www.futura-woodmac.com\/ro\/masini-lemn\/freza-cnc-masina-anuba-tekno-basic\/\">TEKNO BASIC<\/a><\/h3>\n<h6>Ma\u0219in\u0103 pentru t\u00e2mpl\u0103rie<\/h6>\n<p>Ma\u0219in\u0103 de frezat CNC, ma\u0219in\u0103 Anuba, 3\/5 axe.<\/p>\n<\/div><\/section><\/p><\/div><\/p>\n<\/div><\/div><\/div><!-- close content main div --><\/div><\/div><div id='av_section_1'  class='avia-section alternate_color avia-section-large avia-shadow  avia-bg-style-scroll  avia-builder-el-6  el_after_av_one_third  el_before_av_section   container_wrap sidebar_right' style=' '  ><div class='container' ><div class='template-page content  av-content-small alpha units'><div class='post-entry post-entry-type-page post-entry-11747'><div class='entry-content-wrapper clearfix'>\n<div class=\"flex_column av_one_third  flex_column_div first  avia-builder-el-7  el_before_av_two_third  avia-builder-el-first  \" ><section class=\"av_textblock_section \"  itemscope=\"itemscope\" itemtype=\"https:\/\/schema.org\/CreativeWork\" ><div class='avia_textblock  '   itemprop=\"text\" ><h2 style=\"text-align: right;\">CNC 3 axe<br \/>\npentru lemn<br \/>\nFutura Woodmac<\/h2>\n<\/div><\/section><br \/>\n<div   class='hr hr-short hr-right   avia-builder-el-9  el_after_av_textblock  el_before_av_textblock '><span class='hr-inner ' ><span class='hr-inner-style'><\/span><\/span><\/div><br \/>\n<section class=\"av_textblock_section \"  itemscope=\"itemscope\" itemtype=\"https:\/\/schema.org\/CreativeWork\" ><div class='avia_textblock  '   itemprop=\"text\" ><p style=\"text-align: right;\">Din 1984, nu numai ma\u0219ini<br \/>\npentru prelucrarea lemnului,<br \/>\nci solu\u021bii reale \u0219i valoare nou\u0103.<br \/>\nDeservirea partenerilor \u0219i clien\u021bilor,<br \/>\nla nivel mondial.<\/p>\n<p style=\"text-align: right;\">Echip\u0103 competent\u0103 \u0219i multilingv\u0103,<br \/>\norientat\u0103 c\u0103tre rezultate concrete.<\/p>\n<\/div><\/section><\/p><\/div><div class=\"flex_column av_two_third  flex_column_div av-zero-column-padding   avia-builder-el-11  el_after_av_one_third  el_before_av_one_full  \" style='border-radius:0px; '><div  class='avia-image-container  av-styling-    avia-builder-el-12  avia-builder-el-no-sibling  avia-align-center '  itemprop=\"image\" itemscope=\"itemscope\" itemtype=\"https:\/\/schema.org\/ImageObject\"  ><div class='avia-image-container-inner'><div class='avia-image-overlay-wrap'><img class='avia_image' src='https:\/\/www.futura-woodmac.com\/wp-content\/uploads\/futura-woodmac-azienda-produzione-macchine-lavorazione-legno-n-team-0048.jpg' alt='' title='Futura Woodmac: Azienda Macchine Lavorazione Legno' height=\"345\" width=\"600\"  itemprop=\"thumbnailUrl\"  \/><\/div><\/div><\/div><\/div><div class=\"flex_column av_one_full  flex_column_div av-zero-column-padding first  avia-builder-el-13  el_after_av_two_third  avia-builder-el-last  column-top-margin\" style='border-radius:0px; '><div   class='av_promobox  avia-button-yes   avia-builder-el-14  avia-builder-el-no-sibling '>\t\t<div class='avia-promocontent'><\/p>\n<p style=\"text-align: left;\">Drumul nostru c\u0103tre eficien\u021b\u0103:<br \/>\nascultare, interpretare, proiectare, testare, personalizare, rezolvare.<\/p>\n<p>\n<\/div><div  class='avia-button-wrap avia-button-right ' ><a href='https:\/\/www.futura-woodmac.com\/ro\/contacte\/'  class='avia-button   avia-icon_select-yes-left-icon avia-color-theme-color avia-size-large avia-position-right '   ><span class='avia_button_icon avia_button_icon_left ' aria-hidden='true' data-av_icon='\ue80b' data-av_iconfont='entypo-fontello'><\/span><span class='avia_iconbox_title' >SOLICITARE DE INFORMA\u021aII<\/span><\/a><\/div><\/div><\/div>\n\n<\/div><\/div><\/div><!-- close content main div --><\/div><\/div><div id='av_section_2'  class='avia-section alternate_color avia-section-large avia-no-border-styling  avia-bg-style-scroll  avia-builder-el-15  el_after_av_section  avia-builder-el-last   container_wrap sidebar_right' style=' '  ><div class='container' ><div class='template-page content  av-content-small alpha units'><div class='post-entry post-entry-type-page post-entry-11747'><div class='entry-content-wrapper clearfix'>\n<div  class='av-social-sharing-box  avia-builder-el-16  avia-builder-el-no-sibling  '><div class='av-share-box'><ul class='av-share-box-list noLightbox'><li class='av-share-link av-social-link-facebook' ><a target=\"_blank\" aria-label=\"Share on Facebook\" href='https:\/\/www.facebook.com\/sharer.php?u=https:\/\/www.futura-woodmac.com\/ro\/cnc-3-axe-lemn\/&#038;t=CNC%203%20axe' aria-hidden='false' data-av_icon='\ue8f3' data-av_iconfont='entypo-fontello' title='' data-avia-related-tooltip='Share on Facebook' rel=\"noopener\"><span class='avia_hidden_link_text'>Share on Facebook<\/span><\/a><\/li><li class='av-share-link av-social-link-twitter' ><a target=\"_blank\" aria-label=\"Share on Twitter\" href='https:\/\/twitter.com\/share?text=CNC%203%20axe&#038;url=https:\/\/www.futura-woodmac.com\/ro\/?p=11747' aria-hidden='false' data-av_icon='\ue8f1' data-av_iconfont='entypo-fontello' title='' data-avia-related-tooltip='Share on Twitter' rel=\"noopener\"><span class='avia_hidden_link_text'>Share on Twitter<\/span><\/a><\/li><li class='av-share-link av-social-link-whatsapp' ><a target=\"_blank\" aria-label=\"Share on WhatsApp\" href='https:\/\/api.whatsapp.com\/send?text=https:\/\/www.futura-woodmac.com\/ro\/cnc-3-axe-lemn\/' aria-hidden='false' data-av_icon='\uf232' data-av_iconfont='entypo-fontello' title='' data-avia-related-tooltip='Share on WhatsApp' rel=\"noopener\"><span class='avia_hidden_link_text'>Share on WhatsApp<\/span><\/a><\/li><li class='av-share-link av-social-link-pinterest' ><a target=\"_blank\" aria-label=\"Share on Pinterest\" href='https:\/\/pinterest.com\/pin\/create\/button\/?url=https%3A%2F%2Fwww.futura-woodmac.com%2Fro%2Fcnc-3-axe-lemn%2F&#038;description=CNC%203%20axe&#038;media=' aria-hidden='false' data-av_icon='\ue8f8' data-av_iconfont='entypo-fontello' title='' data-avia-related-tooltip='Share on Pinterest' rel=\"noopener\"><span class='avia_hidden_link_text'>Share on Pinterest<\/span><\/a><\/li><li class='av-share-link av-social-link-linkedin' ><a target=\"_blank\" aria-label=\"Share on LinkedIn\" href='https:\/\/linkedin.com\/shareArticle?mini=true&#038;title=CNC%203%20axe&#038;url=https:\/\/www.futura-woodmac.com\/ro\/cnc-3-axe-lemn\/' aria-hidden='false' data-av_icon='\ue8fc' data-av_iconfont='entypo-fontello' title='' data-avia-related-tooltip='Share on LinkedIn' rel=\"noopener\"><span class='avia_hidden_link_text'>Share on LinkedIn<\/span><\/a><\/li><li class='av-share-link av-social-link-tumblr' ><a target=\"_blank\" aria-label=\"Share on Tumblr\" href='https:\/\/www.tumblr.com\/share\/link?url=https%3A%2F%2Fwww.futura-woodmac.com%2Fro%2Fcnc-3-axe-lemn%2F&#038;name=CNC%203%20axe&#038;description=' aria-hidden='false' data-av_icon='\ue8fa' data-av_iconfont='entypo-fontello' title='' data-avia-related-tooltip='Share on Tumblr' rel=\"noopener\"><span class='avia_hidden_link_text'>Share on Tumblr<\/span><\/a><\/li><li class='av-share-link av-social-link-vk' ><a target=\"_blank\" aria-label=\"Share on Vk\" href='https:\/\/vk.com\/share.php?url=https:\/\/www.futura-woodmac.com\/ro\/cnc-3-axe-lemn\/' aria-hidden='false' data-av_icon='\ue926' data-av_iconfont='entypo-fontello' title='' data-avia-related-tooltip='Share on Vk' rel=\"noopener\"><span class='avia_hidden_link_text'>Share on Vk<\/span><\/a><\/li><li class='av-share-link av-social-link-reddit' ><a target=\"_blank\" aria-label=\"Share on Reddit\" href='https:\/\/reddit.com\/submit?url=https:\/\/www.futura-woodmac.com\/ro\/cnc-3-axe-lemn\/&#038;title=CNC%203%20axe' aria-hidden='false' data-av_icon='\ue927' data-av_iconfont='entypo-fontello' title='' data-avia-related-tooltip='Share on Reddit' rel=\"noopener\"><span class='avia_hidden_link_text'>Share on Reddit<\/span><\/a><\/li><li class='av-share-link av-social-link-mail' ><a  aria-label=\"Share by Mail\" href='mailto:?subject=CNC%203%20axe&#038;body=https:\/\/www.futura-woodmac.com\/ro\/cnc-3-axe-lemn\/' aria-hidden='false' data-av_icon='\ue805' data-av_iconfont='entypo-fontello' title='' data-avia-related-tooltip='Share by Mail'><span class='avia_hidden_link_text'>Share by Mail<\/span><\/a><\/li><\/ul><\/div><\/div>\n<\/div><\/div><\/div><!-- close content main div --><\/div><\/div><div id='after_section_2'  class='main_color av_default_container_wrap container_wrap sidebar_right' style=' '  ><div class='container' ><div class='template-page content  av-content-small alpha units'><div class='post-entry post-entry-type-page post-entry-11747'><div class='entry-content-wrapper clearfix'>\n","protected":false},"excerpt":{"rendered":"","protected":false},"author":1,"featured_media":0,"parent":0,"menu_order":0,"comment_status":"closed","ping_status":"closed","template":"","meta":[],"yoast_head":"<!-- This site is optimized with the Yoast SEO plugin v19.3 - https:\/\/yoast.com\/wordpress\/plugins\/seo\/ -->\n<title>CNC 3 axe lemn, ma\u0219ini de prelucrare cadru u\u0219i din lemn<\/title>\n<meta name=\"description\" content=\"CNC 3 axe pentru prelucrarea lemnului Futura Woodmac: ma\u0219ini cu comand\u0103 numeric\u0103 pentru prelucrarea u\u0219ilor, cadrelor \u0219i panourilor din lemn, chiar \u0219i a celor foarte lungi.\" \/>\n<meta name=\"robots\" content=\"index, follow, max-snippet:-1, max-image-preview:large, max-video-preview:-1\" \/>\n<link rel=\"canonical\" href=\"https:\/\/www.futura-woodmac.com\/ro\/cnc-3-axe-lemn\/\" \/>\n<meta property=\"og:locale\" content=\"ro_RO\" \/>\n<meta property=\"og:type\" content=\"article\" \/>\n<meta property=\"og:title\" content=\"CNC 3 axe lemn, ma\u0219ini de prelucrare cadru u\u0219i din lemn\" \/>\n<meta property=\"og:description\" content=\"CNC 3 axe pentru prelucrarea lemnului Futura Woodmac: ma\u0219ini cu comand\u0103 numeric\u0103 pentru prelucrarea u\u0219ilor, cadrelor \u0219i panourilor din lemn, chiar \u0219i a celor foarte lungi.\" \/>\n<meta property=\"og:url\" content=\"https:\/\/www.futura-woodmac.com\/ro\/cnc-3-axe-lemn\/\" \/>\n<meta property=\"og:site_name\" content=\"Futura Woodmac - Macchine Lavorazione Legno\" \/>\n<meta property=\"article:modified_time\" content=\"2025-02-05T08:47:03+00:00\" \/>\n<meta property=\"og:image\" content=\"https:\/\/www.futura-woodmac.com\/wp-content\/uploads\/futura-woodmac-macchine-lavorazione-legno-logo.png\" \/>\n\t<meta property=\"og:image:width\" content=\"340\" \/>\n\t<meta property=\"og:image:height\" content=\"156\" \/>\n\t<meta property=\"og:image:type\" content=\"image\/png\" \/>\n<meta name=\"twitter:card\" content=\"summary_large_image\" \/>\n<script type=\"application\/ld+json\" class=\"yoast-schema-graph\">{\"@context\":\"https:\/\/schema.org\",\"@graph\":[{\"@type\":\"Organization\",\"@id\":\"https:\/\/www.futura-woodmac.com\/ro\/#organization\",\"name\":\"Futura Woodmac\",\"url\":\"https:\/\/www.futura-woodmac.com\/ro\/\",\"sameAs\":[\"https:\/\/www.linkedin.com\/company\/metalstar-2000-srl\/\",\"https:\/\/www.youtube.com\/channel\/UCXW0vvohCqNIhxCJ1xUcZTQ\"],\"logo\":{\"@type\":\"ImageObject\",\"inLanguage\":\"ro-RO\",\"@id\":\"https:\/\/www.futura-woodmac.com\/ro\/#\/schema\/logo\/image\/\",\"url\":\"https:\/\/www.futura-woodmac.com\/wp-content\/uploads\/futura-woodmac-macchine-lavorazione-legno-logo.png\",\"contentUrl\":\"https:\/\/www.futura-woodmac.com\/wp-content\/uploads\/futura-woodmac-macchine-lavorazione-legno-logo.png\",\"width\":340,\"height\":156,\"caption\":\"Futura Woodmac\"},\"image\":{\"@id\":\"https:\/\/www.futura-woodmac.com\/ro\/#\/schema\/logo\/image\/\"}},{\"@type\":\"WebSite\",\"@id\":\"https:\/\/www.futura-woodmac.com\/ro\/#website\",\"url\":\"https:\/\/www.futura-woodmac.com\/ro\/\",\"name\":\"Futura Woodmac - Macchine Lavorazione Legno\",\"description\":\"Produzione macchine per falegnameria e lavorazione industriale del legno\",\"publisher\":{\"@id\":\"https:\/\/www.futura-woodmac.com\/ro\/#organization\"},\"potentialAction\":[{\"@type\":\"SearchAction\",\"target\":{\"@type\":\"EntryPoint\",\"urlTemplate\":\"https:\/\/www.futura-woodmac.com\/ro\/?s={search_term_string}\"},\"query-input\":\"required name=search_term_string\"}],\"inLanguage\":\"ro-RO\"},{\"@type\":\"WebPage\",\"@id\":\"https:\/\/www.futura-woodmac.com\/ro\/cnc-3-axe-lemn\/\",\"url\":\"https:\/\/www.futura-woodmac.com\/ro\/cnc-3-axe-lemn\/\",\"name\":\"CNC 3 axe lemn, ma\u0219ini de prelucrare cadru u\u0219i din lemn\",\"isPartOf\":{\"@id\":\"https:\/\/www.futura-woodmac.com\/ro\/#website\"},\"datePublished\":\"2024-11-02T13:34:29+00:00\",\"dateModified\":\"2025-02-05T08:47:03+00:00\",\"description\":\"CNC 3 axe pentru prelucrarea lemnului Futura Woodmac: ma\u0219ini cu comand\u0103 numeric\u0103 pentru prelucrarea u\u0219ilor, cadrelor \u0219i panourilor din lemn, chiar \u0219i a celor foarte lungi.\",\"breadcrumb\":{\"@id\":\"https:\/\/www.futura-woodmac.com\/ro\/cnc-3-axe-lemn\/#breadcrumb\"},\"inLanguage\":\"ro-RO\",\"potentialAction\":[{\"@type\":\"ReadAction\",\"target\":[\"https:\/\/www.futura-woodmac.com\/ro\/cnc-3-axe-lemn\/\"]}]},{\"@type\":\"BreadcrumbList\",\"@id\":\"https:\/\/www.futura-woodmac.com\/ro\/cnc-3-axe-lemn\/#breadcrumb\",\"itemListElement\":[{\"@type\":\"ListItem\",\"position\":1,\"name\":\"Home\",\"item\":\"https:\/\/www.futura-woodmac.com\/ro\/homepage\/\"},{\"@type\":\"ListItem\",\"position\":2,\"name\":\"CNC 3 axe\"}]}]}<\/script>\n<!-- \/ Yoast SEO plugin. -->","yoast_head_json":{"title":"CNC 3 axe lemn, ma\u0219ini de prelucrare cadru u\u0219i din lemn","description":"CNC 3 axe pentru prelucrarea lemnului Futura Woodmac: ma\u0219ini cu comand\u0103 numeric\u0103 pentru prelucrarea u\u0219ilor, cadrelor \u0219i panourilor din lemn, chiar \u0219i a celor foarte lungi.","robots":{"index":"index","follow":"follow","max-snippet":"max-snippet:-1","max-image-preview":"max-image-preview:large","max-video-preview":"max-video-preview:-1"},"canonical":"https:\/\/www.futura-woodmac.com\/ro\/cnc-3-axe-lemn\/","og_locale":"ro_RO","og_type":"article","og_title":"CNC 3 axe lemn, ma\u0219ini de prelucrare cadru u\u0219i din lemn","og_description":"CNC 3 axe pentru prelucrarea lemnului Futura Woodmac: ma\u0219ini cu comand\u0103 numeric\u0103 pentru prelucrarea u\u0219ilor, cadrelor \u0219i panourilor din lemn, chiar \u0219i a celor foarte lungi.","og_url":"https:\/\/www.futura-woodmac.com\/ro\/cnc-3-axe-lemn\/","og_site_name":"Futura Woodmac - Macchine Lavorazione Legno","article_modified_time":"2025-02-05T08:47:03+00:00","og_image":[{"width":340,"height":156,"url":"https:\/\/www.futura-woodmac.com\/wp-content\/uploads\/futura-woodmac-macchine-lavorazione-legno-logo.png","type":"image\/png"}],"twitter_card":"summary_large_image","schema":{"@context":"https:\/\/schema.org","@graph":[{"@type":"Organization","@id":"https:\/\/www.futura-woodmac.com\/ro\/#organization","name":"Futura Woodmac","url":"https:\/\/www.futura-woodmac.com\/ro\/","sameAs":["https:\/\/www.linkedin.com\/company\/metalstar-2000-srl\/","https:\/\/www.youtube.com\/channel\/UCXW0vvohCqNIhxCJ1xUcZTQ"],"logo":{"@type":"ImageObject","inLanguage":"ro-RO","@id":"https:\/\/www.futura-woodmac.com\/ro\/#\/schema\/logo\/image\/","url":"https:\/\/www.futura-woodmac.com\/wp-content\/uploads\/futura-woodmac-macchine-lavorazione-legno-logo.png","contentUrl":"https:\/\/www.futura-woodmac.com\/wp-content\/uploads\/futura-woodmac-macchine-lavorazione-legno-logo.png","width":340,"height":156,"caption":"Futura Woodmac"},"image":{"@id":"https:\/\/www.futura-woodmac.com\/ro\/#\/schema\/logo\/image\/"}},{"@type":"WebSite","@id":"https:\/\/www.futura-woodmac.com\/ro\/#website","url":"https:\/\/www.futura-woodmac.com\/ro\/","name":"Futura Woodmac - Macchine Lavorazione Legno","description":"Produzione macchine per falegnameria e lavorazione industriale del legno","publisher":{"@id":"https:\/\/www.futura-woodmac.com\/ro\/#organization"},"potentialAction":[{"@type":"SearchAction","target":{"@type":"EntryPoint","urlTemplate":"https:\/\/www.futura-woodmac.com\/ro\/?s={search_term_string}"},"query-input":"required name=search_term_string"}],"inLanguage":"ro-RO"},{"@type":"WebPage","@id":"https:\/\/www.futura-woodmac.com\/ro\/cnc-3-axe-lemn\/","url":"https:\/\/www.futura-woodmac.com\/ro\/cnc-3-axe-lemn\/","name":"CNC 3 axe lemn, ma\u0219ini de prelucrare cadru u\u0219i din lemn","isPartOf":{"@id":"https:\/\/www.futura-woodmac.com\/ro\/#website"},"datePublished":"2024-11-02T13:34:29+00:00","dateModified":"2025-02-05T08:47:03+00:00","description":"CNC 3 axe pentru prelucrarea lemnului Futura Woodmac: ma\u0219ini cu comand\u0103 numeric\u0103 pentru prelucrarea u\u0219ilor, cadrelor \u0219i panourilor din lemn, chiar \u0219i a celor foarte lungi.","breadcrumb":{"@id":"https:\/\/www.futura-woodmac.com\/ro\/cnc-3-axe-lemn\/#breadcrumb"},"inLanguage":"ro-RO","potentialAction":[{"@type":"ReadAction","target":["https:\/\/www.futura-woodmac.com\/ro\/cnc-3-axe-lemn\/"]}]},{"@type":"BreadcrumbList","@id":"https:\/\/www.futura-woodmac.com\/ro\/cnc-3-axe-lemn\/#breadcrumb","itemListElement":[{"@type":"ListItem","position":1,"name":"Home","item":"https:\/\/www.futura-woodmac.com\/ro\/homepage\/"},{"@type":"ListItem","position":2,"name":"CNC 3 axe"}]}]}},"_links":{"self":[{"href":"https:\/\/www.futura-woodmac.com\/ro\/wp-json\/wp\/v2\/pages\/11747"}],"collection":[{"href":"https:\/\/www.futura-woodmac.com\/ro\/wp-json\/wp\/v2\/pages"}],"about":[{"href":"https:\/\/www.futura-woodmac.com\/ro\/wp-json\/wp\/v2\/types\/page"}],"author":[{"embeddable":true,"href":"https:\/\/www.futura-woodmac.com\/ro\/wp-json\/wp\/v2\/users\/1"}],"replies":[{"embeddable":true,"href":"https:\/\/www.futura-woodmac.com\/ro\/wp-json\/wp\/v2\/comments?post=11747"}],"version-history":[{"count":10,"href":"https:\/\/www.futura-woodmac.com\/ro\/wp-json\/wp\/v2\/pages\/11747\/revisions"}],"predecessor-version":[{"id":13556,"href":"https:\/\/www.futura-woodmac.com\/ro\/wp-json\/wp\/v2\/pages\/11747\/revisions\/13556"}],"wp:attachment":[{"href":"https:\/\/www.futura-woodmac.com\/ro\/wp-json\/wp\/v2\/media?parent=11747"}],"curies":[{"name":"wp","href":"https:\/\/api.w.org\/{rel}","templated":true}]}}