{"id":11771,"date":"2024-11-02T15:05:19","date_gmt":"2024-11-02T14:05:19","guid":{"rendered":"https:\/\/www.futura-woodmac.com\/masini-frezat-verticale-lemn\/"},"modified":"2024-11-06T14:52:30","modified_gmt":"2024-11-06T13:52:30","slug":"masini-frezat-verticale-lemn","status":"publish","type":"page","link":"https:\/\/www.futura-woodmac.com\/ro\/masini-frezat-verticale-lemn\/","title":{"rendered":"Ma\u0219ini de frezat verticale"},"content":{"rendered":"<section class=\"av_textblock_section \"  itemscope=\"itemscope\" itemtype=\"https:\/\/schema.org\/CreativeWork\" ><div class='avia_textblock  '   itemprop=\"text\" ><h1>MA\u0218INI DE FREZAT VERTICALE<\/h1>\n<h2 style=\"font-size: medium;\">Ma\u0219ini de frezat lemn verticale pentru t\u00e2mpl\u0103rie \u0219i pasiona\u021bi<\/h2>\n<\/div><\/section>\n<div class=\"flex_column av_one_full  flex_column_div av-zero-column-padding first  avia-builder-el-1  el_after_av_textblock  el_before_av_one_third  column-top-margin\" style='border-radius:0px; '><section class=\"av_textblock_section \"  itemscope=\"itemscope\" itemtype=\"https:\/\/schema.org\/CreativeWork\" ><div class='avia_textblock  '   itemprop=\"text\" ><p><strong>Ma\u0219ina de frezat lemn vertical\u0103 de la Futura Woodmac<\/strong>, Skema 800, este o ma\u0219in\u0103 de frezat vertical\u0103 profesional\u0103 de mare fiabilitate datorit\u0103 planului de prelucrare mare: o baz\u0103 de sprijin extrem de stabil\u0103 pentru a efectua \u00een siguran\u021b\u0103 opera\u021biuni de frezare vertical\u0103 chiar \u0219i pentru lemn de mari dimensiuni.<br \/>\nCiclul de lucru este gestionat de un panou de comand\u0103 de la distan\u021b\u0103, prin simpla ap\u0103sare a unei pedale care activeaz\u0103 \u0219i mi\u0219c\u0103 unitatea de frezare pneumatic\u0103, bloc\u00e2nd-o atunci c\u00e2nd pedala este eliberat\u0103.<br \/>\nUnitatea de frezare, echipat\u0103 cu un revolver cu 5 opriri reglabile, se deplaseaz\u0103 vertical cu ajutorul unui m\u00e2ner, cu citirea opririi pe num\u0103r\u0103tor, viteza arborelui de la 3.000 la 18.000 rpm fiind controlat\u0103 de invertor.<br \/>\nProduc\u021bia intern\u0103 a carcasei ma\u0219inii, \u00eempreun\u0103 cu unele dintre piesele sale, asigur\u0103 un control maxim al calit\u0103\u021bii ma\u0219inii de frezat verticale, care este testat\u0103 riguros \u00eenainte de a p\u0103r\u0103si fabrica, \u00een timp ce restul ma\u0219inii este \u00eenc\u0103 produs \u00een Italia de c\u0103tre o re\u021bea de furnizori atent selecta\u021bi pentru a asigura o calitate maxim\u0103 la cel mai bun pre\u021b.<\/p>\n<\/div><\/section><\/div>\n<div class=\"flex_column av_one_third  flex_column_div av-zero-column-padding first  avia-builder-el-3  el_after_av_one_full  el_before_av_section  avia-builder-el-last  column-top-margin\" style='border-radius:0px; '><p><div  class='avia-image-container  av-styling-    avia-builder-el-4  el_before_av_textblock  avia-builder-el-first  avia-align-center '  itemprop=\"image\" itemscope=\"itemscope\" itemtype=\"https:\/\/schema.org\/ImageObject\"  ><div class='avia-image-container-inner'><div class='avia-image-overlay-wrap'><a href='\/ro\/masini-lemn\/pantograf-masina-frezat-verticala-skema-800\/' class='avia_image'  ><img class='avia_image ' src='https:\/\/www.futura-woodmac.com\/wp-content\/uploads\/futura-woodmac-skema-800-pantografo-fresatrice-verticale-g-generale-0218.jpg' alt='Pantografo Fresatrice Verticale Skema 800, Futura Woodmac' title='Pantografo Fresatrice Verticale Skema 800, Futura Woodmac'  itemprop=\"thumbnailUrl\"  \/><\/a><\/div><\/div><\/div><br \/>\n<section class=\"av_textblock_section \"  itemscope=\"itemscope\" itemtype=\"https:\/\/schema.org\/CreativeWork\" ><div class='avia_textblock  '   itemprop=\"text\" ><h3 style=\"color: #c70039;\"><a href=\"\/ro\/masini-lemn\/pantograf-masina-frezat-verticala-skema-800\/\">SKEMA 800<\/a><\/h3>\n<h6>Ma\u0219in\u0103 pentru t\u00e2mpl\u0103rie \u0219i pasiona\u021bi<\/h6>\n<p>Pantograf, ma\u0219in\u0103 de frezat vertical\u0103.<\/p>\n<\/div><\/section><\/p><\/div><\/div><\/div><\/div><!-- close content main div --><\/div><\/div><div id='av_section_1'  class='avia-section alternate_color avia-section-large avia-shadow  avia-bg-style-scroll  avia-builder-el-6  el_after_av_one_third  el_before_av_section   container_wrap sidebar_right' style=' '  ><div class='container' ><div class='template-page content  av-content-small alpha units'><div class='post-entry post-entry-type-page post-entry-11771'><div class='entry-content-wrapper clearfix'>\n<div class=\"flex_column av_one_third  flex_column_div first  avia-builder-el-7  el_before_av_two_third  avia-builder-el-first  \" ><section class=\"av_textblock_section \"  itemscope=\"itemscope\" itemtype=\"https:\/\/schema.org\/CreativeWork\" ><div class='avia_textblock  '   itemprop=\"text\" ><h2 style=\"text-align: right;\">Ma\u0219ini de frezat<br \/>\nlemn verticale<br \/>\nFutura Woodmac<\/h2>\n<\/div><\/section><br \/>\n<div   class='hr hr-short hr-right   avia-builder-el-9  el_after_av_textblock  el_before_av_textblock '><span class='hr-inner ' ><span class='hr-inner-style'><\/span><\/span><\/div><br \/>\n<section class=\"av_textblock_section \"  itemscope=\"itemscope\" itemtype=\"https:\/\/schema.org\/CreativeWork\" ><div class='avia_textblock  '   itemprop=\"text\" ><p style=\"text-align: right;\">Din 1984, nu numai ma\u0219ini<br \/>\npentru prelucrarea lemnului,<br \/>\nci solu\u021bii reale \u0219i valoare nou\u0103.<br \/>\nDeservirea partenerilor \u0219i clien\u021bilor,<br \/>\nla nivel mondial.<\/p>\n<p style=\"text-align: right;\">Echip\u0103 competent\u0103 \u0219i multilingv\u0103,<br \/>\norientat\u0103 c\u0103tre rezultate concrete.<\/p>\n<\/div><\/section><\/p><\/div><div class=\"flex_column av_two_third  flex_column_div av-zero-column-padding   avia-builder-el-11  el_after_av_one_third  el_before_av_one_full  \" style='border-radius:0px; '><div  class='avia-image-container  av-styling-    avia-builder-el-12  avia-builder-el-no-sibling  avia-align-center '  itemprop=\"image\" itemscope=\"itemscope\" itemtype=\"https:\/\/schema.org\/ImageObject\"  ><div class='avia-image-container-inner'><div class='avia-image-overlay-wrap'><img class='avia_image' src='https:\/\/www.futura-woodmac.com\/wp-content\/uploads\/futura-woodmac-azienda-produzione-macchine-lavorazione-legno-n-team-0048.jpg' alt='' title='Futura Woodmac: Azienda Macchine Lavorazione Legno' height=\"345\" width=\"600\"  itemprop=\"thumbnailUrl\"  \/><\/div><\/div><\/div><\/div><div class=\"flex_column av_one_full  flex_column_div av-zero-column-padding first  avia-builder-el-13  el_after_av_two_third  avia-builder-el-last  column-top-margin\" style='border-radius:0px; '><div   class='av_promobox  avia-button-yes   avia-builder-el-14  avia-builder-el-no-sibling '>\t\t<div class='avia-promocontent'><\/p>\n<p style=\"text-align: left;\">Drumul nostru c\u0103tre eficien\u021b\u0103:<br \/>\nascultare, interpretare, proiectare, testare, personalizare, rezolvare.<\/p>\n<p>\n<\/div><div  class='avia-button-wrap avia-button-right ' ><a href='\/ro\/contacte\/'  class='avia-button   avia-icon_select-yes-left-icon avia-color-theme-color avia-size-large avia-position-right '   ><span class='avia_button_icon avia_button_icon_left ' aria-hidden='true' data-av_icon='\ue80b' data-av_iconfont='entypo-fontello'><\/span><span class='avia_iconbox_title' >SOLICITARE DE INFORMA\u021aII<\/span><\/a><\/div><\/div><\/div><\/div><\/div><\/div><!-- close content main div --><\/div><\/div><div id='av_section_2'  class='avia-section alternate_color avia-section-large avia-no-border-styling  avia-bg-style-scroll  avia-builder-el-15  el_after_av_section  avia-builder-el-last   container_wrap sidebar_right' style=' '  ><div class='container' ><div class='template-page content  av-content-small alpha units'><div class='post-entry post-entry-type-page post-entry-11771'><div class='entry-content-wrapper clearfix'>\n<div  class='av-social-sharing-box  avia-builder-el-16  avia-builder-el-no-sibling  '><div class='av-share-box'><ul class='av-share-box-list noLightbox'><li class='av-share-link av-social-link-facebook' ><a target=\"_blank\" aria-label=\"Share on Facebook\" href='https:\/\/www.facebook.com\/sharer.php?u=https:\/\/www.futura-woodmac.com\/ro\/masini-frezat-verticale-lemn\/&#038;t=Ma%C8%99ini%20de%20frezat%20verticale' aria-hidden='false' data-av_icon='\ue8f3' data-av_iconfont='entypo-fontello' title='' data-avia-related-tooltip='Share on Facebook' rel=\"noopener\"><span class='avia_hidden_link_text'>Share on Facebook<\/span><\/a><\/li><li class='av-share-link av-social-link-twitter' ><a target=\"_blank\" aria-label=\"Share on Twitter\" href='https:\/\/twitter.com\/share?text=Ma%C8%99ini%20de%20frezat%20verticale&#038;url=https:\/\/www.futura-woodmac.com\/ro\/?p=11771' aria-hidden='false' data-av_icon='\ue8f1' data-av_iconfont='entypo-fontello' title='' data-avia-related-tooltip='Share on Twitter' rel=\"noopener\"><span class='avia_hidden_link_text'>Share on Twitter<\/span><\/a><\/li><li class='av-share-link av-social-link-whatsapp' ><a target=\"_blank\" aria-label=\"Share on WhatsApp\" href='https:\/\/api.whatsapp.com\/send?text=https:\/\/www.futura-woodmac.com\/ro\/masini-frezat-verticale-lemn\/' aria-hidden='false' data-av_icon='\uf232' data-av_iconfont='entypo-fontello' title='' data-avia-related-tooltip='Share on WhatsApp' rel=\"noopener\"><span class='avia_hidden_link_text'>Share on WhatsApp<\/span><\/a><\/li><li class='av-share-link av-social-link-pinterest' ><a target=\"_blank\" aria-label=\"Share on Pinterest\" href='https:\/\/pinterest.com\/pin\/create\/button\/?url=https%3A%2F%2Fwww.futura-woodmac.com%2Fro%2Fmasini-frezat-verticale-lemn%2F&#038;description=Ma%C8%99ini%20de%20frezat%20verticale&#038;media=' aria-hidden='false' data-av_icon='\ue8f8' data-av_iconfont='entypo-fontello' title='' data-avia-related-tooltip='Share on Pinterest' rel=\"noopener\"><span class='avia_hidden_link_text'>Share on Pinterest<\/span><\/a><\/li><li class='av-share-link av-social-link-linkedin' ><a target=\"_blank\" aria-label=\"Share on LinkedIn\" href='https:\/\/linkedin.com\/shareArticle?mini=true&#038;title=Ma%C8%99ini%20de%20frezat%20verticale&#038;url=https:\/\/www.futura-woodmac.com\/ro\/masini-frezat-verticale-lemn\/' aria-hidden='false' data-av_icon='\ue8fc' data-av_iconfont='entypo-fontello' title='' data-avia-related-tooltip='Share on LinkedIn' rel=\"noopener\"><span class='avia_hidden_link_text'>Share on LinkedIn<\/span><\/a><\/li><li class='av-share-link av-social-link-tumblr' ><a target=\"_blank\" aria-label=\"Share on Tumblr\" href='https:\/\/www.tumblr.com\/share\/link?url=https%3A%2F%2Fwww.futura-woodmac.com%2Fro%2Fmasini-frezat-verticale-lemn%2F&#038;name=Ma%C8%99ini%20de%20frezat%20verticale&#038;description=' aria-hidden='false' data-av_icon='\ue8fa' data-av_iconfont='entypo-fontello' title='' data-avia-related-tooltip='Share on Tumblr' rel=\"noopener\"><span class='avia_hidden_link_text'>Share on Tumblr<\/span><\/a><\/li><li class='av-share-link av-social-link-vk' ><a target=\"_blank\" aria-label=\"Share on Vk\" href='https:\/\/vk.com\/share.php?url=https:\/\/www.futura-woodmac.com\/ro\/masini-frezat-verticale-lemn\/' aria-hidden='false' data-av_icon='\ue926' data-av_iconfont='entypo-fontello' title='' data-avia-related-tooltip='Share on Vk' rel=\"noopener\"><span class='avia_hidden_link_text'>Share on Vk<\/span><\/a><\/li><li class='av-share-link av-social-link-reddit' ><a target=\"_blank\" aria-label=\"Share on Reddit\" href='https:\/\/reddit.com\/submit?url=https:\/\/www.futura-woodmac.com\/ro\/masini-frezat-verticale-lemn\/&#038;title=Ma%C8%99ini%20de%20frezat%20verticale' aria-hidden='false' data-av_icon='\ue927' data-av_iconfont='entypo-fontello' title='' data-avia-related-tooltip='Share on Reddit' rel=\"noopener\"><span class='avia_hidden_link_text'>Share on Reddit<\/span><\/a><\/li><li class='av-share-link av-social-link-mail' ><a  aria-label=\"Share by Mail\" href='mailto:?subject=Ma%C8%99ini%20de%20frezat%20verticale&#038;body=https:\/\/www.futura-woodmac.com\/ro\/masini-frezat-verticale-lemn\/' aria-hidden='false' data-av_icon='\ue805' data-av_iconfont='entypo-fontello' title='' data-avia-related-tooltip='Share by Mail'><span class='avia_hidden_link_text'>Share by Mail<\/span><\/a><\/li><\/ul><\/div><\/div>\n<\/div><\/div><\/div><!-- close content main div --><\/div><\/div><div id='after_section_2'  class='main_color av_default_container_wrap container_wrap sidebar_right' style=' '  ><div class='container' ><div class='template-page content  av-content-small alpha units'><div class='post-entry post-entry-type-page post-entry-11771'><div class='entry-content-wrapper clearfix'><\/p>\n","protected":false},"excerpt":{"rendered":"","protected":false},"author":1,"featured_media":0,"parent":0,"menu_order":0,"comment_status":"closed","ping_status":"closed","template":"","meta":[],"yoast_head":"<!-- This site is optimized with the Yoast SEO plugin v19.3 - https:\/\/yoast.com\/wordpress\/plugins\/seo\/ -->\n<title>Ma\u0219ini de frezat lemn verticale: pentru t\u00e2mpl\u0103rie \u0219i pasiona\u021bi<\/title>\n<meta name=\"description\" content=\"Control maxim al calit\u0103\u021bii pentru ma\u0219inile de frezat lemn verticale Futura Woodmac pentru t\u00e2mpl\u0103rie \u0219i pasiona\u021bi. Produc\u021bie intern\u0103 a carcasei ma\u0219inii.\" \/>\n<meta name=\"robots\" content=\"index, follow, max-snippet:-1, max-image-preview:large, max-video-preview:-1\" \/>\n<link rel=\"canonical\" href=\"https:\/\/www.futura-woodmac.com\/ro\/masini-frezat-verticale-lemn\/\" \/>\n<meta property=\"og:locale\" content=\"ro_RO\" \/>\n<meta property=\"og:type\" content=\"article\" \/>\n<meta property=\"og:title\" content=\"Ma\u0219ini de frezat lemn verticale: pentru t\u00e2mpl\u0103rie \u0219i pasiona\u021bi\" \/>\n<meta property=\"og:description\" content=\"Control maxim al calit\u0103\u021bii pentru ma\u0219inile de frezat lemn verticale Futura Woodmac pentru t\u00e2mpl\u0103rie \u0219i pasiona\u021bi. Produc\u021bie intern\u0103 a carcasei ma\u0219inii.\" \/>\n<meta property=\"og:url\" content=\"https:\/\/www.futura-woodmac.com\/ro\/masini-frezat-verticale-lemn\/\" \/>\n<meta property=\"og:site_name\" content=\"Futura Woodmac - Macchine Lavorazione Legno\" \/>\n<meta property=\"article:modified_time\" content=\"2024-11-06T13:52:30+00:00\" \/>\n<meta property=\"og:image\" content=\"https:\/\/www.futura-woodmac.com\/wp-content\/uploads\/futura-woodmac-macchine-lavorazione-legno-logo.png\" \/>\n\t<meta property=\"og:image:width\" content=\"340\" \/>\n\t<meta property=\"og:image:height\" content=\"156\" \/>\n\t<meta property=\"og:image:type\" content=\"image\/png\" \/>\n<meta name=\"twitter:card\" content=\"summary_large_image\" \/>\n<script type=\"application\/ld+json\" class=\"yoast-schema-graph\">{\"@context\":\"https:\/\/schema.org\",\"@graph\":[{\"@type\":\"Organization\",\"@id\":\"https:\/\/www.futura-woodmac.com\/ro\/#organization\",\"name\":\"Futura Woodmac\",\"url\":\"https:\/\/www.futura-woodmac.com\/ro\/\",\"sameAs\":[\"https:\/\/www.linkedin.com\/company\/metalstar-2000-srl\/\",\"https:\/\/www.youtube.com\/channel\/UCXW0vvohCqNIhxCJ1xUcZTQ\"],\"logo\":{\"@type\":\"ImageObject\",\"inLanguage\":\"ro-RO\",\"@id\":\"https:\/\/www.futura-woodmac.com\/ro\/#\/schema\/logo\/image\/\",\"url\":\"https:\/\/www.futura-woodmac.com\/wp-content\/uploads\/futura-woodmac-macchine-lavorazione-legno-logo.png\",\"contentUrl\":\"https:\/\/www.futura-woodmac.com\/wp-content\/uploads\/futura-woodmac-macchine-lavorazione-legno-logo.png\",\"width\":340,\"height\":156,\"caption\":\"Futura Woodmac\"},\"image\":{\"@id\":\"https:\/\/www.futura-woodmac.com\/ro\/#\/schema\/logo\/image\/\"}},{\"@type\":\"WebSite\",\"@id\":\"https:\/\/www.futura-woodmac.com\/ro\/#website\",\"url\":\"https:\/\/www.futura-woodmac.com\/ro\/\",\"name\":\"Futura Woodmac - Macchine Lavorazione Legno\",\"description\":\"Produzione macchine per falegnameria e lavorazione industriale del legno\",\"publisher\":{\"@id\":\"https:\/\/www.futura-woodmac.com\/ro\/#organization\"},\"potentialAction\":[{\"@type\":\"SearchAction\",\"target\":{\"@type\":\"EntryPoint\",\"urlTemplate\":\"https:\/\/www.futura-woodmac.com\/ro\/?s={search_term_string}\"},\"query-input\":\"required name=search_term_string\"}],\"inLanguage\":\"ro-RO\"},{\"@type\":\"WebPage\",\"@id\":\"https:\/\/www.futura-woodmac.com\/ro\/masini-frezat-verticale-lemn\/\",\"url\":\"https:\/\/www.futura-woodmac.com\/ro\/masini-frezat-verticale-lemn\/\",\"name\":\"Ma\u0219ini de frezat lemn verticale: pentru t\u00e2mpl\u0103rie \u0219i pasiona\u021bi\",\"isPartOf\":{\"@id\":\"https:\/\/www.futura-woodmac.com\/ro\/#website\"},\"datePublished\":\"2024-11-02T14:05:19+00:00\",\"dateModified\":\"2024-11-06T13:52:30+00:00\",\"description\":\"Control maxim al calit\u0103\u021bii pentru ma\u0219inile de frezat lemn verticale Futura Woodmac pentru t\u00e2mpl\u0103rie \u0219i pasiona\u021bi. Produc\u021bie intern\u0103 a carcasei ma\u0219inii.\",\"breadcrumb\":{\"@id\":\"https:\/\/www.futura-woodmac.com\/ro\/masini-frezat-verticale-lemn\/#breadcrumb\"},\"inLanguage\":\"ro-RO\",\"potentialAction\":[{\"@type\":\"ReadAction\",\"target\":[\"https:\/\/www.futura-woodmac.com\/ro\/masini-frezat-verticale-lemn\/\"]}]},{\"@type\":\"BreadcrumbList\",\"@id\":\"https:\/\/www.futura-woodmac.com\/ro\/masini-frezat-verticale-lemn\/#breadcrumb\",\"itemListElement\":[{\"@type\":\"ListItem\",\"position\":1,\"name\":\"Home\",\"item\":\"https:\/\/www.futura-woodmac.com\/ro\/homepage\/\"},{\"@type\":\"ListItem\",\"position\":2,\"name\":\"Ma\u0219ini de frezat verticale\"}]}]}<\/script>\n<!-- \/ Yoast SEO plugin. -->","yoast_head_json":{"title":"Ma\u0219ini de frezat lemn verticale: pentru t\u00e2mpl\u0103rie \u0219i pasiona\u021bi","description":"Control maxim al calit\u0103\u021bii pentru ma\u0219inile de frezat lemn verticale Futura Woodmac pentru t\u00e2mpl\u0103rie \u0219i pasiona\u021bi. Produc\u021bie intern\u0103 a carcasei ma\u0219inii.","robots":{"index":"index","follow":"follow","max-snippet":"max-snippet:-1","max-image-preview":"max-image-preview:large","max-video-preview":"max-video-preview:-1"},"canonical":"https:\/\/www.futura-woodmac.com\/ro\/masini-frezat-verticale-lemn\/","og_locale":"ro_RO","og_type":"article","og_title":"Ma\u0219ini de frezat lemn verticale: pentru t\u00e2mpl\u0103rie \u0219i pasiona\u021bi","og_description":"Control maxim al calit\u0103\u021bii pentru ma\u0219inile de frezat lemn verticale Futura Woodmac pentru t\u00e2mpl\u0103rie \u0219i pasiona\u021bi. Produc\u021bie intern\u0103 a carcasei ma\u0219inii.","og_url":"https:\/\/www.futura-woodmac.com\/ro\/masini-frezat-verticale-lemn\/","og_site_name":"Futura Woodmac - Macchine Lavorazione Legno","article_modified_time":"2024-11-06T13:52:30+00:00","og_image":[{"width":340,"height":156,"url":"https:\/\/www.futura-woodmac.com\/wp-content\/uploads\/futura-woodmac-macchine-lavorazione-legno-logo.png","type":"image\/png"}],"twitter_card":"summary_large_image","schema":{"@context":"https:\/\/schema.org","@graph":[{"@type":"Organization","@id":"https:\/\/www.futura-woodmac.com\/ro\/#organization","name":"Futura Woodmac","url":"https:\/\/www.futura-woodmac.com\/ro\/","sameAs":["https:\/\/www.linkedin.com\/company\/metalstar-2000-srl\/","https:\/\/www.youtube.com\/channel\/UCXW0vvohCqNIhxCJ1xUcZTQ"],"logo":{"@type":"ImageObject","inLanguage":"ro-RO","@id":"https:\/\/www.futura-woodmac.com\/ro\/#\/schema\/logo\/image\/","url":"https:\/\/www.futura-woodmac.com\/wp-content\/uploads\/futura-woodmac-macchine-lavorazione-legno-logo.png","contentUrl":"https:\/\/www.futura-woodmac.com\/wp-content\/uploads\/futura-woodmac-macchine-lavorazione-legno-logo.png","width":340,"height":156,"caption":"Futura Woodmac"},"image":{"@id":"https:\/\/www.futura-woodmac.com\/ro\/#\/schema\/logo\/image\/"}},{"@type":"WebSite","@id":"https:\/\/www.futura-woodmac.com\/ro\/#website","url":"https:\/\/www.futura-woodmac.com\/ro\/","name":"Futura Woodmac - Macchine Lavorazione Legno","description":"Produzione macchine per falegnameria e lavorazione industriale del legno","publisher":{"@id":"https:\/\/www.futura-woodmac.com\/ro\/#organization"},"potentialAction":[{"@type":"SearchAction","target":{"@type":"EntryPoint","urlTemplate":"https:\/\/www.futura-woodmac.com\/ro\/?s={search_term_string}"},"query-input":"required name=search_term_string"}],"inLanguage":"ro-RO"},{"@type":"WebPage","@id":"https:\/\/www.futura-woodmac.com\/ro\/masini-frezat-verticale-lemn\/","url":"https:\/\/www.futura-woodmac.com\/ro\/masini-frezat-verticale-lemn\/","name":"Ma\u0219ini de frezat lemn verticale: pentru t\u00e2mpl\u0103rie \u0219i pasiona\u021bi","isPartOf":{"@id":"https:\/\/www.futura-woodmac.com\/ro\/#website"},"datePublished":"2024-11-02T14:05:19+00:00","dateModified":"2024-11-06T13:52:30+00:00","description":"Control maxim al calit\u0103\u021bii pentru ma\u0219inile de frezat lemn verticale Futura Woodmac pentru t\u00e2mpl\u0103rie \u0219i pasiona\u021bi. Produc\u021bie intern\u0103 a carcasei ma\u0219inii.","breadcrumb":{"@id":"https:\/\/www.futura-woodmac.com\/ro\/masini-frezat-verticale-lemn\/#breadcrumb"},"inLanguage":"ro-RO","potentialAction":[{"@type":"ReadAction","target":["https:\/\/www.futura-woodmac.com\/ro\/masini-frezat-verticale-lemn\/"]}]},{"@type":"BreadcrumbList","@id":"https:\/\/www.futura-woodmac.com\/ro\/masini-frezat-verticale-lemn\/#breadcrumb","itemListElement":[{"@type":"ListItem","position":1,"name":"Home","item":"https:\/\/www.futura-woodmac.com\/ro\/homepage\/"},{"@type":"ListItem","position":2,"name":"Ma\u0219ini de frezat verticale"}]}]}},"_links":{"self":[{"href":"https:\/\/www.futura-woodmac.com\/ro\/wp-json\/wp\/v2\/pages\/11771"}],"collection":[{"href":"https:\/\/www.futura-woodmac.com\/ro\/wp-json\/wp\/v2\/pages"}],"about":[{"href":"https:\/\/www.futura-woodmac.com\/ro\/wp-json\/wp\/v2\/types\/page"}],"author":[{"embeddable":true,"href":"https:\/\/www.futura-woodmac.com\/ro\/wp-json\/wp\/v2\/users\/1"}],"replies":[{"embeddable":true,"href":"https:\/\/www.futura-woodmac.com\/ro\/wp-json\/wp\/v2\/comments?post=11771"}],"version-history":[{"count":6,"href":"https:\/\/www.futura-woodmac.com\/ro\/wp-json\/wp\/v2\/pages\/11771\/revisions"}],"predecessor-version":[{"id":12373,"href":"https:\/\/www.futura-woodmac.com\/ro\/wp-json\/wp\/v2\/pages\/11771\/revisions\/12373"}],"wp:attachment":[{"href":"https:\/\/www.futura-woodmac.com\/ro\/wp-json\/wp\/v2\/media?parent=11771"}],"curies":[{"name":"wp","href":"https:\/\/api.w.org\/{rel}","templated":true}]}}