{"id":11790,"date":"2024-11-02T15:21:43","date_gmt":"2024-11-02T14:21:43","guid":{"rendered":"https:\/\/www.futura-woodmac.com\/sisteme-manipulare-industriala-lemn\/"},"modified":"2024-11-06T14:55:48","modified_gmt":"2024-11-06T13:55:48","slug":"sisteme-manipulare-industriala-lemn","status":"publish","type":"page","link":"https:\/\/www.futura-woodmac.com\/ro\/sisteme-manipulare-industriala-lemn\/","title":{"rendered":"Sisteme de manipulare"},"content":{"rendered":"<section class=\"av_textblock_section \"  itemscope=\"itemscope\" itemtype=\"https:\/\/schema.org\/CreativeWork\" ><div class='avia_textblock  '   itemprop=\"text\" ><h1>SISTEME DE MANIPULARE<\/h1>\n<h2 style=\"font-size: medium;\">Manipulare industrial\u0103: automat\u0103, pentru lemn \u0219i altele<\/h2>\n<\/div><\/section>\n<div class=\"flex_column av_one_full  flex_column_div av-zero-column-padding first  avia-builder-el-1  el_after_av_textblock  el_before_av_one_third  column-top-margin\" style='border-radius:0px; '><section class=\"av_textblock_section \"  itemscope=\"itemscope\" itemtype=\"https:\/\/schema.org\/CreativeWork\" ><div class='avia_textblock  '   itemprop=\"text\" ><p><strong>Sistemele de manipulare Futura Woodmac<\/strong> sunt sisteme excelente de automatizare industrial\u0103 \u00een manipularea materialelor, de la ma\u0219ini p\u00e2n\u0103 la postul operatorului.<br \/>\nObiectivul celor mai virtuoase companii mari \u0219i mici este, de fapt, de a reduce la minimum manipularea manual\u0103 a pieselor, urm\u0103rind pe c\u00e2t posibil un flux automat, deci continuu, de prelucrare \u0219i, prin urmare, o eficien\u021b\u0103 c\u00e2t mai mare.<br \/>\nSistemele de manipulare industrial\u0103 produse de Futura Woodmac ac\u021bioneaz\u0103 \u00een acest scop prin intermediul transportoarelor cu role (cu role, curele \u0219i\/sau band\u0103 transportoare), u\u0219or de manevrat \u0219i cu o structur\u0103 robust\u0103 din o\u021bel electrosudat, personalizate cu un design 3D ad-hoc de c\u0103tre departamentul nostru tehnic, asigur\u00e2nd integrarea maxim\u0103 \u0219i automat\u0103 a proceselor de prelucrare \u0219i a instala\u021biilor implicate.<br \/>\n\u00cen plus fa\u021b\u0103 de efectul de cre\u0219tere semnificativ\u0103 a productivit\u0103\u021bii reale, at\u00e2t integritatea materialelor transportate, c\u00e2t \u0219i siguran\u021ba operatorilor implica\u021bi sunt mai bine protejate<\/p>\n<\/div><\/section><\/div>\n<div class=\"flex_column av_one_third  flex_column_div av-zero-column-padding first  avia-builder-el-3  el_after_av_one_full  el_before_av_one_third  column-top-margin\" style='border-radius:0px; '><p><div  class='avia-image-container  av-styling-    avia-builder-el-4  el_before_av_textblock  avia-builder-el-first  avia-align-center '  itemprop=\"image\" itemscope=\"itemscope\" itemtype=\"https:\/\/schema.org\/ImageObject\"  ><div class='avia-image-container-inner'><div class='avia-image-overlay-wrap'><a href='\/ro\/masini-lemn\/transportor-returnare-pieselor-plachat-muchii-bumerang-s1\/' class='avia_image'  ><img class='avia_image ' src='https:\/\/www.futura-woodmac.com\/wp-content\/uploads\/futura-woodmac-bumerang-s1-rulliera-ritorno-pezzi-g-generale-2210.jpg' alt='' title='Rulliera ritorno pezzi bordatrice Bumerang S1, Futura Woodmac'  itemprop=\"thumbnailUrl\"  \/><\/a><\/div><\/div><\/div><br \/>\n<section class=\"av_textblock_section \"  itemscope=\"itemscope\" itemtype=\"https:\/\/schema.org\/CreativeWork\" ><div class='avia_textblock  '   itemprop=\"text\" ><h3 style=\"color: #c70039;\"><a href=\"\/ro\/masini-lemn\/transportor-returnare-pieselor-plachat-muchii-bumerang-s1\/\">BUMERANG S1<\/a><\/h3>\n<h6>Pentru t\u00e2mpl\u0103rie \u0219i industria lemnului<\/h6>\n<p>Transportator cu role de returnare a pieselor de la ma\u0219ina de placat muchii.<\/p>\n<\/div><\/section><\/p><\/div><div class=\"flex_column av_one_third  flex_column_div av-zero-column-padding   avia-builder-el-6  el_after_av_one_third  el_before_av_section  avia-builder-el-last  column-top-margin\" style='border-radius:0px; '><p><div  class='avia-image-container  av-styling-    avia-builder-el-7  el_before_av_textblock  avia-builder-el-first  avia-align-center '  itemprop=\"image\" itemscope=\"itemscope\" itemtype=\"https:\/\/schema.org\/ImageObject\"  ><div class='avia-image-container-inner'><div class='avia-image-overlay-wrap'><img class='avia_image' src='https:\/\/www.futura-woodmac.com\/wp-content\/uploads\/futura-woodmac-automazioni-super-program-g-generale-2345.jpg' alt='' title='Rulliera in uscita per scorniciatrice, Futura Woodmac' height=\"200\" width=\"300\"  itemprop=\"thumbnailUrl\"  \/><\/div><\/div><\/div><br \/>\n<section class=\"av_textblock_section \"  itemscope=\"itemscope\" itemtype=\"https:\/\/schema.org\/CreativeWork\" ><div class='avia_textblock  '   itemprop=\"text\" ><h3 style=\"color: #c70039;\">AUTOMATIZ\u0102RI PERSONALIZATE<\/h3>\n<h6>Pentru t\u00e2mpl\u0103rie \u0219i industria lemnului<\/h6>\n<p>Transportoare cu role de evacuare pentru ma\u0219ina de prelucrare pe patru fe\u021be.<\/p>\n<\/div><\/section><\/p><\/div><\/p>\n<\/div><\/div><\/div><!-- close content main div --><\/div><\/div><div id='av_section_1'  class='avia-section alternate_color avia-section-large avia-shadow  avia-bg-style-scroll  avia-builder-el-9  el_after_av_one_third  el_before_av_section   container_wrap sidebar_right' style=' '  ><div class='container' ><div class='template-page content  av-content-small alpha units'><div class='post-entry post-entry-type-page post-entry-11790'><div class='entry-content-wrapper clearfix'>\n<div class=\"flex_column av_one_third  flex_column_div first  avia-builder-el-10  el_before_av_two_third  avia-builder-el-first  \" ><section class=\"av_textblock_section \"  itemscope=\"itemscope\" itemtype=\"https:\/\/schema.org\/CreativeWork\" ><div class='avia_textblock  '   itemprop=\"text\" ><h2 style=\"text-align: right;\">Sisteme<br \/>\nde manipulare<br \/>\nFutura Woodmac<\/h2>\n<\/div><\/section><br \/>\n<div   class='hr hr-short hr-right   avia-builder-el-12  el_after_av_textblock  el_before_av_textblock '><span class='hr-inner ' ><span class='hr-inner-style'><\/span><\/span><\/div><br \/>\n<section class=\"av_textblock_section \"  itemscope=\"itemscope\" itemtype=\"https:\/\/schema.org\/CreativeWork\" ><div class='avia_textblock  '   itemprop=\"text\" ><p style=\"text-align: right;\">Din 1984, nu numai ma\u0219ini<br \/>\npentru prelucrarea lemnului,<br \/>\nci solu\u021bii reale \u0219i valoare nou\u0103.<br \/>\nDeservirea partenerilor \u0219i clien\u021bilor,<br \/>\nla nivel mondial.<\/p>\n<p style=\"text-align: right;\">Echip\u0103 competent\u0103 \u0219i multilingv\u0103,<br \/>\norientat\u0103 c\u0103tre rezultate concrete.<\/p>\n<\/div><\/section><\/p><\/div><div class=\"flex_column av_two_third  flex_column_div av-zero-column-padding   avia-builder-el-14  el_after_av_one_third  el_before_av_one_full  \" style='border-radius:0px; '><div  class='avia-image-container  av-styling-    avia-builder-el-15  avia-builder-el-no-sibling  avia-align-center '  itemprop=\"image\" itemscope=\"itemscope\" itemtype=\"https:\/\/schema.org\/ImageObject\"  ><div class='avia-image-container-inner'><div class='avia-image-overlay-wrap'><img class='avia_image' src='https:\/\/www.futura-woodmac.com\/wp-content\/uploads\/futura-woodmac-azienda-produzione-macchine-lavorazione-legno-n-team-0048.jpg' alt='' title='Futura Woodmac: Azienda Macchine Lavorazione Legno' height=\"345\" width=\"600\"  itemprop=\"thumbnailUrl\"  \/><\/div><\/div><\/div><\/div><div class=\"flex_column av_one_full  flex_column_div av-zero-column-padding first  avia-builder-el-16  el_after_av_two_third  avia-builder-el-last  column-top-margin\" style='border-radius:0px; '><div   class='av_promobox  avia-button-yes   avia-builder-el-17  avia-builder-el-no-sibling '>\t\t<div class='avia-promocontent'><\/p>\n<p style=\"text-align: left;\">Drumul nostru c\u0103tre eficien\u021b\u0103:<br \/>\nascultare, interpretare, proiectare, testare, personalizare, rezolvare.<\/p>\n<p>\n<\/div><div  class='avia-button-wrap avia-button-right ' ><a href='\/ro\/contacte\/'  class='avia-button   avia-icon_select-yes-left-icon avia-color-theme-color avia-size-large avia-position-right '   ><span class='avia_button_icon avia_button_icon_left ' aria-hidden='true' data-av_icon='\ue80b' data-av_iconfont='entypo-fontello'><\/span><span class='avia_iconbox_title' >SOLICITARE DE INFORMA\u021aII<\/span><\/a><\/div><\/div><\/div><\/div><\/div><\/div><!-- close content main div --><\/div><\/div><div id='av_section_2'  class='avia-section alternate_color avia-section-large avia-no-border-styling  avia-bg-style-scroll  avia-builder-el-18  el_after_av_section  avia-builder-el-last   container_wrap sidebar_right' style=' '  ><div class='container' ><div class='template-page content  av-content-small alpha units'><div class='post-entry post-entry-type-page post-entry-11790'><div class='entry-content-wrapper clearfix'>\n<div  class='av-social-sharing-box  avia-builder-el-19  avia-builder-el-no-sibling  '><div class='av-share-box'><ul class='av-share-box-list noLightbox'><li class='av-share-link av-social-link-facebook' ><a target=\"_blank\" aria-label=\"Share on Facebook\" href='https:\/\/www.facebook.com\/sharer.php?u=https:\/\/www.futura-woodmac.com\/ro\/sisteme-manipulare-industriala-lemn\/&#038;t=Sisteme%20de%20manipulare' aria-hidden='false' data-av_icon='\ue8f3' data-av_iconfont='entypo-fontello' title='' data-avia-related-tooltip='Share on Facebook' rel=\"noopener\"><span class='avia_hidden_link_text'>Share on Facebook<\/span><\/a><\/li><li class='av-share-link av-social-link-twitter' ><a target=\"_blank\" aria-label=\"Share on Twitter\" href='https:\/\/twitter.com\/share?text=Sisteme%20de%20manipulare&#038;url=https:\/\/www.futura-woodmac.com\/ro\/?p=11790' aria-hidden='false' data-av_icon='\ue8f1' data-av_iconfont='entypo-fontello' title='' data-avia-related-tooltip='Share on Twitter' rel=\"noopener\"><span class='avia_hidden_link_text'>Share on Twitter<\/span><\/a><\/li><li class='av-share-link av-social-link-whatsapp' ><a target=\"_blank\" aria-label=\"Share on WhatsApp\" href='https:\/\/api.whatsapp.com\/send?text=https:\/\/www.futura-woodmac.com\/ro\/sisteme-manipulare-industriala-lemn\/' aria-hidden='false' data-av_icon='\uf232' data-av_iconfont='entypo-fontello' title='' data-avia-related-tooltip='Share on WhatsApp' rel=\"noopener\"><span class='avia_hidden_link_text'>Share on WhatsApp<\/span><\/a><\/li><li class='av-share-link av-social-link-pinterest' ><a target=\"_blank\" aria-label=\"Share on Pinterest\" href='https:\/\/pinterest.com\/pin\/create\/button\/?url=https%3A%2F%2Fwww.futura-woodmac.com%2Fro%2Fsisteme-manipulare-industriala-lemn%2F&#038;description=Sisteme%20de%20manipulare&#038;media=' aria-hidden='false' data-av_icon='\ue8f8' data-av_iconfont='entypo-fontello' title='' data-avia-related-tooltip='Share on Pinterest' rel=\"noopener\"><span class='avia_hidden_link_text'>Share on Pinterest<\/span><\/a><\/li><li class='av-share-link av-social-link-linkedin' ><a target=\"_blank\" aria-label=\"Share on LinkedIn\" href='https:\/\/linkedin.com\/shareArticle?mini=true&#038;title=Sisteme%20de%20manipulare&#038;url=https:\/\/www.futura-woodmac.com\/ro\/sisteme-manipulare-industriala-lemn\/' aria-hidden='false' data-av_icon='\ue8fc' data-av_iconfont='entypo-fontello' title='' data-avia-related-tooltip='Share on LinkedIn' rel=\"noopener\"><span class='avia_hidden_link_text'>Share on LinkedIn<\/span><\/a><\/li><li class='av-share-link av-social-link-tumblr' ><a target=\"_blank\" aria-label=\"Share on Tumblr\" href='https:\/\/www.tumblr.com\/share\/link?url=https%3A%2F%2Fwww.futura-woodmac.com%2Fro%2Fsisteme-manipulare-industriala-lemn%2F&#038;name=Sisteme%20de%20manipulare&#038;description=' aria-hidden='false' data-av_icon='\ue8fa' data-av_iconfont='entypo-fontello' title='' data-avia-related-tooltip='Share on Tumblr' rel=\"noopener\"><span class='avia_hidden_link_text'>Share on Tumblr<\/span><\/a><\/li><li class='av-share-link av-social-link-vk' ><a target=\"_blank\" aria-label=\"Share on Vk\" href='https:\/\/vk.com\/share.php?url=https:\/\/www.futura-woodmac.com\/ro\/sisteme-manipulare-industriala-lemn\/' aria-hidden='false' data-av_icon='\ue926' data-av_iconfont='entypo-fontello' title='' data-avia-related-tooltip='Share on Vk' rel=\"noopener\"><span class='avia_hidden_link_text'>Share on Vk<\/span><\/a><\/li><li class='av-share-link av-social-link-reddit' ><a target=\"_blank\" aria-label=\"Share on Reddit\" href='https:\/\/reddit.com\/submit?url=https:\/\/www.futura-woodmac.com\/ro\/sisteme-manipulare-industriala-lemn\/&#038;title=Sisteme%20de%20manipulare' aria-hidden='false' data-av_icon='\ue927' data-av_iconfont='entypo-fontello' title='' data-avia-related-tooltip='Share on Reddit' rel=\"noopener\"><span class='avia_hidden_link_text'>Share on Reddit<\/span><\/a><\/li><li class='av-share-link av-social-link-mail' ><a  aria-label=\"Share by Mail\" href='mailto:?subject=Sisteme%20de%20manipulare&#038;body=https:\/\/www.futura-woodmac.com\/ro\/sisteme-manipulare-industriala-lemn\/' aria-hidden='false' data-av_icon='\ue805' data-av_iconfont='entypo-fontello' title='' data-avia-related-tooltip='Share by Mail'><span class='avia_hidden_link_text'>Share by Mail<\/span><\/a><\/li><\/ul><\/div><\/div>\n<\/div><\/div><\/div><!-- close content main div --><\/div><\/div><div id='after_section_2'  class='main_color av_default_container_wrap container_wrap sidebar_right' style=' '  ><div class='container' ><div class='template-page content  av-content-small alpha units'><div class='post-entry post-entry-type-page post-entry-11790'><div class='entry-content-wrapper clearfix'><\/p>\n","protected":false},"excerpt":{"rendered":"","protected":false},"author":1,"featured_media":0,"parent":0,"menu_order":0,"comment_status":"closed","ping_status":"closed","template":"","meta":[],"yoast_head":"<!-- This site is optimized with the Yoast SEO plugin v19.3 - https:\/\/yoast.com\/wordpress\/plugins\/seo\/ -->\n<title>Sisteme de manipulare industrial\u0103: Futura Woodmac<\/title>\n<meta name=\"description\" content=\"Sisteme automatizate de manipulare industrial\u0103, Futura Woodmac: sisteme de transport \u0219i automatizare intern\u0103, pentru panouri din lemn \u0219i alte materiale.\" \/>\n<meta name=\"robots\" content=\"index, follow, max-snippet:-1, max-image-preview:large, max-video-preview:-1\" \/>\n<link rel=\"canonical\" href=\"https:\/\/www.futura-woodmac.com\/ro\/sisteme-manipulare-industriala-lemn\/\" \/>\n<meta property=\"og:locale\" content=\"ro_RO\" \/>\n<meta property=\"og:type\" content=\"article\" \/>\n<meta property=\"og:title\" content=\"Sisteme de manipulare industrial\u0103: Futura Woodmac\" \/>\n<meta property=\"og:description\" content=\"Sisteme automatizate de manipulare industrial\u0103, Futura Woodmac: sisteme de transport \u0219i automatizare intern\u0103, pentru panouri din lemn \u0219i alte materiale.\" \/>\n<meta property=\"og:url\" content=\"https:\/\/www.futura-woodmac.com\/ro\/sisteme-manipulare-industriala-lemn\/\" \/>\n<meta property=\"og:site_name\" content=\"Futura Woodmac - Macchine Lavorazione Legno\" \/>\n<meta property=\"article:modified_time\" content=\"2024-11-06T13:55:48+00:00\" \/>\n<meta property=\"og:image\" content=\"https:\/\/www.futura-woodmac.com\/wp-content\/uploads\/futura-woodmac-macchine-lavorazione-legno-logo.png\" \/>\n\t<meta property=\"og:image:width\" content=\"340\" \/>\n\t<meta property=\"og:image:height\" content=\"156\" \/>\n\t<meta property=\"og:image:type\" content=\"image\/png\" \/>\n<meta name=\"twitter:card\" content=\"summary_large_image\" \/>\n<script type=\"application\/ld+json\" class=\"yoast-schema-graph\">{\"@context\":\"https:\/\/schema.org\",\"@graph\":[{\"@type\":\"Organization\",\"@id\":\"https:\/\/www.futura-woodmac.com\/ro\/#organization\",\"name\":\"Futura Woodmac\",\"url\":\"https:\/\/www.futura-woodmac.com\/ro\/\",\"sameAs\":[\"https:\/\/www.linkedin.com\/company\/metalstar-2000-srl\/\",\"https:\/\/www.youtube.com\/channel\/UCXW0vvohCqNIhxCJ1xUcZTQ\"],\"logo\":{\"@type\":\"ImageObject\",\"inLanguage\":\"ro-RO\",\"@id\":\"https:\/\/www.futura-woodmac.com\/ro\/#\/schema\/logo\/image\/\",\"url\":\"https:\/\/www.futura-woodmac.com\/wp-content\/uploads\/futura-woodmac-macchine-lavorazione-legno-logo.png\",\"contentUrl\":\"https:\/\/www.futura-woodmac.com\/wp-content\/uploads\/futura-woodmac-macchine-lavorazione-legno-logo.png\",\"width\":340,\"height\":156,\"caption\":\"Futura Woodmac\"},\"image\":{\"@id\":\"https:\/\/www.futura-woodmac.com\/ro\/#\/schema\/logo\/image\/\"}},{\"@type\":\"WebSite\",\"@id\":\"https:\/\/www.futura-woodmac.com\/ro\/#website\",\"url\":\"https:\/\/www.futura-woodmac.com\/ro\/\",\"name\":\"Futura Woodmac - Macchine Lavorazione Legno\",\"description\":\"Produzione macchine per falegnameria e lavorazione industriale del legno\",\"publisher\":{\"@id\":\"https:\/\/www.futura-woodmac.com\/ro\/#organization\"},\"potentialAction\":[{\"@type\":\"SearchAction\",\"target\":{\"@type\":\"EntryPoint\",\"urlTemplate\":\"https:\/\/www.futura-woodmac.com\/ro\/?s={search_term_string}\"},\"query-input\":\"required name=search_term_string\"}],\"inLanguage\":\"ro-RO\"},{\"@type\":\"WebPage\",\"@id\":\"https:\/\/www.futura-woodmac.com\/ro\/sisteme-manipulare-industriala-lemn\/\",\"url\":\"https:\/\/www.futura-woodmac.com\/ro\/sisteme-manipulare-industriala-lemn\/\",\"name\":\"Sisteme de manipulare industrial\u0103: Futura Woodmac\",\"isPartOf\":{\"@id\":\"https:\/\/www.futura-woodmac.com\/ro\/#website\"},\"datePublished\":\"2024-11-02T14:21:43+00:00\",\"dateModified\":\"2024-11-06T13:55:48+00:00\",\"description\":\"Sisteme automatizate de manipulare industrial\u0103, Futura Woodmac: sisteme de transport \u0219i automatizare intern\u0103, pentru panouri din lemn \u0219i alte materiale.\",\"breadcrumb\":{\"@id\":\"https:\/\/www.futura-woodmac.com\/ro\/sisteme-manipulare-industriala-lemn\/#breadcrumb\"},\"inLanguage\":\"ro-RO\",\"potentialAction\":[{\"@type\":\"ReadAction\",\"target\":[\"https:\/\/www.futura-woodmac.com\/ro\/sisteme-manipulare-industriala-lemn\/\"]}]},{\"@type\":\"BreadcrumbList\",\"@id\":\"https:\/\/www.futura-woodmac.com\/ro\/sisteme-manipulare-industriala-lemn\/#breadcrumb\",\"itemListElement\":[{\"@type\":\"ListItem\",\"position\":1,\"name\":\"Home\",\"item\":\"https:\/\/www.futura-woodmac.com\/ro\/homepage\/\"},{\"@type\":\"ListItem\",\"position\":2,\"name\":\"Sisteme de manipulare\"}]}]}<\/script>\n<!-- \/ Yoast SEO plugin. -->","yoast_head_json":{"title":"Sisteme de manipulare industrial\u0103: Futura Woodmac","description":"Sisteme automatizate de manipulare industrial\u0103, Futura Woodmac: sisteme de transport \u0219i automatizare intern\u0103, pentru panouri din lemn \u0219i alte materiale.","robots":{"index":"index","follow":"follow","max-snippet":"max-snippet:-1","max-image-preview":"max-image-preview:large","max-video-preview":"max-video-preview:-1"},"canonical":"https:\/\/www.futura-woodmac.com\/ro\/sisteme-manipulare-industriala-lemn\/","og_locale":"ro_RO","og_type":"article","og_title":"Sisteme de manipulare industrial\u0103: Futura Woodmac","og_description":"Sisteme automatizate de manipulare industrial\u0103, Futura Woodmac: sisteme de transport \u0219i automatizare intern\u0103, pentru panouri din lemn \u0219i alte materiale.","og_url":"https:\/\/www.futura-woodmac.com\/ro\/sisteme-manipulare-industriala-lemn\/","og_site_name":"Futura Woodmac - Macchine Lavorazione Legno","article_modified_time":"2024-11-06T13:55:48+00:00","og_image":[{"width":340,"height":156,"url":"https:\/\/www.futura-woodmac.com\/wp-content\/uploads\/futura-woodmac-macchine-lavorazione-legno-logo.png","type":"image\/png"}],"twitter_card":"summary_large_image","schema":{"@context":"https:\/\/schema.org","@graph":[{"@type":"Organization","@id":"https:\/\/www.futura-woodmac.com\/ro\/#organization","name":"Futura Woodmac","url":"https:\/\/www.futura-woodmac.com\/ro\/","sameAs":["https:\/\/www.linkedin.com\/company\/metalstar-2000-srl\/","https:\/\/www.youtube.com\/channel\/UCXW0vvohCqNIhxCJ1xUcZTQ"],"logo":{"@type":"ImageObject","inLanguage":"ro-RO","@id":"https:\/\/www.futura-woodmac.com\/ro\/#\/schema\/logo\/image\/","url":"https:\/\/www.futura-woodmac.com\/wp-content\/uploads\/futura-woodmac-macchine-lavorazione-legno-logo.png","contentUrl":"https:\/\/www.futura-woodmac.com\/wp-content\/uploads\/futura-woodmac-macchine-lavorazione-legno-logo.png","width":340,"height":156,"caption":"Futura Woodmac"},"image":{"@id":"https:\/\/www.futura-woodmac.com\/ro\/#\/schema\/logo\/image\/"}},{"@type":"WebSite","@id":"https:\/\/www.futura-woodmac.com\/ro\/#website","url":"https:\/\/www.futura-woodmac.com\/ro\/","name":"Futura Woodmac - Macchine Lavorazione Legno","description":"Produzione macchine per falegnameria e lavorazione industriale del legno","publisher":{"@id":"https:\/\/www.futura-woodmac.com\/ro\/#organization"},"potentialAction":[{"@type":"SearchAction","target":{"@type":"EntryPoint","urlTemplate":"https:\/\/www.futura-woodmac.com\/ro\/?s={search_term_string}"},"query-input":"required name=search_term_string"}],"inLanguage":"ro-RO"},{"@type":"WebPage","@id":"https:\/\/www.futura-woodmac.com\/ro\/sisteme-manipulare-industriala-lemn\/","url":"https:\/\/www.futura-woodmac.com\/ro\/sisteme-manipulare-industriala-lemn\/","name":"Sisteme de manipulare industrial\u0103: Futura Woodmac","isPartOf":{"@id":"https:\/\/www.futura-woodmac.com\/ro\/#website"},"datePublished":"2024-11-02T14:21:43+00:00","dateModified":"2024-11-06T13:55:48+00:00","description":"Sisteme automatizate de manipulare industrial\u0103, Futura Woodmac: sisteme de transport \u0219i automatizare intern\u0103, pentru panouri din lemn \u0219i alte materiale.","breadcrumb":{"@id":"https:\/\/www.futura-woodmac.com\/ro\/sisteme-manipulare-industriala-lemn\/#breadcrumb"},"inLanguage":"ro-RO","potentialAction":[{"@type":"ReadAction","target":["https:\/\/www.futura-woodmac.com\/ro\/sisteme-manipulare-industriala-lemn\/"]}]},{"@type":"BreadcrumbList","@id":"https:\/\/www.futura-woodmac.com\/ro\/sisteme-manipulare-industriala-lemn\/#breadcrumb","itemListElement":[{"@type":"ListItem","position":1,"name":"Home","item":"https:\/\/www.futura-woodmac.com\/ro\/homepage\/"},{"@type":"ListItem","position":2,"name":"Sisteme de manipulare"}]}]}},"_links":{"self":[{"href":"https:\/\/www.futura-woodmac.com\/ro\/wp-json\/wp\/v2\/pages\/11790"}],"collection":[{"href":"https:\/\/www.futura-woodmac.com\/ro\/wp-json\/wp\/v2\/pages"}],"about":[{"href":"https:\/\/www.futura-woodmac.com\/ro\/wp-json\/wp\/v2\/types\/page"}],"author":[{"embeddable":true,"href":"https:\/\/www.futura-woodmac.com\/ro\/wp-json\/wp\/v2\/users\/1"}],"replies":[{"embeddable":true,"href":"https:\/\/www.futura-woodmac.com\/ro\/wp-json\/wp\/v2\/comments?post=11790"}],"version-history":[{"count":6,"href":"https:\/\/www.futura-woodmac.com\/ro\/wp-json\/wp\/v2\/pages\/11790\/revisions"}],"predecessor-version":[{"id":12376,"href":"https:\/\/www.futura-woodmac.com\/ro\/wp-json\/wp\/v2\/pages\/11790\/revisions\/12376"}],"wp:attachment":[{"href":"https:\/\/www.futura-woodmac.com\/ro\/wp-json\/wp\/v2\/media?parent=11790"}],"curies":[{"name":"wp","href":"https:\/\/api.w.org\/{rel}","templated":true}]}}